{"id":282,"date":"2019-02-28T21:00:17","date_gmt":"2019-02-28T20:00:17","guid":{"rendered":"http:\/\/lapparanfr.enseignes-montpellier.com\/home\/"},"modified":"2023-02-28T15:52:16","modified_gmt":"2023-02-28T14:52:16","slug":"accueil","status":"publish","type":"page","link":"https:\/\/lapparan.fr\/en\/","title":{"rendered":"Home"},"content":{"rendered":"<h5>Welcome to the House of Lapparan<\/h5><h1>Charming gites and guest rooms<\/h1>\t\t\t\n\t\t\t\t<p>Near Montpellier, between beach and scrubland, discover our gites and guest rooms that can accommodate from 2 to 17 people.<\/p>\n\t\t\t\t\t\t<a href=\"https:\/\/lapparan.fr\/en\/le-gite-pour-4-a-5-personnes\/\" target=\"_self\" rel=\"noopener\">\n\t\t\t\t\t\t\t\t\t\t\t\t<img decoding=\"async\" src=\"https:\/\/lapparan.fr\/wp-content\/uploads\/2021\/02\/gite-4-personnes-3.jpg\" alt=\"Lodging for 4 to 5 people\" \/>\n\t\t\t\t\t\t\t\t<h3>Lodging for 4 to 5 people<\/h3>\n\t\t\t\t\t\t\t\t\t<p>Ground floor of a stone house, for 4 to 5 people<\/p>\n\t\t\t\t\t\t\t\t\t\t<\/a>\n\t\t\t\t\t\t<a href=\"https:\/\/lapparan.fr\/en\/le-gite-jusqua-17-personnes\/\" target=\"_self\" rel=\"noopener\">\n\t\t\t\t\t\t\t\t\t\t\t\t<img decoding=\"async\" src=\"https:\/\/lapparan.fr\/wp-content\/uploads\/2021\/02\/gite-18-personnes.jpg\" alt=\"Lodging for up to 17 people\" \/>\n\t\t\t\t\t\t\t\t<h3>G\u00eete for up to 17 people<\/h3>\n\t\t\t\t\t\t\t\t\t<p>Pretty stone house with 2 independent apartments for 17 people maximum (including at least 2 children).<\/p>\n\t\t\t\t\t\t\t\t\t\t<\/a>\n\t\t\t\t\t\t<a href=\"https:\/\/lapparan.fr\/en\/le-gite-pour-6-a-12-personnes\/\" target=\"_self\" rel=\"noopener\">\n\t\t\t\t\t\t\t\t\t\t\t\t<img decoding=\"async\" src=\"https:\/\/lapparan.fr\/wp-content\/uploads\/2021\/02\/gite-6-personnes.jpg\" alt=\"Lodging for 6 to 12 people\" \/>\n\t\t\t\t\t\t\t\t<h3>Lodging for 6 to 12 people<\/h3>\n\t\t\t\t\t\t\t\t\t<p>First and second floors of a stone house for 6 to 12 people (including at least 2 children)<\/p>\n\t\t\t\t\t\t\t\t\t\t<\/a>\n\t\t\t\t\t\t<a href=\"https:\/\/lapparan.fr\/en\/nos-chambres-d-hotes\/\" target=\"_self\" rel=\"noopener\">\n\t\t\t\t\t\t\t\t\t\t\t\t<img decoding=\"async\" src=\"https:\/\/lapparan.fr\/wp-content\/uploads\/2021\/02\/chambre-hote.jpg\" alt=\"Charming Bed and Breakfast\" \/>\n\t\t\t\t\t\t\t\t<h3>Charming guest house<\/h3>\n\t\t\t\t\t\t\t\t\t<p>3 guest rooms for 2 to 6 people.<\/p>\n\t\t\t\t\t\t\t\t\t\t<\/a>\n\t\t\t<h2>Welcome to your home<\/h2>\t\t\t\n\t\t\t\t<p>We welcome you all year round in our typical Languedoc village house. From 2 to 17 persons, we will propose you the best formula to lodge you and all the advices to discover our beautiful region.<\/p>\n<p>With family, friends or on holiday, there is something for everyone.<\/p>\n<p>Animals are welcome.<\/p>\n<p>Since 2008, many things have been improved thanks to your comments.<\/p>\n<p>Passionate about photography and decoration, I like to go to flea markets and restore old furniture. I wanted to keep all the traces of the past, the horse feeder in the blue room, the engraved stones in the kitchen, the old wine cellar in the vaulted room...<\/p>\n<p>I am sure you will feel at home at Lapparan House and enjoy the special atmosphere of each room.\u00a0<\/p>\n<p>Laurence.<\/p>\n\t\t\t\t<img decoding=\"async\" src=\"http:\/\/lapparan.frwp-content\/uploads\/2021\/02\/decorum-haut.png\" alt=\"decorum-top\" itemprop=\"image\" title=\"decorum-top\" onerror=\"this.style.display='none'\"  \/>\n\t\t\t\t<img decoding=\"async\" src=\"http:\/\/lapparan.frwp-content\/uploads\/2021\/03\/laurence-home.jpg\" alt=\"laurence-home\" itemprop=\"image\" title=\"laurence-home\" onerror=\"this.style.display='none'\"  \/>\n\t\t\t\t<img decoding=\"async\" src=\"http:\/\/lapparan.frwp-content\/uploads\/2021\/02\/decorum-bas.png\" alt=\"decorum-bas\" itemprop=\"image\" title=\"decorum-bas\" onerror=\"this.style.display='none'\"  \/>\n\t\t\t<h5>Testimonials from our guests<\/h5><h1>Guestbook<\/h1>\t\t\t\n\t\t\t\t<img decoding=\"async\" src=\"http:\/\/lapparan.frwp-content\/uploads\/2021\/02\/plume.png\" alt=\"pen\" itemprop=\"image\" title=\"pen\" onerror=\"this.style.display='none'\"  \/>\n\t\t\t<a href=\"https:\/\/lapparan.fr\/en\/livre-d-or\/\" target=\"_self\" role=\"button\" rel=\"noopener\">\n\t\t\t\t\t\t\tRead the testimonials of our guests\n\t\t<\/a>\n\t\t\t<h5>Contact us<\/h5><h2>Book your stay<\/h2>\t\t\t\n\t\t\t\t<p>Do not hesitate to contact us, we will answer you quickly.<\/p>\n\t<h4>\n\t\t\t\tPhone\n\t\t\t<\/h4>\n\t\t<p><a href=\"tel:+33686515650\">+33 6 86 51 56 50<\/a><br \/>Every day from 9am to 10pm<\/p>\t\n\t<h4>\n\t\t\t\tMail\n\t\t\t<\/h4>\n\t\t<p><a href=\"mailto:locazin@dbmail.com\" target=\"_blank\" rel=\"noopener\">locazin@dbmail.com<\/a><\/p>\t\n\t<h4>\n\t\t\t\tAddress\n\t\t\t<\/h4>\n\t\t<p><a href=\"https:\/\/www.google.fr\/maps\/place\/22+Rue+du+Ctre,+34160+Saint-Dr%C3%A9z%C3%A9ry\/@43.7333877,3.9800163,17z\/data=!3m1!4b1!4m5!3m4!1s0x12b41de486699207:0xd67674be96e84b28!8m2!3d43.7333877!4d3.982205\" target=\"_blank\" rel=\"noopener\">22 rue du Centre<\/a><br \/><a href=\"\/en\/_wp_link_placeholder\/\">34160 Saint-Dr\u00e9z\u00e9ry<\/a><\/p>\t\n\t\t\t<a href=\"https:\/\/lapparan.fr\/en\/contact\/\" target=\"_self\" role=\"button\" rel=\"noopener\">\n\t\t\t\t\t\t\tSend us a message\n\t\t<\/a>","protected":false},"excerpt":{"rendered":"<p>Bienvenue \u00e0 la Maison de Lapparan G\u00eetes et chambres d&rsquo;h\u00f4tes de charme Proches de Montpellier, entre plage et garrigue, d\u00e9couvrez nos g\u00eetes et chambres d&rsquo;h\u00f4tes pouvant accueillir de 2 \u00e0 17 personnes. G\u00eete pour 4 \u00e0 5 personnes Rez-de-chauss\u00e9e d&rsquo;une maison en pierre, pour 4 \u00e0 5 personnes G\u00eete jusqu&rsquo;\u00e0 17 personnes Jolie maison en [&hellip;]<\/p>","protected":false},"author":2,"featured_media":0,"parent":0,"menu_order":0,"comment_status":"closed","ping_status":"closed","template":"","meta":{"_seopress_robots_primary_cat":"","_seopress_titles_title":"","_seopress_titles_desc":"","_seopress_robots_index":"","inline_featured_image":false,"site-sidebar-layout":"no-sidebar","site-content-layout":"page-builder","ast-site-content-layout":"default","site-content-style":"default","site-sidebar-style":"default","ast-global-header-display":"","ast-banner-title-visibility":"","ast-main-header-display":"","ast-hfb-above-header-display":"","ast-hfb-below-header-display":"","ast-hfb-mobile-header-display":"","site-post-title":"disabled","ast-breadcrumbs-content":"","ast-featured-img":"disabled","footer-sml-layout":"","ast-disable-related-posts":"","theme-transparent-header-meta":"disabled","adv-header-id-meta":"","stick-header-meta":"default","header-above-stick-meta":"","header-main-stick-meta":"","header-below-stick-meta":"","astra-migrate-meta-layouts":"default","ast-page-background-enabled":"default","ast-page-background-meta":{"desktop":{"background-color":"","background-image":"","background-repeat":"repeat","background-position":"center center","background-size":"auto","background-attachment":"scroll","background-type":"","background-media":"","overlay-type":"","overlay-color":"","overlay-opacity":"","overlay-gradient":""},"tablet":{"background-color":"","background-image":"","background-repeat":"repeat","background-position":"center center","background-size":"auto","background-attachment":"scroll","background-type":"","background-media":"","overlay-type":"","overlay-color":"","overlay-opacity":"","overlay-gradient":""},"mobile":{"background-color":"","background-image":"","background-repeat":"repeat","background-position":"center center","background-size":"auto","background-attachment":"scroll","background-type":"","background-media":"","overlay-type":"","overlay-color":"","overlay-opacity":"","overlay-gradient":""}},"ast-content-background-meta":{"desktop":{"background-color":"var(--ast-global-color-5)","background-image":"","background-repeat":"repeat","background-position":"center center","background-size":"auto","background-attachment":"scroll","background-type":"","background-media":"","overlay-type":"","overlay-color":"","overlay-opacity":"","overlay-gradient":""},"tablet":{"background-color":"var(--ast-global-color-5)","background-image":"","background-repeat":"repeat","background-position":"center center","background-size":"auto","background-attachment":"scroll","background-type":"","background-media":"","overlay-type":"","overlay-color":"","overlay-opacity":"","overlay-gradient":""},"mobile":{"background-color":"var(--ast-global-color-5)","background-image":"","background-repeat":"repeat","background-position":"center center","background-size":"auto","background-attachment":"scroll","background-type":"","background-media":"","overlay-type":"","overlay-color":"","overlay-opacity":"","overlay-gradient":""}},"footnotes":""},"class_list":["post-282","page","type-page","status-publish","hentry"],"_links":{"self":[{"href":"https:\/\/lapparan.fr\/en\/wp-json\/wp\/v2\/pages\/282","targetHints":{"allow":["GET"]}}],"collection":[{"href":"https:\/\/lapparan.fr\/en\/wp-json\/wp\/v2\/pages"}],"about":[{"href":"https:\/\/lapparan.fr\/en\/wp-json\/wp\/v2\/types\/page"}],"author":[{"embeddable":true,"href":"https:\/\/lapparan.fr\/en\/wp-json\/wp\/v2\/users\/2"}],"replies":[{"embeddable":true,"href":"https:\/\/lapparan.fr\/en\/wp-json\/wp\/v2\/comments?post=282"}],"version-history":[{"count":0,"href":"https:\/\/lapparan.fr\/en\/wp-json\/wp\/v2\/pages\/282\/revisions"}],"wp:attachment":[{"href":"https:\/\/lapparan.fr\/en\/wp-json\/wp\/v2\/media?parent=282"}],"curies":[{"name":"wp","href":"https:\/\/api.w.org\/{rel}","templated":true}]}}