{"id":693,"date":"2021-03-15T13:58:19","date_gmt":"2021-03-15T12:58:19","guid":{"rendered":"http:\/\/lapparanfr.enseignes-montpellier.com\/?page_id=693"},"modified":"2021-04-18T14:47:25","modified_gmt":"2021-04-18T12:47:25","slug":"la-baignade","status":"publish","type":"page","link":"https:\/\/lapparan.fr\/en\/la-baignade\/","title":{"rendered":"Swimming"},"content":{"rendered":"<h2>The beaches<\/h2>\r\n<p>As close as possible to our gite, about 30 minutes, we advise you to <strong>the beaches of Petit or Grand travers, direction Carnon<\/strong> passing by Mauguio then direction La grande Motte. You will have access to a large parking lot and a few steps from the beach, no building, just the dunes and the beach! At some exits of the parking, you will find free showers.<\/p>\r\n<p>If you are looking for a large deserted beach, about 50 minutes away, <strong>direction le Grau du roi, the beach of l'Espiguette<\/strong>. Paid parking and a bit of a walk to get to the sea, but great spaces guaranteed!<\/p>\r\n<p>If you prefer pebble beaches, head for Frontignan, <strong>the beach of Aresquiers<\/strong> about 45 minutes away. Or Palavas, a small typical marina with its lively restaurants and casino, the opportunity to eat a good ice cream!<\/p>\r\n<h2>The river<\/h2>\r\n<p>Our favourite river spot is about 40 minutes away from the g\u00eete: <strong>St Etienne d'Issenssac<\/strong>. There are shaded areas where you can picnic by the river Herault. The only drawback is that the area is very popular, so go in the morning to get the best place! Discover the place in video and in pictures <a href=\"http:\/\/www.photos-picsaintloup.fr\/saint-etienne-d-issensac.html\">here<\/a>.<\/p>\r\n<p>Another nice place, a little further after Ganges: the Cascades de la Vis.<\/p>\r\n<p>Possibility of canoeing in St Bauzille de Putois, here are two suggestions: <a href=\"http:\/\/www.canoelemoulin.fr\/\" target=\"_blank\" rel=\"noopener\">Canoe Le Moulin <\/a>and <a href=\"https:\/\/canoepontsuspendu.com\/fr\">Canoe 34<\/a>.<\/p>\r\n<h5>Contact us<\/h5>\r\n<h2>Book your stay<\/h2>\r\n<p>Do not hesitate to contact us, we will answer you quickly.<\/p>\r\n<h4>Address<\/h4>\r\n<p>22 rue du Centre<br \/>34160 Saint-Dr\u00e9z\u00e9ry<\/p>\r\n<h4>Mail<\/h4>\r\n<p>locazin@dbmail.com<\/p>\r\n<h4>Phone<\/h4>\r\n<p>06 86 51 56 50<br \/>Every day from 9am to 10pm<\/p>\r\n<p><a role=\"button\" href=\"#\" target=\"_self\" rel=\"noopener\"> Send us a message <\/a><\/p>","protected":false},"excerpt":{"rendered":"<p>Les plages Au plus pr\u00e8s de notre g\u00eete, environ 30 minutes, nous vous conseillons les plages des Petit ou Grand travers, direction Carnon en passant par Mauguio puis direction La grande Motte. Vous acc\u00e9derez \u00e0 un grand parking et \u00e0 quelques pas de la plage, pas d&rsquo;immeuble, juste les dunes et la plage ! A [&hellip;]<\/p>","protected":false},"author":2,"featured_media":1581,"parent":0,"menu_order":0,"comment_status":"closed","ping_status":"closed","template":"","meta":{"_seopress_robots_primary_cat":"","_seopress_titles_title":"","_seopress_titles_desc":"","_seopress_robots_index":"","inline_featured_image":false,"site-sidebar-layout":"no-sidebar","site-content-layout":"page-builder","ast-site-content-layout":"default","site-content-style":"default","site-sidebar-style":"default","ast-global-header-display":"","ast-banner-title-visibility":"","ast-main-header-display":"","ast-hfb-above-header-display":"","ast-hfb-below-header-display":"","ast-hfb-mobile-header-display":"","site-post-title":"disabled","ast-breadcrumbs-content":"","ast-featured-img":"disabled","footer-sml-layout":"","ast-disable-related-posts":"","theme-transparent-header-meta":"default","adv-header-id-meta":"","stick-header-meta":"default","header-above-stick-meta":"","header-main-stick-meta":"","header-below-stick-meta":"","astra-migrate-meta-layouts":"default","ast-page-background-enabled":"default","ast-page-background-meta":{"desktop":{"background-color":"","background-image":"","background-repeat":"repeat","background-position":"center center","background-size":"auto","background-attachment":"scroll","background-type":"","background-media":"","overlay-type":"","overlay-color":"","overlay-opacity":"","overlay-gradient":""},"tablet":{"background-color":"","background-image":"","background-repeat":"repeat","background-position":"center center","background-size":"auto","background-attachment":"scroll","background-type":"","background-media":"","overlay-type":"","overlay-color":"","overlay-opacity":"","overlay-gradient":""},"mobile":{"background-color":"","background-image":"","background-repeat":"repeat","background-position":"center center","background-size":"auto","background-attachment":"scroll","background-type":"","background-media":"","overlay-type":"","overlay-color":"","overlay-opacity":"","overlay-gradient":""}},"ast-content-background-meta":{"desktop":{"background-color":"var(--ast-global-color-5)","background-image":"","background-repeat":"repeat","background-position":"center center","background-size":"auto","background-attachment":"scroll","background-type":"","background-media":"","overlay-type":"","overlay-color":"","overlay-opacity":"","overlay-gradient":""},"tablet":{"background-color":"var(--ast-global-color-5)","background-image":"","background-repeat":"repeat","background-position":"center center","background-size":"auto","background-attachment":"scroll","background-type":"","background-media":"","overlay-type":"","overlay-color":"","overlay-opacity":"","overlay-gradient":""},"mobile":{"background-color":"var(--ast-global-color-5)","background-image":"","background-repeat":"repeat","background-position":"center center","background-size":"auto","background-attachment":"scroll","background-type":"","background-media":"","overlay-type":"","overlay-color":"","overlay-opacity":"","overlay-gradient":""}},"footnotes":""},"class_list":["post-693","page","type-page","status-publish","has-post-thumbnail","hentry"],"_links":{"self":[{"href":"https:\/\/lapparan.fr\/en\/wp-json\/wp\/v2\/pages\/693","targetHints":{"allow":["GET"]}}],"collection":[{"href":"https:\/\/lapparan.fr\/en\/wp-json\/wp\/v2\/pages"}],"about":[{"href":"https:\/\/lapparan.fr\/en\/wp-json\/wp\/v2\/types\/page"}],"author":[{"embeddable":true,"href":"https:\/\/lapparan.fr\/en\/wp-json\/wp\/v2\/users\/2"}],"replies":[{"embeddable":true,"href":"https:\/\/lapparan.fr\/en\/wp-json\/wp\/v2\/comments?post=693"}],"version-history":[{"count":0,"href":"https:\/\/lapparan.fr\/en\/wp-json\/wp\/v2\/pages\/693\/revisions"}],"wp:featuredmedia":[{"embeddable":true,"href":"https:\/\/lapparan.fr\/en\/wp-json\/wp\/v2\/media\/1581"}],"wp:attachment":[{"href":"https:\/\/lapparan.fr\/en\/wp-json\/wp\/v2\/media?parent=693"}],"curies":[{"name":"wp","href":"https:\/\/api.w.org\/{rel}","templated":true}]}}