{"id":709,"date":"2021-03-15T14:22:14","date_gmt":"2021-03-15T13:22:14","guid":{"rendered":"http:\/\/lapparanfr.enseignes-montpellier.com\/?page_id=709"},"modified":"2021-04-16T18:00:55","modified_gmt":"2021-04-16T16:00:55","slug":"les-marches","status":"publish","type":"page","link":"https:\/\/lapparan.fr\/en\/les-marches\/","title":{"rendered":"The markets"},"content":{"rendered":"<h2>\n\t\tIn Saint Dr\u00e9z\u00e9ry\n\t<\/h2>\n\t<p><strong>Every Thursday morning<\/strong>A small traditional market in Saint Dr\u00e9z\u00e9ry (opposite the stadium): fruit, vegetables, rotisserie, butcher's shop, shellfish, cheese shop, plants and flowers...<\/p>\n\t\t\t\t<img decoding=\"async\" src=\"http:\/\/lapparan.frwp-content\/uploads\/2021\/03\/marche-2-1200x800-2.jpg\" alt=\"market 2 1200x800\" itemprop=\"image\" title=\"market 2 1200x800\" onerror=\"this.style.display='none'\"  \/>\n\t\t\t\t<img decoding=\"async\" src=\"http:\/\/lapparan.frwp-content\/uploads\/2021\/03\/IMG_3797.JPG-1200x800-1.jpg\" alt=\"IMG_3797.JPG 1200x800\" itemprop=\"image\" title=\"IMG_3797.JPG 1200x800\" onerror=\"this.style.display='none'\"  \/>\n\t\t\t\t<img decoding=\"async\" src=\"http:\/\/lapparan.frwp-content\/uploads\/2021\/03\/marche-1200x800-2.jpg\" alt=\"market 1200x800\" itemprop=\"image\" title=\"market 1200x800\" onerror=\"this.style.display='none'\"  \/>\n\t\t\t<h5>A few steps from the g\u00eete<\/h5><h1>The organic vegetable garden<\/h1>\t\t\t\n\t<p>A few steps from the g\u00eete, open all year round: Wednesdays, Fridays and Saturdays, a vegetable garden and organic grocery store!<\/p>\n<p>In St Bauzille de Montmel, at the entrance of the village (5 kms from the g\u00eete) you will be welcomed with a big smile at\u00a0<a href=\"https:\/\/www.facebook.com\/Le-Potager-de-Flo-Anne-431136723635795\/\" target=\"_blank\" rel=\"noopener noreferrer\">Flo and Anne<\/a>.<\/p>\n<p>They offer fresh eggs, vegetables grown on site, depending on the season, and also other vegetables from local and organic producers, of course.<\/p>\n<p>You will also find a grocery store with local products, vacuum-packed meat, preserves, wine, olive oil etc...<\/p>\n<h2>\n\t\tOther markets\n\t<\/h2>\n\t<ul>\n\t\t<li>\t\t\n\t\t\t\t<img decoding=\"async\" src=\"http:\/\/lapparan.frwp-content\/uploads\/2021\/02\/cropped-favicon.png\" alt=\"http:\/\/lapparan.frwp-content\/uploads\/2021\/02\/cropped-favicon.png\" title=\"cropped-favicon.png\" itemprop=\"image\"\/>\n\t\t<h5>Sommi\u00e8res (15 minutes from the g\u00eete)<\/h5><p>Every Saturday morning and at the same time as a flea market on the esplanade. You can get there easily by parking along the Vidourle, direction Quissac and crossing the river by the ford, you arrive directly on the very lively market, especially in summer.  You can even taste oysters with a dry white wine in a great atmosphere on the market place!<\/p><\/li><li>\t\t\n\t\t\t\t<img decoding=\"async\" src=\"http:\/\/lapparan.frwp-content\/uploads\/2021\/02\/cropped-favicon.png\" alt=\"http:\/\/lapparan.frwp-content\/uploads\/2021\/02\/cropped-favicon.png\" title=\"cropped-favicon.png\" itemprop=\"image\"\/>\n\t\t<h5>Valflaun\u00e8s (20 minutes from the g\u00eete)<\/h5><p>Sunday morning: Flo-Anne and her organic vegetable garden, as well as several local producers<\/p><\/li><li>\t\t\n\t\t\t\t<img decoding=\"async\" src=\"http:\/\/lapparan.frwp-content\/uploads\/2021\/02\/cropped-favicon.png\" alt=\"http:\/\/lapparan.frwp-content\/uploads\/2021\/02\/cropped-favicon.png\" title=\"cropped-favicon.png\" itemprop=\"image\"\/>\n\t\t<h5>Mauguio (20 minutes from the g\u00eete)<\/h5><p>\u00a0A little further on, Lunel, big markets on Sunday morning<\/p><\/li><li>\t\t\n\t\t\t\t<img decoding=\"async\" src=\"http:\/\/lapparan.frwp-content\/uploads\/2021\/02\/cropped-favicon.png\" alt=\"http:\/\/lapparan.frwp-content\/uploads\/2021\/02\/cropped-favicon.png\" title=\"cropped-favicon.png\" itemprop=\"image\"\/>\n\t\t<h5>Organic markets (5 minutes from the g\u00eete)<\/h5><p>Saturday morning and Wednesday morning in Sussargues or Sunday morning in St Jean de Cornies<\/p><\/li>\t<\/ul>\n\t\t\t<h5>Contact us<\/h5><h2>Book your stay<\/h2>\t\t\t\n\t\t\t\t<p>Do not hesitate to contact us, we will answer you quickly.<\/p>\n\t<h4>\n\t\t\t\tPhone\n\t\t\t<\/h4>\n\t\t<p><a href=\"tel:+33686515650\">+33 6 86 51 56 50<\/a><br \/>Every day from 9am to 10pm<\/p>\t\n\t<h4>\n\t\t\t\tMail\n\t\t\t<\/h4>\n\t\t\t\n\t<h4>\n\t\t\t\tAddress\n\t\t\t<\/h4>\n\t\t\t\n\t\t\t<a href=\"https:\/\/lapparan.fr\/en\/contact\/\" target=\"_self\" role=\"button\" rel=\"noopener\">\n\t\t\t\t\t\t\tSend us a message\n\t\t<\/a>","protected":false},"excerpt":{"rendered":"<p>\u00c0 Saint Dr\u00e9z\u00e9ry Tous les jeudis matin, petit march\u00e9 traditionnel \u00e0 Saint Dr\u00e9z\u00e9ry (face au stade) : Fruits, l\u00e9gumes, r\u00f4tisserie, boucherie, crustac\u00e9s, fromagerie, plantes et fleurs &#8230; A deux pas du g\u00eete Le potager bio A deux pas du g\u00eete, ouvert toute l&rsquo;ann\u00e9e : les mercredis, vendredis et samedis, un\u00a0potager et \u00e9picerie bio\u00a0! A St [&hellip;]<\/p>","protected":false},"author":2,"featured_media":711,"parent":0,"menu_order":0,"comment_status":"closed","ping_status":"closed","template":"","meta":{"_seopress_robots_primary_cat":"","_seopress_titles_title":"","_seopress_titles_desc":"","_seopress_robots_index":"","inline_featured_image":false,"site-sidebar-layout":"no-sidebar","site-content-layout":"page-builder","ast-site-content-layout":"default","site-content-style":"default","site-sidebar-style":"default","ast-global-header-display":"","ast-banner-title-visibility":"","ast-main-header-display":"","ast-hfb-above-header-display":"","ast-hfb-below-header-display":"","ast-hfb-mobile-header-display":"","site-post-title":"disabled","ast-breadcrumbs-content":"","ast-featured-img":"disabled","footer-sml-layout":"","ast-disable-related-posts":"","theme-transparent-header-meta":"default","adv-header-id-meta":"","stick-header-meta":"default","header-above-stick-meta":"","header-main-stick-meta":"","header-below-stick-meta":"","astra-migrate-meta-layouts":"default","ast-page-background-enabled":"default","ast-page-background-meta":{"desktop":{"background-color":"","background-image":"","background-repeat":"repeat","background-position":"center center","background-size":"auto","background-attachment":"scroll","background-type":"","background-media":"","overlay-type":"","overlay-color":"","overlay-opacity":"","overlay-gradient":""},"tablet":{"background-color":"","background-image":"","background-repeat":"repeat","background-position":"center center","background-size":"auto","background-attachment":"scroll","background-type":"","background-media":"","overlay-type":"","overlay-color":"","overlay-opacity":"","overlay-gradient":""},"mobile":{"background-color":"","background-image":"","background-repeat":"repeat","background-position":"center center","background-size":"auto","background-attachment":"scroll","background-type":"","background-media":"","overlay-type":"","overlay-color":"","overlay-opacity":"","overlay-gradient":""}},"ast-content-background-meta":{"desktop":{"background-color":"var(--ast-global-color-5)","background-image":"","background-repeat":"repeat","background-position":"center center","background-size":"auto","background-attachment":"scroll","background-type":"","background-media":"","overlay-type":"","overlay-color":"","overlay-opacity":"","overlay-gradient":""},"tablet":{"background-color":"var(--ast-global-color-5)","background-image":"","background-repeat":"repeat","background-position":"center center","background-size":"auto","background-attachment":"scroll","background-type":"","background-media":"","overlay-type":"","overlay-color":"","overlay-opacity":"","overlay-gradient":""},"mobile":{"background-color":"var(--ast-global-color-5)","background-image":"","background-repeat":"repeat","background-position":"center center","background-size":"auto","background-attachment":"scroll","background-type":"","background-media":"","overlay-type":"","overlay-color":"","overlay-opacity":"","overlay-gradient":""}},"footnotes":""},"class_list":["post-709","page","type-page","status-publish","has-post-thumbnail","hentry"],"_links":{"self":[{"href":"https:\/\/lapparan.fr\/en\/wp-json\/wp\/v2\/pages\/709","targetHints":{"allow":["GET"]}}],"collection":[{"href":"https:\/\/lapparan.fr\/en\/wp-json\/wp\/v2\/pages"}],"about":[{"href":"https:\/\/lapparan.fr\/en\/wp-json\/wp\/v2\/types\/page"}],"author":[{"embeddable":true,"href":"https:\/\/lapparan.fr\/en\/wp-json\/wp\/v2\/users\/2"}],"replies":[{"embeddable":true,"href":"https:\/\/lapparan.fr\/en\/wp-json\/wp\/v2\/comments?post=709"}],"version-history":[{"count":0,"href":"https:\/\/lapparan.fr\/en\/wp-json\/wp\/v2\/pages\/709\/revisions"}],"wp:featuredmedia":[{"embeddable":true,"href":"https:\/\/lapparan.fr\/en\/wp-json\/wp\/v2\/media\/711"}],"wp:attachment":[{"href":"https:\/\/lapparan.fr\/en\/wp-json\/wp\/v2\/media?parent=709"}],"curies":[{"name":"wp","href":"https:\/\/api.w.org\/{rel}","templated":true}]}}