{"id":740,"date":"2021-03-15T15:50:54","date_gmt":"2021-03-15T14:50:54","guid":{"rendered":"http:\/\/lapparanfr.enseignes-montpellier.com\/?page_id=740"},"modified":"2021-04-17T12:26:40","modified_gmt":"2021-04-17T10:26:40","slug":"nos-chambres-d-hotes","status":"publish","type":"page","link":"https:\/\/lapparan.fr\/en\/nos-chambres-d-hotes\/","title":{"rendered":"Bed and Breakfast"},"content":{"rendered":"<h2>The 3 guest rooms of Lapparan<\/h2>\r\n<p><strong>You are from 2 to 4 people<\/strong> : <strong>The Lapparan Duplex<\/strong>cottage, double room and single bed + sofa bed in the living room<\/p>\r\n<p><strong>You are from 2 to 5 people<\/strong> : <strong>The Vault of Lapparan<\/strong>2 double rooms + 1 single bed in 1 of the 2 rooms<\/p>\r\n<p><strong>You are from 2 to 6 people<\/strong> : <strong>Nicaise's rooms<\/strong>family suite, 2 double rooms, 1 attic room with 2 single beds and 1 double bed in alcove<\/p>\r\n<p><img decoding=\"async\" title=\"decorum-top\" src=\"http:\/\/lapparan.frwp-content\/uploads\/2021\/02\/decorum-haut.png\" alt=\"decorum-top\" \/> <img decoding=\"async\" title=\"duplex2\" src=\"http:\/\/lapparan.frwp-content\/uploads\/2021\/03\/duplex2.jpg\" alt=\"duplex2\" \/><\/p>\r\n<h4>The Lapparan Duplex<\/h4>\r\n<p><strong>For 2 to 4 people.<br \/><\/strong>More than a guest room, you enter a fully equipped cottage ...<\/p>\r\n<p><a role=\"button\" href=\"https:\/\/lapparan.fr\/en\/le-duplex-de-lapparan-2-a-4-personnes\/\" target=\"_self\" rel=\"noopener\"> To know more about it <\/a> <img decoding=\"async\" title=\"decorum-top\" src=\"http:\/\/lapparan.frwp-content\/uploads\/2021\/02\/decorum-haut.png\" alt=\"decorum-top\" \/> <img decoding=\"async\" title=\"gite4-12\" src=\"http:\/\/lapparan.frwp-content\/uploads\/2021\/03\/gite4-12.jpg\" alt=\"Vaulted room (ground floor)\" \/><\/p>\r\n<h4>The Vault of Lapparan<\/h4>\r\n<p><strong>For 2 to 5 people.<br \/><\/strong>Small apartment on the ground floor with all comforts, with 2 small terraces ...<\/p>\r\n<p><a role=\"button\" href=\"https:\/\/lapparan.fr\/en\/la-voute-de-lapparan\/\" target=\"_self\" rel=\"noopener\"> To know more about it <\/a> <img decoding=\"async\" title=\"decorum-top\" src=\"http:\/\/lapparan.frwp-content\/uploads\/2021\/02\/decorum-haut.png\" alt=\"decorum-top\" \/> <img decoding=\"async\" title=\"IMG_3235 [HDTV (1080)]\" src=\"http:\/\/lapparan.frwp-content\/uploads\/2021\/03\/IMG_3235-HDTV-1080.jpg\" alt=\"IMG_3235 [HDTV (1080)]\" \/><\/p>\r\n<h4>Nicaise's rooms<\/h4>\r\n<p><strong>For 2 to 6 people.<br \/><\/strong>3 atypical rooms on the 1st floor of a village house ...<\/p>\r\n<p><a role=\"button\" href=\"https:\/\/lapparan.fr\/en\/les-chambres-de-nicaise\/\" target=\"_self\" rel=\"noopener\"> To know more about it <\/a><\/p>\r\n<h5>Contact us<\/h5>\r\n<h2>Book your stay<\/h2>\r\n<p>Do not hesitate to contact us, we will answer you quickly.<\/p>\r\n<h4>Phone<\/h4>\r\n<p><a href=\"tel:+33686515650\">+33 6 86 51 56 50<\/a><br \/>Every day from 9am to 10pm<\/p>\r\n<h4>Mail<\/h4>\r\n<h4>Address<\/h4>\r\n<p><a role=\"button\" href=\"https:\/\/lapparan.fr\/en\/contact\/\" target=\"_self\" rel=\"noopener\"> Send us a message <\/a><\/p>","protected":false},"excerpt":{"rendered":"<p>Les 3 chambres d&rsquo;h\u00f4tes de Lapparan Vous \u00eates de 2 \u00e0 4 personnes : Le Duplex de Lapparan, maisonnette, chambre double et lit simple + canap\u00e9 convertible dans le salon Vous \u00eates de 2 \u00e0 5 personnes : La Vo\u00fbte de Lapparan, maisonnette, 2 chambres doubles + 1 lit individuel dans 1 des 2 chambres [&hellip;]<\/p>","protected":false},"author":2,"featured_media":1259,"parent":0,"menu_order":0,"comment_status":"closed","ping_status":"closed","template":"","meta":{"_seopress_robots_primary_cat":"","_seopress_titles_title":"Chambres d&#039;H\u00f4tes - La Maison de Lapparan","_seopress_titles_desc":"D\u00e9couvrez les 3 chambres d&#039;h\u00f4tes de la Maison de Lapparan. De 2 \u00e0 6 personnes, des chambres pleines de charme, d\u00e9cor\u00e9es avec go\u00fbt et tout confort.","_seopress_robots_index":"","inline_featured_image":false,"site-sidebar-layout":"no-sidebar","site-content-layout":"page-builder","ast-site-content-layout":"default","site-content-style":"default","site-sidebar-style":"default","ast-global-header-display":"","ast-banner-title-visibility":"","ast-main-header-display":"","ast-hfb-above-header-display":"","ast-hfb-below-header-display":"","ast-hfb-mobile-header-display":"","site-post-title":"disabled","ast-breadcrumbs-content":"","ast-featured-img":"disabled","footer-sml-layout":"","ast-disable-related-posts":"","theme-transparent-header-meta":"default","adv-header-id-meta":"","stick-header-meta":"default","header-above-stick-meta":"","header-main-stick-meta":"","header-below-stick-meta":"","astra-migrate-meta-layouts":"default","ast-page-background-enabled":"default","ast-page-background-meta":{"desktop":{"background-color":"","background-image":"","background-repeat":"repeat","background-position":"center center","background-size":"auto","background-attachment":"scroll","background-type":"","background-media":"","overlay-type":"","overlay-color":"","overlay-opacity":"","overlay-gradient":""},"tablet":{"background-color":"","background-image":"","background-repeat":"repeat","background-position":"center center","background-size":"auto","background-attachment":"scroll","background-type":"","background-media":"","overlay-type":"","overlay-color":"","overlay-opacity":"","overlay-gradient":""},"mobile":{"background-color":"","background-image":"","background-repeat":"repeat","background-position":"center center","background-size":"auto","background-attachment":"scroll","background-type":"","background-media":"","overlay-type":"","overlay-color":"","overlay-opacity":"","overlay-gradient":""}},"ast-content-background-meta":{"desktop":{"background-color":"var(--ast-global-color-5)","background-image":"","background-repeat":"repeat","background-position":"center center","background-size":"auto","background-attachment":"scroll","background-type":"","background-media":"","overlay-type":"","overlay-color":"","overlay-opacity":"","overlay-gradient":""},"tablet":{"background-color":"var(--ast-global-color-5)","background-image":"","background-repeat":"repeat","background-position":"center center","background-size":"auto","background-attachment":"scroll","background-type":"","background-media":"","overlay-type":"","overlay-color":"","overlay-opacity":"","overlay-gradient":""},"mobile":{"background-color":"var(--ast-global-color-5)","background-image":"","background-repeat":"repeat","background-position":"center center","background-size":"auto","background-attachment":"scroll","background-type":"","background-media":"","overlay-type":"","overlay-color":"","overlay-opacity":"","overlay-gradient":""}},"footnotes":""},"class_list":["post-740","page","type-page","status-publish","has-post-thumbnail","hentry"],"_links":{"self":[{"href":"https:\/\/lapparan.fr\/en\/wp-json\/wp\/v2\/pages\/740","targetHints":{"allow":["GET"]}}],"collection":[{"href":"https:\/\/lapparan.fr\/en\/wp-json\/wp\/v2\/pages"}],"about":[{"href":"https:\/\/lapparan.fr\/en\/wp-json\/wp\/v2\/types\/page"}],"author":[{"embeddable":true,"href":"https:\/\/lapparan.fr\/en\/wp-json\/wp\/v2\/users\/2"}],"replies":[{"embeddable":true,"href":"https:\/\/lapparan.fr\/en\/wp-json\/wp\/v2\/comments?post=740"}],"version-history":[{"count":0,"href":"https:\/\/lapparan.fr\/en\/wp-json\/wp\/v2\/pages\/740\/revisions"}],"wp:featuredmedia":[{"embeddable":true,"href":"https:\/\/lapparan.fr\/en\/wp-json\/wp\/v2\/media\/1259"}],"wp:attachment":[{"href":"https:\/\/lapparan.fr\/en\/wp-json\/wp\/v2\/media?parent=740"}],"curies":[{"name":"wp","href":"https:\/\/api.w.org\/{rel}","templated":true}]}}