{"id":856,"date":"2021-03-23T18:09:46","date_gmt":"2021-03-23T17:09:46","guid":{"rendered":"http:\/\/lapparanfr.enseignes-montpellier.com\/?page_id=856"},"modified":"2021-04-18T15:01:26","modified_gmt":"2021-04-18T13:01:26","slug":"le-village-vie-pratique","status":"publish","type":"page","link":"https:\/\/lapparan.fr\/en\/le-village-vie-pratique\/","title":{"rendered":"The village - Practical life"},"content":{"rendered":"<h2>The shops of Saint Dr\u00e9z\u00e9ry<\/h2>\r\n<p>Supermarket, butcher's shop, bakery, delicatessen ... all the local shops are just a few steps away.<\/p>\r\n<p><a href=\"https:\/\/magasins.spar.fr\/fr\/spar-saint-drezery\" target=\"_blank\" rel=\"noopener\"> <img decoding=\"async\" title=\"spar 1200x800\" src=\"http:\/\/lapparan.frwp-content\/uploads\/2021\/03\/spar-1200x800-1.jpg\" alt=\"spar 1200x800\" \/> <\/a> <a href=\"https:\/\/lapparan.fr\/wp-content\/uploads\/2021\/03\/boulangerie-1200x800-1.jpg\" target=\"_self\" rel=\"noopener\"> <img decoding=\"async\" title=\"bakery 1200x800\" src=\"http:\/\/lapparan.frwp-content\/uploads\/2021\/03\/boulangerie-1200x800-1.jpg\" alt=\"bakery 1200x800\" \/> <\/a> <a href=\"https:\/\/www.facebook.com\/Boucherie-du-Puech-2050534998592982\/\" target=\"_blank\" rel=\"noopener\"> <img decoding=\"async\" title=\"butcher shop 1200x800\" src=\"http:\/\/lapparan.frwp-content\/uploads\/2021\/03\/boucherie-1200x800-1.jpg\" alt=\"butcher shop 1200x800\" \/> <\/a><\/p>\r\n<h2>Catering on site<\/h2>\r\n<p>To go or to deliver<\/p>\r\n<ul>\r\n<li><img decoding=\"async\" title=\"cat-white-lapparan\" src=\"http:\/\/lapparan.frwp-content\/uploads\/2021\/04\/chat-blanc-lapparan.png\" alt=\"cat-white-lapparan\" \/>\r\n<h5>The Friends of Bacchus<\/h5>\r\n<p>Tapas, traditional dishes, wine cellar<\/p>\r\n<\/li>\r\n<li><img decoding=\"async\" title=\"cat-white-lapparan\" src=\"http:\/\/lapparan.frwp-content\/uploads\/2021\/04\/chat-blanc-lapparan.png\" alt=\"cat-white-lapparan\" \/>\r\n<h5>Vickees snack bar<\/h5>\r\n<p>Burgers, kebabs ...<\/p>\r\n<\/li>\r\n<li><img decoding=\"async\" title=\"cat-white-lapparan\" src=\"http:\/\/lapparan.frwp-content\/uploads\/2021\/04\/chat-blanc-lapparan.png\" alt=\"cat-white-lapparan\" \/>\r\n<h5>MPizza<\/h5>\r\n<\/li>\r\n<li><img decoding=\"async\" title=\"cat-white-lapparan\" src=\"http:\/\/lapparan.frwp-content\/uploads\/2021\/04\/chat-blanc-lapparan.png\" alt=\"cat-white-lapparan\" \/>\r\n<h5>Au bonheur des Saveurs<\/h5>\r\n<p>Burgers and home cooking<\/p>\r\n<\/li>\r\n<\/ul>\r\n<ul>\r\n<li><img decoding=\"async\" title=\"cat-white-lapparan\" src=\"http:\/\/lapparan.frwp-content\/uploads\/2021\/04\/chat-blanc-lapparan.png\" alt=\"cat-white-lapparan\" \/>\r\n<h5>Hello Buddha Bowl<\/h5>\r\n<p>Asian cuisine<\/p>\r\n<\/li>\r\n<li><img decoding=\"async\" title=\"cat-white-lapparan\" src=\"http:\/\/lapparan.frwp-content\/uploads\/2021\/04\/chat-blanc-lapparan.png\" alt=\"cat-white-lapparan\" \/>\r\n<h5>Fran\u00e7oise Ponc\u00e9<\/h5>\r\n<p>From 10 people, couscous, paella, gardianne ...<\/p>\r\n<\/li>\r\n<li><img decoding=\"async\" title=\"cat-white-lapparan\" src=\"http:\/\/lapparan.frwp-content\/uploads\/2021\/04\/chat-blanc-lapparan.png\" alt=\"cat-white-lapparan\" \/>\r\n<h5>Mosaic Catering<\/h5>\r\n<p>From 8 people<\/p>\r\n<\/li>\r\n<\/ul>\r\n<h2>For children<\/h2>\r\n<ul>\r\n<li><img decoding=\"async\" title=\"favicon\" src=\"http:\/\/lapparan.frwp-content\/uploads\/2021\/02\/favicon.png\" alt=\"favicon\" \/>\r\n<h5>The park<\/h5>\r\n<p>Games for children, esplanade (bicycle, skates...), lawns, ping pong table, picnic area...<\/p>\r\n<\/li>\r\n<li><img decoding=\"async\" title=\"favicon\" src=\"http:\/\/lapparan.frwp-content\/uploads\/2021\/02\/favicon.png\" alt=\"favicon\" \/>\r\n<h5>Sports facilities<\/h5>\r\n<p>Basketball court, tennis courts (access to be reserved), football field<\/p>\r\n<\/li>\r\n<li><img decoding=\"async\" title=\"favicon\" src=\"http:\/\/lapparan.frwp-content\/uploads\/2021\/02\/favicon.png\" alt=\"favicon\" \/>\r\n<h5>Pumptrack<\/h5>\r\n<p>2 circuits for 2 non-motorized wheels<\/p>\r\n<\/li>\r\n<\/ul>\r\n<h2>Walking trails<\/h2>\r\n<ul>\r\n<li><img decoding=\"async\" title=\"favicon\" src=\"http:\/\/lapparan.frwp-content\/uploads\/2021\/02\/favicon.png\" alt=\"favicon\" \/>\r\n<h5>La Valini\u00e8re<\/h5>\r\n<p>Total length: 4.75 kilometres<br \/>Duration: about 2 hours<\/p>\r\n<\/li>\r\n<li><img decoding=\"async\" title=\"favicon\" src=\"http:\/\/lapparan.frwp-content\/uploads\/2021\/02\/favicon.png\" alt=\"favicon\" \/>\r\n<h5>Les Tourelles<\/h5>\r\n<p>Total length: 5 kilometres<br \/>Duration: about 2 hours\u00a0<\/p>\r\n<\/li>\r\n<li><img decoding=\"async\" title=\"favicon\" src=\"http:\/\/lapparan.frwp-content\/uploads\/2021\/02\/favicon.png\" alt=\"favicon\" \/>\r\n<h5>Le Serre-Rond<\/h5>\r\n<p>Total length: 9 kilometres<br \/>Duration: 4 hours<\/p>\r\n<\/li>\r\n<\/ul>\r\n<p><img decoding=\"async\" title=\"IMG_8938.JPG1200x800\" src=\"http:\/\/lapparan.frwp-content\/uploads\/2021\/03\/IMG_8938.JPG1200x800.jpg\" alt=\"IMG_8938.JPG1200x800\" \/> <img decoding=\"async\" title=\"IMG_8950.JPG1200x800\" src=\"http:\/\/lapparan.frwp-content\/uploads\/2021\/03\/IMG_8950.JPG1200x800.jpg\" alt=\"IMG_8950.JPG1200x800\" \/><\/p>\r\n<h2>Medical Services<\/h2>\r\n<p>Medical practice, nursing practice, dental practice, pharmacy, physiotherapists<\/p>\r\n<h5>Contact us<\/h5>\r\n<h2>Book your stay<\/h2>\r\n<p>Do not hesitate to contact us, we will answer you quickly.<\/p>\r\n<h4>Phone<\/h4>\r\n<p><a href=\"tel:+33686515650\">+33 6 86 51 56 50<\/a><br \/>Every day from 9am to 10pm<\/p>\r\n<h4>Mail<\/h4>\r\n<h4>Address<\/h4>\r\n<p><a role=\"button\" href=\"https:\/\/lapparan.fr\/en\/contact\/\" target=\"_self\" rel=\"noopener\"> Send us a message <\/a><\/p>","protected":false},"excerpt":{"rendered":"<p>Les commerces de Saint Dr\u00e9z\u00e9ry Sup\u00e9rette, boucherie, boulangerie, traiteur &#8230; tous les commerces de proximit\u00e9 sont \u00e0 quelques pas. Restauration sur place \u00c0 emporter ou \u00e0 livrer Les Amis de Bacchus Tapas, plats traditionnels, cave \u00e0 vin Snack le Vickees Burgers, kebabs &#8230; MPizza Au bonheur des Saveurs Burgers et cuisine maison Allo Buddha Bowl [&hellip;]<\/p>","protected":false},"author":5,"featured_media":1585,"parent":0,"menu_order":0,"comment_status":"closed","ping_status":"closed","template":"","meta":{"_seopress_robots_primary_cat":"","_seopress_titles_title":"","_seopress_titles_desc":"","_seopress_robots_index":"","inline_featured_image":false,"site-sidebar-layout":"no-sidebar","site-content-layout":"page-builder","ast-site-content-layout":"default","site-content-style":"default","site-sidebar-style":"default","ast-global-header-display":"","ast-banner-title-visibility":"","ast-main-header-display":"","ast-hfb-above-header-display":"","ast-hfb-below-header-display":"","ast-hfb-mobile-header-display":"","site-post-title":"disabled","ast-breadcrumbs-content":"","ast-featured-img":"disabled","footer-sml-layout":"","ast-disable-related-posts":"","theme-transparent-header-meta":"default","adv-header-id-meta":"","stick-header-meta":"default","header-above-stick-meta":"","header-main-stick-meta":"","header-below-stick-meta":"","astra-migrate-meta-layouts":"default","ast-page-background-enabled":"default","ast-page-background-meta":{"desktop":{"background-color":"","background-image":"","background-repeat":"repeat","background-position":"center center","background-size":"auto","background-attachment":"scroll","background-type":"","background-media":"","overlay-type":"","overlay-color":"","overlay-opacity":"","overlay-gradient":""},"tablet":{"background-color":"","background-image":"","background-repeat":"repeat","background-position":"center center","background-size":"auto","background-attachment":"scroll","background-type":"","background-media":"","overlay-type":"","overlay-color":"","overlay-opacity":"","overlay-gradient":""},"mobile":{"background-color":"","background-image":"","background-repeat":"repeat","background-position":"center center","background-size":"auto","background-attachment":"scroll","background-type":"","background-media":"","overlay-type":"","overlay-color":"","overlay-opacity":"","overlay-gradient":""}},"ast-content-background-meta":{"desktop":{"background-color":"var(--ast-global-color-5)","background-image":"","background-repeat":"repeat","background-position":"center center","background-size":"auto","background-attachment":"scroll","background-type":"","background-media":"","overlay-type":"","overlay-color":"","overlay-opacity":"","overlay-gradient":""},"tablet":{"background-color":"var(--ast-global-color-5)","background-image":"","background-repeat":"repeat","background-position":"center center","background-size":"auto","background-attachment":"scroll","background-type":"","background-media":"","overlay-type":"","overlay-color":"","overlay-opacity":"","overlay-gradient":""},"mobile":{"background-color":"var(--ast-global-color-5)","background-image":"","background-repeat":"repeat","background-position":"center center","background-size":"auto","background-attachment":"scroll","background-type":"","background-media":"","overlay-type":"","overlay-color":"","overlay-opacity":"","overlay-gradient":""}},"footnotes":""},"class_list":["post-856","page","type-page","status-publish","has-post-thumbnail","hentry"],"_links":{"self":[{"href":"https:\/\/lapparan.fr\/en\/wp-json\/wp\/v2\/pages\/856","targetHints":{"allow":["GET"]}}],"collection":[{"href":"https:\/\/lapparan.fr\/en\/wp-json\/wp\/v2\/pages"}],"about":[{"href":"https:\/\/lapparan.fr\/en\/wp-json\/wp\/v2\/types\/page"}],"author":[{"embeddable":true,"href":"https:\/\/lapparan.fr\/en\/wp-json\/wp\/v2\/users\/5"}],"replies":[{"embeddable":true,"href":"https:\/\/lapparan.fr\/en\/wp-json\/wp\/v2\/comments?post=856"}],"version-history":[{"count":0,"href":"https:\/\/lapparan.fr\/en\/wp-json\/wp\/v2\/pages\/856\/revisions"}],"wp:featuredmedia":[{"embeddable":true,"href":"https:\/\/lapparan.fr\/en\/wp-json\/wp\/v2\/media\/1585"}],"wp:attachment":[{"href":"https:\/\/lapparan.fr\/en\/wp-json\/wp\/v2\/media?parent=856"}],"curies":[{"name":"wp","href":"https:\/\/api.w.org\/{rel}","templated":true}]}}