{"id":880,"date":"2021-03-24T10:58:25","date_gmt":"2021-03-24T09:58:25","guid":{"rendered":"http:\/\/lapparanfr.enseignes-montpellier.com\/?page_id=880"},"modified":"2024-04-22T10:01:07","modified_gmt":"2024-04-22T08:01:07","slug":"les-chambres-de-nicaise","status":"publish","type":"page","link":"https:\/\/lapparan.fr\/en\/les-chambres-de-nicaise\/","title":{"rendered":"Nicaise's rooms"},"content":{"rendered":"<p>Maison de village en pierre comprenant une salle de petits d\u00e9jeuners, une salle de bain avec WC, trois grandes chambres (dont une chambre traversante) et une chambre grenier.<\/p>\n<p>To relax and enjoy the calm of the village in the middle of the vineyards and the garrigue.\u00a0<\/p>\n\t<ul>\n\t\t<li>\t\t\n\t\t\t\t<img decoding=\"async\" src=\"http:\/\/lapparan.frwp-content\/uploads\/2021\/02\/cropped-favicon.png\" alt=\"http:\/\/lapparan.frwp-content\/uploads\/2021\/02\/cropped-favicon.png\" title=\"cropped-favicon.png\" itemprop=\"image\"\/>\n\t\tThe white room: 1 double bed <\/li><li>\t\t\n\t\t\t\t<img decoding=\"async\" src=\"http:\/\/lapparan.frwp-content\/uploads\/2021\/02\/cropped-favicon.png\" alt=\"http:\/\/lapparan.frwp-content\/uploads\/2021\/02\/cropped-favicon.png\" title=\"cropped-favicon.png\" itemprop=\"image\"\/>\n\t\tThe Pap\u00e9 room: 1 double bed<p>Chambre traversante pour se rendre dans la chambre Firmin<\/p><\/li><li>\t\t\n\t\t\t\t<img decoding=\"async\" src=\"https:\/\/lapparan.fr\/wp-content\/uploads\/2021\/02\/cropped-favicon-150x150.png\" alt=\"http:\/\/lapparan.frwp-content\/uploads\/2021\/02\/cropped-favicon.png\" title=\"cropped-favicon.png\" itemprop=\"image\"\/>\n\t\tLa chambre de Firmin: 1 lit double<\/li><li>\t\t\n\t\t\t\t<img decoding=\"async\" src=\"http:\/\/lapparan.frwp-content\/uploads\/2021\/02\/cropped-favicon.png\" alt=\"http:\/\/lapparan.frwp-content\/uploads\/2021\/02\/cropped-favicon.png\" title=\"cropped-favicon.png\" itemprop=\"image\"\/>\n\t\tLa chambre grenier: 2 lits simples <p>Adapt\u00e9e pour des enfants ou adolescents<\/p><\/li>\t<\/ul>\n\t<ul>\n\t\t<li>\t\t\n\t\t\t\t<img decoding=\"async\" src=\"http:\/\/lapparan.frwp-content\/uploads\/2021\/02\/cropped-favicon.png\" alt=\"http:\/\/lapparan.frwp-content\/uploads\/2021\/02\/cropped-favicon.png\" title=\"cropped-favicon.png\" itemprop=\"image\"\/>\n\t\t1 bathroom with WC on the floor<\/li><li>\t\t\n\t\t\t\t<img decoding=\"async\" src=\"http:\/\/lapparan.frwp-content\/uploads\/2021\/02\/cropped-favicon.png\" alt=\"http:\/\/lapparan.frwp-content\/uploads\/2021\/02\/cropped-favicon.png\" title=\"cropped-favicon.png\" itemprop=\"image\"\/>\n\t\t1 breakfast room<\/li><li>\t\t\n\t\t\t\t<img decoding=\"async\" src=\"http:\/\/lapparan.frwp-content\/uploads\/2021\/02\/cropped-favicon.png\" alt=\"http:\/\/lapparan.frwp-content\/uploads\/2021\/02\/cropped-favicon.png\" title=\"cropped-favicon.png\" itemprop=\"image\"\/>\n\t\t1 independent toilet on the ground floor<\/li>\t<\/ul>\n\t<ul>\n\t\t<li>\t\t\t\t\n\t\t<p><strong>Access to the rooms on the first floor is via an old-fashioned stone staircase and can be difficult for people with reduced mobility!<\/strong><\/p><\/li>\t<\/ul>\n<h2>\n\t\tThe advantages of Lapparan\n\t<\/h2>\n\t<ul>\n\t\t<li>\t\t\n\t\t\t\t<img decoding=\"async\" src=\"http:\/\/lapparan.frwp-content\/uploads\/2021\/02\/cropped-favicon.png\" alt=\"http:\/\/lapparan.frwp-content\/uploads\/2021\/02\/cropped-favicon.png\" title=\"cropped-favicon.png\" itemprop=\"image\"\/>\n\t\tContinental breakfast, at a time that suits you<\/li><li>\t\t\n\t\t\t\t<img decoding=\"async\" src=\"http:\/\/lapparan.frwp-content\/uploads\/2021\/02\/cropped-favicon.png\" alt=\"http:\/\/lapparan.frwp-content\/uploads\/2021\/02\/cropped-favicon.png\" title=\"cropped-favicon.png\" itemprop=\"image\"\/>\n\t\tTowels, shampoo, soap and shower gel at your disposal<\/li><li>\t\t\n\t\t\t\t<img decoding=\"async\" src=\"http:\/\/lapparan.frwp-content\/uploads\/2021\/02\/cropped-favicon.png\" alt=\"http:\/\/lapparan.frwp-content\/uploads\/2021\/02\/cropped-favicon.png\" title=\"cropped-favicon.png\" itemprop=\"image\"\/>\n\t\tFree Wifi<\/li>\t<\/ul>\n\t<ul>\n\t\t<li>\t\t\n\t\t\t\t<img decoding=\"async\" src=\"http:\/\/lapparan.frwp-content\/uploads\/2021\/02\/cropped-favicon.png\" alt=\"http:\/\/lapparan.frwp-content\/uploads\/2021\/02\/cropped-favicon.png\" title=\"cropped-favicon.png\" itemprop=\"image\"\/>\n\t\tSalle de petits d\u00e9jeuners <\/li><li>\t\t\n\t\t\t\t<img decoding=\"async\" src=\"http:\/\/lapparan.frwp-content\/uploads\/2021\/02\/cropped-favicon.png\" alt=\"http:\/\/lapparan.frwp-content\/uploads\/2021\/02\/cropped-favicon.png\" title=\"cropped-favicon.png\" itemprop=\"image\"\/>\n\t\tPossibility of home delivery of meals<\/li><li>\t\t\n\t\t\t\t<img decoding=\"async\" src=\"http:\/\/lapparan.frwp-content\/uploads\/2021\/02\/cropped-favicon.png\" alt=\"http:\/\/lapparan.frwp-content\/uploads\/2021\/02\/cropped-favicon.png\" title=\"cropped-favicon.png\" itemprop=\"image\"\/>\n\t\tPossibility of parking on the Place de la Mairie at 2 steps<\/li>\t<\/ul>\n\t\t\t<h2>The rates<\/h2>\t\t\t\n\t\t\t\t<table>\n\t\t\t\t\t<thead>\n\t\t\t\t\t\t\t\t\t\t\t\t\t\t<tr>\n\t\t\t\t\t\t\t\t\t\t\t\t\t\t\t<th rowspan=\"\" colspan=\"\">\n\t\t\t\t\t\t\t\t\t\t\t\t\t\t\t\t\t<label>\n\t\t\t\t\t\t\t\t\t\t<\/label><label> Number of people <\/label>\n\t\t\t\t\t\t\t\t\t\n\t\t\t\t\t\t\t\t\t\t\t\t\t\t\t\t\t<\/th>\n\t\t\t\t\t\t\t\t\t\t\t\t\t\t<th rowspan=\"\" colspan=\"\">\n\t\t\t\t\t\t\t\t\t\t\t\t\t\t\t\t\t<label>\n\t\t\t\t\t\t\t\t\t\t<\/label><label> 1 night <\/label>\n\t\t\t\t\t\t\t\t\t\n\t\t\t\t\t\t\t\t\t\t\t\t\t\t\t\t\t<\/th>\n\t\t\t\t\t\t\t\t\t\t\t\t\t\t<th rowspan=\"\" colspan=\"\">\n\t\t\t\t\t\t\t\t\t\t\t\t\t\t\t\t\t<label>\n\t\t\t\t\t\t\t\t\t\t<\/label><label> 2 nights <\/label>\n\t\t\t\t\t\t\t\t\t\n\t\t\t\t\t\t\t\t\t\t\t\t\t\t\t\t\t<\/th>\n\t\t\t\t\t\t\t\t\t\t\t\t\t\t<th rowspan=\"\" colspan=\"\">\n\t\t\t\t\t\t\t\t\t\t\t\t\t\t\t\t\t<label>\n\t\t\t\t\t\t\t\t\t\t<\/label><label> 3 nights <\/label>\n\t\t\t\t\t\t\t\t\t\n\t\t\t\t\t\t\t\t\t\t\t\t\t\t\t\t\t<\/th>\n\t\t\t\t\t\t\t\t\t\t\t\t\t\t<th rowspan=\"\" colspan=\"\">\n\t\t\t\t\t\t\t\t\t\t\t\t\t\t\t\t\t<label>\n\t\t\t\t\t\t\t\t\t\t<\/label><label> 4 nights <\/label>\n\t\t\t\t\t\t\t\t\t\n\t\t\t\t\t\t\t\t\t\t\t\t\t\t\t\t\t<\/th>\n\t\t\t\t\t\t\t\t\t\t\t\t\t\t<th rowspan=\"\" colspan=\"\">\n\t\t\t\t\t\t\t\t\t\t\t\t\t\t\t\t\t<label>\n\t\t\t\t\t\t\t\t\t\t<\/label><label> 5 nights <\/label>\n\t\t\t\t\t\t\t\t\t\n\t\t\t\t\t\t\t\t\t\t\t\t\t\t\t\t\t<\/th>\n\t\t\t\t\t\t\t\t\t\t\t<\/tr><\/thead>\n\t\t\t\t\t<tbody>\n\t\t\t\t\t\t\t\t\t\t\t\t\t\t\t<tr>\n\t\t\t\t\t\t\t\t\t\t\t\t\t\t\t\t\t\t\t\t<td colspan=\"\" rowspan=\"\">\n\t\t\t\t\t\t\t\t\t\t\t\t\t\t\t 2 persons \n\t\t\t\t\t\t\t\t\t\t\t\t\t\t\t\t\t\t\t\t\t\t\t\t<\/td>\n\t\t\t\t\t\t\t\t\t\t\t\t\t\t\t\t<td colspan=\"\" rowspan=\"\">\n\t\t\t\t\t\t\t\t\t\t\t\t\t\t\t\t\t\t\t\t\t\t\t 90 \u20ac \n\t\t\t\t\t\t\t\t\t\t\t\t\t\t\t\t\t\t\t\t\t\t\t<\/td>\n\t\t\t\t\t\t\t\t\t\t\t\t\t\t\t\t<td colspan=\"\" rowspan=\"\">\n\t\t\t\t\t\t\t\t\t\t\t\t\t\t\t\t\t\t\t\t\t\t\t 170 \u20ac \n\t\t\t\t\t\t\t\t\t\t\t\t\t\t\t\t\t\t\t\t\t\t\t<\/td>\n\t\t\t\t\t\t\t\t\t\t\t\t\t\t\t\t<td colspan=\"\" rowspan=\"\">\n\t\t\t\t\t\t\t\t\t\t\t\t\t\t\t\t\t\t\t\t\t\t\t 245 \u20ac \n\t\t\t\t\t\t\t\t\t\t\t\t\t\t\t\t\t\t\t\t\t\t\t<\/td>\n\t\t\t\t\t\t\t\t\t\t\t\t\t\t\t\t<td colspan=\"\" rowspan=\"\">\n\t\t\t\t\t\t\t\t\t\t\t\t\t\t\t\t\t\t\t\t\t\t\t 305 \u20ac \n\t\t\t\t\t\t\t\t\t\t\t\t\t\t\t\t\t\t\t\t\t\t\t<\/td>\n\t\t\t\t\t\t\t\t\t\t\t\t\t\t\t\t<td colspan=\"\" rowspan=\"\">\n\t\t\t\t\t\t\t\t\t\t\t\t\t\t\t\t\t\t\t\t\t\t\t 360 \u20ac \n\t\t\t\t\t\t\t\t\t\t\t\t\t\t\t\t\t\t\t\t\t\t\t<\/td>\n\t\t\t\t\t\t\t\t\t\t\t\t\t\t\t<\/tr><tr>\n\t\t\t\t\t\t\t\t\t\t\t\t\t\t\t\t\t\t\t\t<td colspan=\"\" rowspan=\"\">\n\t\t\t\t\t\t\t\t\t\t\t\t\t\t\t 3 people \n\t\t\t\t\t\t\t\t\t\t\t\t\t\t\t\t\t\t\t\t\t\t\t\t<\/td>\n\t\t\t\t\t\t\t\t\t\t\t\t\t\t\t\t<td colspan=\"\" rowspan=\"\">\n\t\t\t\t\t\t\t\t\t\t\t\t\t\t\t\t\t\t\t\t\t\t\t 130 \u20ac \n\t\t\t\t\t\t\t\t\t\t\t\t\t\t\t\t\t\t\t\t\t\t\t<\/td>\n\t\t\t\t\t\t\t\t\t\t\t\t\t\t\t\t<td colspan=\"\" rowspan=\"\">\n\t\t\t\t\t\t\t\t\t\t\t\t\t\t\t\t\t\t\t\t\t\t\t 230 \u20ac \n\t\t\t\t\t\t\t\t\t\t\t\t\t\t\t\t\t\t\t\t\t\t\t<\/td>\n\t\t\t\t\t\t\t\t\t\t\t\t\t\t\t\t<td colspan=\"\" rowspan=\"\">\n\t\t\t\t\t\t\t\t\t\t\t\t\t\t\t\t\t\t\t\t\t\t\t 330 \u20ac \n\t\t\t\t\t\t\t\t\t\t\t\t\t\t\t\t\t\t\t\t\t\t\t<\/td>\n\t\t\t\t\t\t\t\t\t\t\t\t\t\t\t\t<td colspan=\"\" rowspan=\"\">\n\t\t\t\t\t\t\t\t\t\t\t\t\t\t\t\t\t\t\t\t\t\t\t 415\u20ac \n\t\t\t\t\t\t\t\t\t\t\t\t\t\t\t\t\t\t\t\t\t\t\t<\/td>\n\t\t\t\t\t\t\t\t\t\t\t\t\t\t\t\t<td colspan=\"\" rowspan=\"\">\n\t\t\t\t\t\t\t\t\t\t\t\t\t\t\t\t\t\t\t\t\t\t\t 485 \u20ac \n\t\t\t\t\t\t\t\t\t\t\t\t\t\t\t\t\t\t\t\t\t\t\t<\/td>\n\t\t\t\t\t\t\t\t\t\t\t\t\t\t\t<\/tr><tr>\n\t\t\t\t\t\t\t\t\t\t\t\t\t\t\t\t\t\t\t\t<td colspan=\"\" rowspan=\"\">\n\t\t\t\t\t\t\t\t\t\t\t\t\t\t\t 4 people \n\t\t\t\t\t\t\t\t\t\t\t\t\t\t\t\t\t\t\t\t\t\t\t\t<\/td>\n\t\t\t\t\t\t\t\t\t\t\t\t\t\t\t\t<td colspan=\"\" rowspan=\"\">\n\t\t\t\t\t\t\t\t\t\t\t\t\t\t\t\t\t\t\t\t\t\t\t 165 \u20ac \n\t\t\t\t\t\t\t\t\t\t\t\t\t\t\t\t\t\t\t\t\t\t\t<\/td>\n\t\t\t\t\t\t\t\t\t\t\t\t\t\t\t\t<td colspan=\"\" rowspan=\"\">\n\t\t\t\t\t\t\t\t\t\t\t\t\t\t\t\t\t\t\t\t\t\t\t 310 \u20ac \n\t\t\t\t\t\t\t\t\t\t\t\t\t\t\t\t\t\t\t\t\t\t\t<\/td>\n\t\t\t\t\t\t\t\t\t\t\t\t\t\t\t\t<td colspan=\"\" rowspan=\"\">\n\t\t\t\t\t\t\t\t\t\t\t\t\t\t\t\t\t\t\t\t\t\t\t 440 \u20ac \n\t\t\t\t\t\t\t\t\t\t\t\t\t\t\t\t\t\t\t\t\t\t\t<\/td>\n\t\t\t\t\t\t\t\t\t\t\t\t\t\t\t\t<td colspan=\"\" rowspan=\"\">\n\t\t\t\t\t\t\t\t\t\t\t\t\t\t\t\t\t\t\t\t\t\t\t 550 \u20ac \n\t\t\t\t\t\t\t\t\t\t\t\t\t\t\t\t\t\t\t\t\t\t\t<\/td>\n\t\t\t\t\t\t\t\t\t\t\t\t\t\t\t\t<td colspan=\"\" rowspan=\"\">\n\t\t\t\t\t\t\t\t\t\t\t\t\t\t\t\t\t\t\t\t\t\t\t 650 \u20ac \n\t\t\t\t\t\t\t\t\t\t\t\t\t\t\t\t\t\t\t\t\t\t\t<\/td>\n\t\t\t\t\t\t\t\t\t\t\t\t\t\t\t<\/tr><tr>\n\t\t\t\t\t\t\t\t\t\t\t\t\t\t\t\t\t\t\t\t<td colspan=\"\" rowspan=\"\">\n\t\t\t\t\t\t\t\t\t\t\t\t\t\t\t 5 people \n\t\t\t\t\t\t\t\t\t\t\t\t\t\t\t\t\t\t\t\t\t\t\t\t<\/td>\n\t\t\t\t\t\t\t\t\t\t\t\t\t\t\t\t<td colspan=\"\" rowspan=\"\">\n\t\t\t\t\t\t\t\t\t\t\t\t\t\t\t\t\t\t\t\t\t\t\t 200 \u20ac \n\t\t\t\t\t\t\t\t\t\t\t\t\t\t\t\t\t\t\t\t\t\t\t<\/td>\n\t\t\t\t\t\t\t\t\t\t\t\t\t\t\t\t<td colspan=\"\" rowspan=\"\">\n\t\t\t\t\t\t\t\t\t\t\t\t\t\t\t\t\t\t\t\t\t\t\t 385 \u20ac \n\t\t\t\t\t\t\t\t\t\t\t\t\t\t\t\t\t\t\t\t\t\t\t<\/td>\n\t\t\t\t\t\t\t\t\t\t\t\t\t\t\t\t<td colspan=\"\" rowspan=\"\">\n\t\t\t\t\t\t\t\t\t\t\t\t\t\t\t\t\t\t\t\t\t\t\t 545 \u20ac \n\t\t\t\t\t\t\t\t\t\t\t\t\t\t\t\t\t\t\t\t\t\t\t<\/td>\n\t\t\t\t\t\t\t\t\t\t\t\t\t\t\t\t<td colspan=\"\" rowspan=\"\">\n\t\t\t\t\t\t\t\t\t\t\t\t\t\t\t\t\t\t\t\t\t\t\t 690 \u20ac \n\t\t\t\t\t\t\t\t\t\t\t\t\t\t\t\t\t\t\t\t\t\t\t<\/td>\n\t\t\t\t\t\t\t\t\t\t\t\t\t\t\t\t<td colspan=\"\" rowspan=\"\">\n\t\t\t\t\t\t\t\t\t\t\t\t\t\t\t\t\t\t\t\t\t\t\t 810 \u20ac \n\t\t\t\t\t\t\t\t\t\t\t\t\t\t\t\t\t\t\t\t\t\t\t<\/td>\n\t\t\t\t\t\t\t\t\t\t\t\t\t\t\t<\/tr><tr>\n\t\t\t\t\t\t\t\t\t\t\t\t\t\t\t\t\t\t\t\t<td colspan=\"\" rowspan=\"\">\n\t\t\t\t\t\t\t\t\t\t\t\t\t\t\t 6 people \n\t\t\t\t\t\t\t\t\t\t\t\t\t\t\t\t\t\t\t\t\t\t\t\t<\/td>\n\t\t\t\t\t\t\t\t\t\t\t\t\t\t\t\t<td colspan=\"\" rowspan=\"\">\n\t\t\t\t\t\t\t\t\t\t\t\t\t\t\t\t\t\t\t\t\t\t\t 240 \u20ac \n\t\t\t\t\t\t\t\t\t\t\t\t\t\t\t\t\t\t\t\t\t\t\t<\/td>\n\t\t\t\t\t\t\t\t\t\t\t\t\t\t\t\t<td colspan=\"\" rowspan=\"\">\n\t\t\t\t\t\t\t\t\t\t\t\t\t\t\t\t\t\t\t\t\t\t\t 465 \u20ac \n\t\t\t\t\t\t\t\t\t\t\t\t\t\t\t\t\t\t\t\t\t\t\t<\/td>\n\t\t\t\t\t\t\t\t\t\t\t\t\t\t\t\t<td colspan=\"\" rowspan=\"\">\n\t\t\t\t\t\t\t\t\t\t\t\t\t\t\t\t\t\t\t\t\t\t\t 655 \u20ac \n\t\t\t\t\t\t\t\t\t\t\t\t\t\t\t\t\t\t\t\t\t\t\t<\/td>\n\t\t\t\t\t\t\t\t\t\t\t\t\t\t\t\t<td colspan=\"\" rowspan=\"\">\n\t\t\t\t\t\t\t\t\t\t\t\t\t\t\t\t\t\t\t\t\t\t\t 825 \u20ac \n\t\t\t\t\t\t\t\t\t\t\t\t\t\t\t\t\t\t\t\t\t\t\t<\/td>\n\t\t\t\t\t\t\t\t\t\t\t\t\t\t\t\t<td colspan=\"\" rowspan=\"\">\n\t\t\t\t\t\t\t\t\t\t\t\t\t\t\t\t\t\t\t\t\t\t\t 975 \u20ac \n\t\t\t\t\t\t\t\t\t\t\t\t\t\t\t\t\t\t\t\t\t\t\t<\/td>\n\t\t\t\t\t\t\t\t\t\t\t<\/tr><\/tbody>\n\t\t\t\t<\/table>\n\t<p>Pour la p\u00e9riode hivernale du 1er novembre au 31 mars, rajouter un forfait chauffage de 10 \u20ac par chambre et par nuit.<\/p>\n<p>\u00c0 ces tarifs, il convient de rajouter la taxe de s\u00e9jour de 7.20% du prix de la location, per\u00e7ue par Montpellier M\u00e9diterran\u00e9e M\u00e9tropole.<\/p>\n\t\t\t<h5>Contact us<\/h5><h2>Book your stay<\/h2>\t\t\t\n\t\t\t\t<p>Do not hesitate to contact us, we will answer you quickly.<\/p>\n\t<h4>\n\t\t\t\tPhone\n\t\t\t<\/h4>\n\t\t\t<p><a href=\"tel:+33686515650\">+33 6 86 51 56 50<\/a><br \/>Every day from 9am to 10pm<\/p>\t\n\t<h4>\n\t\t\t\tMail\n\t\t\t<\/h4>\n\t\t\t<p><a href=\"mailto:locazin@dbmail.com\" target=\"_blank\" rel=\"noopener\">locazin@dbmail.com<\/a><\/p>\t\n\t<h4>\n\t\t\t\tAddress\n\t\t\t<\/h4>\n\t\t\t<p><a href=\"https:\/\/www.google.fr\/maps\/place\/22+Rue+du+Ctre,+34160+Saint-Dr%C3%A9z%C3%A9ry\/@43.7333877,3.9800163,17z\/data=!3m1!4b1!4m5!3m4!1s0x12b41de486699207:0xd67674be96e84b28!8m2!3d43.7333877!4d3.982205\" target=\"_blank\" rel=\"noopener\">22 rue du Centre<\/a><br \/><a href=\"\/en\/_wp_link_placeholder\/\">34160 Saint-Dr\u00e9z\u00e9ry<\/a><\/p>\t\n\t\t\t<a href=\"https:\/\/lapparan.fr\/en\/contact\/\" target=\"_self\" role=\"button\" aria-label=\"Send us a message\" rel=\"noopener\">\n\t\t\t\t\t\t\tSend us a message\n\t\t<\/a>","protected":false},"excerpt":{"rendered":"<p>Maison de village en pierre comprenant une salle de petits d\u00e9jeuners, une salle de bain avec WC, trois grandes chambres (dont une chambre traversante) et une chambre grenier. Pour se relaxer et profiter du calme du village au milieu des vignes et de la garrigue.\u00a0 La chambre blanche: 1 lit double La chambre Pap\u00e9: 1 [&hellip;]<\/p>","protected":false},"author":5,"featured_media":913,"parent":0,"menu_order":0,"comment_status":"closed","ping_status":"closed","template":"","meta":{"_seopress_robots_primary_cat":"","_seopress_titles_title":"","_seopress_titles_desc":"","_seopress_robots_index":"","inline_featured_image":false,"site-sidebar-layout":"no-sidebar","site-content-layout":"page-builder","ast-site-content-layout":"default","site-content-style":"default","site-sidebar-style":"default","ast-global-header-display":"","ast-banner-title-visibility":"","ast-main-header-display":"","ast-hfb-above-header-display":"","ast-hfb-below-header-display":"","ast-hfb-mobile-header-display":"","site-post-title":"disabled","ast-breadcrumbs-content":"","ast-featured-img":"disabled","footer-sml-layout":"","ast-disable-related-posts":"","theme-transparent-header-meta":"default","adv-header-id-meta":"","stick-header-meta":"default","header-above-stick-meta":"","header-main-stick-meta":"","header-below-stick-meta":"","astra-migrate-meta-layouts":"default","ast-page-background-enabled":"default","ast-page-background-meta":{"desktop":{"background-color":"","background-image":"","background-repeat":"repeat","background-position":"center center","background-size":"auto","background-attachment":"scroll","background-type":"","background-media":"","overlay-type":"","overlay-color":"","overlay-opacity":"","overlay-gradient":""},"tablet":{"background-color":"","background-image":"","background-repeat":"repeat","background-position":"center center","background-size":"auto","background-attachment":"scroll","background-type":"","background-media":"","overlay-type":"","overlay-color":"","overlay-opacity":"","overlay-gradient":""},"mobile":{"background-color":"","background-image":"","background-repeat":"repeat","background-position":"center center","background-size":"auto","background-attachment":"scroll","background-type":"","background-media":"","overlay-type":"","overlay-color":"","overlay-opacity":"","overlay-gradient":""}},"ast-content-background-meta":{"desktop":{"background-color":"var(--ast-global-color-5)","background-image":"","background-repeat":"repeat","background-position":"center center","background-size":"auto","background-attachment":"scroll","background-type":"","background-media":"","overlay-type":"","overlay-color":"","overlay-opacity":"","overlay-gradient":""},"tablet":{"background-color":"var(--ast-global-color-5)","background-image":"","background-repeat":"repeat","background-position":"center center","background-size":"auto","background-attachment":"scroll","background-type":"","background-media":"","overlay-type":"","overlay-color":"","overlay-opacity":"","overlay-gradient":""},"mobile":{"background-color":"var(--ast-global-color-5)","background-image":"","background-repeat":"repeat","background-position":"center center","background-size":"auto","background-attachment":"scroll","background-type":"","background-media":"","overlay-type":"","overlay-color":"","overlay-opacity":"","overlay-gradient":""}},"footnotes":""},"class_list":["post-880","page","type-page","status-publish","has-post-thumbnail","hentry"],"_links":{"self":[{"href":"https:\/\/lapparan.fr\/en\/wp-json\/wp\/v2\/pages\/880","targetHints":{"allow":["GET"]}}],"collection":[{"href":"https:\/\/lapparan.fr\/en\/wp-json\/wp\/v2\/pages"}],"about":[{"href":"https:\/\/lapparan.fr\/en\/wp-json\/wp\/v2\/types\/page"}],"author":[{"embeddable":true,"href":"https:\/\/lapparan.fr\/en\/wp-json\/wp\/v2\/users\/5"}],"replies":[{"embeddable":true,"href":"https:\/\/lapparan.fr\/en\/wp-json\/wp\/v2\/comments?post=880"}],"version-history":[{"count":0,"href":"https:\/\/lapparan.fr\/en\/wp-json\/wp\/v2\/pages\/880\/revisions"}],"wp:featuredmedia":[{"embeddable":true,"href":"https:\/\/lapparan.fr\/en\/wp-json\/wp\/v2\/media\/913"}],"wp:attachment":[{"href":"https:\/\/lapparan.fr\/en\/wp-json\/wp\/v2\/media?parent=880"}],"curies":[{"name":"wp","href":"https:\/\/api.w.org\/{rel}","templated":true}]}}