{"id":938,"date":"2021-03-24T17:55:39","date_gmt":"2021-03-24T16:55:39","guid":{"rendered":"http:\/\/lapparanfr.enseignes-montpellier.com\/?page_id=938"},"modified":"2021-04-16T17:50:16","modified_gmt":"2021-04-16T15:50:16","slug":"les-vignobles-de-saint-drezery","status":"publish","type":"page","link":"https:\/\/lapparan.fr\/en\/les-vignobles-de-saint-drezery\/","title":{"rendered":"The vineyards of Saint Drezery"},"content":{"rendered":"<p>Two very famous estates: Ch\u00e2teau Puech Haut at the entrance of the village coming from Teyran, and Mas d'Arca\u00ff at the entrance of the village coming from Beaulieu.<\/p>\n\t\t\t\t<a href=\"https:\/\/arcay.fr\/\" target=\"_blank\" rel=\"noopener\" itemprop=\"url\">\n\t\t\t\t<img decoding=\"async\" src=\"http:\/\/lapparan.frwp-content\/uploads\/2021\/03\/Logo-Mas-dArcay-vins-languedoc.png\" alt=\"Logo-Mas-dArcay-vins-languedoc\" itemprop=\"image\" title=\"Logo-Mas-dArcay-vins-languedoc\" onerror=\"this.style.display='none'\"  \/>\n\t\t\t\t<\/a>\n\t<iframe loading=\"lazy\" width=\"560\" height=\"315\" src=\"https:\/\/www.youtube.com\/embed\/3-dFcKs_9no\" title=\"YouTube video player\" frameborder=\"0\" allow=\"accelerometer; autoplay; clipboard-write; encrypted-media; gyroscope; picture-in-picture\" allowfullscreen><\/iframe>\n\t\t\t\t<img decoding=\"async\" src=\"http:\/\/lapparan.frwp-content\/uploads\/2021\/02\/decorum-haut.png\" alt=\"decorum-top\" itemprop=\"image\" title=\"decorum-top\" onerror=\"this.style.display='none'\"  \/>\n\t\t\t\t<a href=\"https:\/\/puech-haut.com\/\" target=\"_blank\" rel=\"noopener\" itemprop=\"url\">\n\t\t\t\t<img decoding=\"async\" src=\"http:\/\/lapparan.frwp-content\/uploads\/2021\/03\/puech-haut-1200x800-1.jpg\" alt=\"high puech 1200x800\" itemprop=\"image\" title=\"high puech 1200x800\" onerror=\"this.style.display='none'\"  \/>\n\t\t\t\t<\/a>\n\t<iframe loading=\"lazy\" src=\"https:\/\/player.vimeo.com\/video\/86786593\" width=\"640\" height=\"269\" frameborder=\"0\" allow=\"autoplay; fullscreen; picture-in-picture\" allowfullscreen><\/iframe>\n<p><a href=\"https:\/\/vimeo.com\/86786593\">Ch\u00e2teau Puech-Haut<\/a> from <a href=\"https:\/\/vimeo.com\/user20053479\">AVINA CONSULTING<\/a> on <a href=\"https:\/\/vimeo.com\">Vimeo<\/a>.<\/p>\n\t\t\t<h2>The vineyard of St Dr\u00e9z\u00e9ry<\/h2>\t\t\t\n\t<p>Saint-Dr\u00e9z\u00e9ry is a village whose history and development are intimately linked to wine growing.<\/p>\n<p>20 kilometres north-east of Montpellier, the terroir of Saint-Dr\u00e9z\u00e9ry stretches from 50 to 150 metres above sea level with areas of semi-slopes and hillsides.<\/p>\n<p>The rolled pebbles are one of the major characteristics of this denomination guaranteeing an optimal maturity of the grapes and conferring to these wines power and refinement.<\/p>\n<p>The maritime climate here is marked by significantly less rainfall than the average for other sectors of the Languedoc AOC and relatively cool nights. These thermal conditions at night favour the ripening process, the colouring and the expression of the grapes' fine aromas.<\/p>\n<p>The reds of the AOC Languedoc-Saint-Dr\u00e9z\u00e9ry are renowned for their power and refinement...<\/p>\n\t\t\t<h5>Contact us<\/h5><h2>Book your stay<\/h2>\t\t\t\n\t\t\t\t<p>Do not hesitate to contact us, we will answer you quickly.<\/p>\n\t<h4>\n\t\t\t\tPhone\n\t\t\t<\/h4>\n\t\t<p><a href=\"tel:+33686515650\">+33 6 86 51 56 50<\/a><br \/>Every day from 9am to 10pm<\/p>\t\n\t<h4>\n\t\t\t\tMail\n\t\t\t<\/h4>\n\t\t\t\n\t<h4>\n\t\t\t\tAddress\n\t\t\t<\/h4>\n\t\t\t\n\t\t\t<a href=\"http:\/\/lapparan.frcontact-2\" target=\"_self\" role=\"button\" rel=\"noopener\">\n\t\t\t\t\t\t\tSend us a message\n\t\t<\/a>","protected":false},"excerpt":{"rendered":"<p>Deux domaines tr\u00e8s r\u00e9put\u00e9s: Ch\u00e2teau Puech Haut \u00e0 l&rsquo;entr\u00e9e du village en venant de Teyran, et Mas d&rsquo;Arca\u00ff \u00e0 l&rsquo;entr\u00e9e du village en venant de Beaulieu. Ch&acirc;teau Puech-Haut from AVINA CONSEIL on Vimeo. Le vignoble de St Dr\u00e9z\u00e9ry Saint-Dr\u00e9z\u00e9ry est un village dont l&rsquo;histoire et le d\u00e9veloppement sont intimement li\u00e9s \u00e0 la viticulture. A 20 [&hellip;]<\/p>","protected":false},"author":5,"featured_media":958,"parent":0,"menu_order":0,"comment_status":"closed","ping_status":"closed","template":"","meta":{"_seopress_robots_primary_cat":"","_seopress_titles_title":"","_seopress_titles_desc":"","_seopress_robots_index":"","inline_featured_image":false,"site-sidebar-layout":"no-sidebar","site-content-layout":"page-builder","ast-site-content-layout":"default","site-content-style":"default","site-sidebar-style":"default","ast-global-header-display":"","ast-banner-title-visibility":"","ast-main-header-display":"","ast-hfb-above-header-display":"","ast-hfb-below-header-display":"","ast-hfb-mobile-header-display":"","site-post-title":"disabled","ast-breadcrumbs-content":"","ast-featured-img":"disabled","footer-sml-layout":"","ast-disable-related-posts":"","theme-transparent-header-meta":"default","adv-header-id-meta":"","stick-header-meta":"default","header-above-stick-meta":"","header-main-stick-meta":"","header-below-stick-meta":"","astra-migrate-meta-layouts":"default","ast-page-background-enabled":"default","ast-page-background-meta":{"desktop":{"background-color":"","background-image":"","background-repeat":"repeat","background-position":"center center","background-size":"auto","background-attachment":"scroll","background-type":"","background-media":"","overlay-type":"","overlay-color":"","overlay-opacity":"","overlay-gradient":""},"tablet":{"background-color":"","background-image":"","background-repeat":"repeat","background-position":"center center","background-size":"auto","background-attachment":"scroll","background-type":"","background-media":"","overlay-type":"","overlay-color":"","overlay-opacity":"","overlay-gradient":""},"mobile":{"background-color":"","background-image":"","background-repeat":"repeat","background-position":"center center","background-size":"auto","background-attachment":"scroll","background-type":"","background-media":"","overlay-type":"","overlay-color":"","overlay-opacity":"","overlay-gradient":""}},"ast-content-background-meta":{"desktop":{"background-color":"var(--ast-global-color-5)","background-image":"","background-repeat":"repeat","background-position":"center center","background-size":"auto","background-attachment":"scroll","background-type":"","background-media":"","overlay-type":"","overlay-color":"","overlay-opacity":"","overlay-gradient":""},"tablet":{"background-color":"var(--ast-global-color-5)","background-image":"","background-repeat":"repeat","background-position":"center center","background-size":"auto","background-attachment":"scroll","background-type":"","background-media":"","overlay-type":"","overlay-color":"","overlay-opacity":"","overlay-gradient":""},"mobile":{"background-color":"var(--ast-global-color-5)","background-image":"","background-repeat":"repeat","background-position":"center center","background-size":"auto","background-attachment":"scroll","background-type":"","background-media":"","overlay-type":"","overlay-color":"","overlay-opacity":"","overlay-gradient":""}},"footnotes":""},"class_list":["post-938","page","type-page","status-publish","has-post-thumbnail","hentry"],"_links":{"self":[{"href":"https:\/\/lapparan.fr\/en\/wp-json\/wp\/v2\/pages\/938","targetHints":{"allow":["GET"]}}],"collection":[{"href":"https:\/\/lapparan.fr\/en\/wp-json\/wp\/v2\/pages"}],"about":[{"href":"https:\/\/lapparan.fr\/en\/wp-json\/wp\/v2\/types\/page"}],"author":[{"embeddable":true,"href":"https:\/\/lapparan.fr\/en\/wp-json\/wp\/v2\/users\/5"}],"replies":[{"embeddable":true,"href":"https:\/\/lapparan.fr\/en\/wp-json\/wp\/v2\/comments?post=938"}],"version-history":[{"count":0,"href":"https:\/\/lapparan.fr\/en\/wp-json\/wp\/v2\/pages\/938\/revisions"}],"wp:featuredmedia":[{"embeddable":true,"href":"https:\/\/lapparan.fr\/en\/wp-json\/wp\/v2\/media\/958"}],"wp:attachment":[{"href":"https:\/\/lapparan.fr\/en\/wp-json\/wp\/v2\/media?parent=938"}],"curies":[{"name":"wp","href":"https:\/\/api.w.org\/{rel}","templated":true}]}}