{"id":977,"date":"2021-03-27T12:11:12","date_gmt":"2021-03-27T11:11:12","guid":{"rendered":"http:\/\/lapparanfr.enseignes-montpellier.com\/?page_id=977"},"modified":"2021-04-18T14:51:25","modified_gmt":"2021-04-18T12:51:25","slug":"les-traditions-taurines","status":"publish","type":"page","link":"https:\/\/lapparan.fr\/en\/les-traditions-taurines\/","title":{"rendered":"Bullfighting Traditions"},"content":{"rendered":"<p>Saint-Dr\u00e9z\u00e9ry is a village very marked by its bullfighting traditions.<\/p>\r\n<p>Several times a year the bullfighting club organizes abrivados, bandidos and encierros.<\/p>\r\n<p>Every weekend around the 15th of August, the village is in full swing and bullfighting activities play a major role in the festivities<\/p>\r\n<p><strong>Abrivado<\/strong>abrivada: Proven\u00e7al word meaning \"impetus, haste\", noted abrivada or abrivado, formerly designated the driving of the bulls from the pastures to the arenas under the supervision of guards.<\/p>\r\n<p><strong>Bandido<\/strong>Proven\u00e7al word (from Proven\u00e7al bandir or f\u00f2rabandir, \"to expel\" the bulls) which initially designated the return of the bulls from the bullring to the pastures<\/p>\r\n<p><strong>Bull run<\/strong>Spanish term literally meaning \"confinement\" and designating either the confinement of bulls in the corrals, or a batch of bulls destined for the bullfight, or the journey of the bulls from the corrals to the bullring.<\/p>\r\n<h5>Contact us<\/h5>\r\n<h2>Book your stay<\/h2>\r\n<p>Do not hesitate to contact us, we will answer you quickly.<\/p>\r\n<h4>Phone<\/h4>\r\n<p><a href=\"tel:+33686515650\">06 86 51 56 50<\/a><br \/>Every day from 9am to 10pm<\/p>\r\n<h4>Mail<\/h4>\r\n<h4>Address<\/h4>\r\n<p><a role=\"button\" href=\"http:\/\/lapparan.frcontact-2\" target=\"_self\" rel=\"noopener\"> Send us a message <\/a><\/p>","protected":false},"excerpt":{"rendered":"<p>Saint-Dr\u00e9z\u00e9ry est un village tr\u00e8s marqu\u00e9 par ses traditions taurines. Plusieurs fois dans l&rsquo;ann\u00e9e le club taurin organise des abrivados, bandidos et des encierros. Tous les week-ends aux environs du 15 ao\u00fbt, le village est en f\u00eate et les activit\u00e9s taurines prennent une grande place dans les festivit\u00e9s Abrivado: mot proven\u00e7al signifiant \u00ab \u00e9lan, h\u00e2te [&hellip;]<\/p>","protected":false},"author":5,"featured_media":1577,"parent":0,"menu_order":0,"comment_status":"closed","ping_status":"closed","template":"","meta":{"_seopress_robots_primary_cat":"","_seopress_titles_title":"","_seopress_titles_desc":"","_seopress_robots_index":"","inline_featured_image":false,"site-sidebar-layout":"no-sidebar","site-content-layout":"page-builder","ast-site-content-layout":"default","site-content-style":"default","site-sidebar-style":"default","ast-global-header-display":"","ast-banner-title-visibility":"","ast-main-header-display":"","ast-hfb-above-header-display":"","ast-hfb-below-header-display":"","ast-hfb-mobile-header-display":"","site-post-title":"disabled","ast-breadcrumbs-content":"","ast-featured-img":"disabled","footer-sml-layout":"","ast-disable-related-posts":"","theme-transparent-header-meta":"default","adv-header-id-meta":"","stick-header-meta":"default","header-above-stick-meta":"","header-main-stick-meta":"","header-below-stick-meta":"","astra-migrate-meta-layouts":"default","ast-page-background-enabled":"default","ast-page-background-meta":{"desktop":{"background-color":"","background-image":"","background-repeat":"repeat","background-position":"center center","background-size":"auto","background-attachment":"scroll","background-type":"","background-media":"","overlay-type":"","overlay-color":"","overlay-opacity":"","overlay-gradient":""},"tablet":{"background-color":"","background-image":"","background-repeat":"repeat","background-position":"center center","background-size":"auto","background-attachment":"scroll","background-type":"","background-media":"","overlay-type":"","overlay-color":"","overlay-opacity":"","overlay-gradient":""},"mobile":{"background-color":"","background-image":"","background-repeat":"repeat","background-position":"center center","background-size":"auto","background-attachment":"scroll","background-type":"","background-media":"","overlay-type":"","overlay-color":"","overlay-opacity":"","overlay-gradient":""}},"ast-content-background-meta":{"desktop":{"background-color":"var(--ast-global-color-5)","background-image":"","background-repeat":"repeat","background-position":"center center","background-size":"auto","background-attachment":"scroll","background-type":"","background-media":"","overlay-type":"","overlay-color":"","overlay-opacity":"","overlay-gradient":""},"tablet":{"background-color":"var(--ast-global-color-5)","background-image":"","background-repeat":"repeat","background-position":"center center","background-size":"auto","background-attachment":"scroll","background-type":"","background-media":"","overlay-type":"","overlay-color":"","overlay-opacity":"","overlay-gradient":""},"mobile":{"background-color":"var(--ast-global-color-5)","background-image":"","background-repeat":"repeat","background-position":"center center","background-size":"auto","background-attachment":"scroll","background-type":"","background-media":"","overlay-type":"","overlay-color":"","overlay-opacity":"","overlay-gradient":""}},"footnotes":""},"class_list":["post-977","page","type-page","status-publish","has-post-thumbnail","hentry"],"_links":{"self":[{"href":"https:\/\/lapparan.fr\/en\/wp-json\/wp\/v2\/pages\/977","targetHints":{"allow":["GET"]}}],"collection":[{"href":"https:\/\/lapparan.fr\/en\/wp-json\/wp\/v2\/pages"}],"about":[{"href":"https:\/\/lapparan.fr\/en\/wp-json\/wp\/v2\/types\/page"}],"author":[{"embeddable":true,"href":"https:\/\/lapparan.fr\/en\/wp-json\/wp\/v2\/users\/5"}],"replies":[{"embeddable":true,"href":"https:\/\/lapparan.fr\/en\/wp-json\/wp\/v2\/comments?post=977"}],"version-history":[{"count":0,"href":"https:\/\/lapparan.fr\/en\/wp-json\/wp\/v2\/pages\/977\/revisions"}],"wp:featuredmedia":[{"embeddable":true,"href":"https:\/\/lapparan.fr\/en\/wp-json\/wp\/v2\/media\/1577"}],"wp:attachment":[{"href":"https:\/\/lapparan.fr\/en\/wp-json\/wp\/v2\/media?parent=977"}],"curies":[{"name":"wp","href":"https:\/\/api.w.org\/{rel}","templated":true}]}}