{"id":982,"date":"2021-03-27T13:42:07","date_gmt":"2021-03-27T12:42:07","guid":{"rendered":"http:\/\/lapparanfr.enseignes-montpellier.com\/?page_id=982"},"modified":"2024-02-14T18:18:42","modified_gmt":"2024-02-14T17:18:42","slug":"le-gite-jusqua-17-personnes","status":"publish","type":"page","link":"https:\/\/lapparan.fr\/en\/le-gite-jusqua-17-personnes\/","title":{"rendered":"The g\u00eete for up to 17 people"},"content":{"rendered":"<h2>Your g\u00eete<\/h2>\t\t\t\n\t\t\t\t<p>Atypical, in the center of a charming little village, beautiful stone house with a surface of 180 m2, for 17 persons (including 2 children) maximum.<\/p>\n<p>Divided into 2 independent apartments accessible by an outside staircase.<\/p>\n<p>Very bright and airy, you can enjoy a large kitchen, a large dining room, 3 terraces for meals or breakfasts, and 7 rooms with different styles.<\/p>\n\t<ul>\n\t\t<li>\t\t\n\t\t\t\t<img decoding=\"async\" src=\"http:\/\/lapparan.frwp-content\/uploads\/2021\/02\/cropped-favicon.png\" alt=\"http:\/\/lapparan.frwp-content\/uploads\/2021\/02\/cropped-favicon.png\" title=\"cropped-favicon.png\" itemprop=\"image\"\/>\n\t\t1 large kitchen (10 people)<\/li><li>\t\t\n\t\t\t\t<img decoding=\"async\" src=\"http:\/\/lapparan.frwp-content\/uploads\/2021\/02\/cropped-favicon.png\" alt=\"http:\/\/lapparan.frwp-content\/uploads\/2021\/02\/cropped-favicon.png\" title=\"cropped-favicon.png\" itemprop=\"image\"\/>\n\t\t1 large dining room (17 people)<\/li><li>\t\t\n\t\t\t\t<img decoding=\"async\" src=\"http:\/\/lapparan.frwp-content\/uploads\/2021\/02\/cropped-favicon.png\" alt=\"http:\/\/lapparan.frwp-content\/uploads\/2021\/02\/cropped-favicon.png\" title=\"cropped-favicon.png\" itemprop=\"image\"\/>\n\t\t1 living room (TV, mini stereo...)<\/li><li>\t\t\n\t\t\t\t<img decoding=\"async\" src=\"http:\/\/lapparan.frwp-content\/uploads\/2021\/02\/cropped-favicon.png\" alt=\"http:\/\/lapparan.frwp-content\/uploads\/2021\/02\/cropped-favicon.png\" title=\"cropped-favicon.png\" itemprop=\"image\"\/>\n\t\t3 terraces (barbecue, dining table)<\/li><li>\t\t\n\t\t\t\t<img decoding=\"async\" src=\"http:\/\/lapparan.frwp-content\/uploads\/2021\/02\/cropped-favicon.png\" alt=\"http:\/\/lapparan.frwp-content\/uploads\/2021\/02\/cropped-favicon.png\" title=\"cropped-favicon.png\" itemprop=\"image\"\/>\n\t\t3 bathrooms, 2 with WC<\/li><li>\t\t\n\t\t\t\t<img decoding=\"async\" src=\"http:\/\/lapparan.frwp-content\/uploads\/2021\/02\/cropped-favicon.png\" alt=\"http:\/\/lapparan.frwp-content\/uploads\/2021\/02\/cropped-favicon.png\" title=\"cropped-favicon.png\" itemprop=\"image\"\/>\n\t\t1 independent toilet<\/li><li>\t\t\n\t\t\t\t<img decoding=\"async\" src=\"http:\/\/lapparan.frwp-content\/uploads\/2021\/02\/cropped-favicon.png\" alt=\"http:\/\/lapparan.frwp-content\/uploads\/2021\/02\/cropped-favicon.png\" title=\"cropped-favicon.png\" itemprop=\"image\"\/>\n\t\t1 private parking in the courtyard for 3 to 4 vehicles<\/li>\t<\/ul>\n\t<ul>\n\t\t<li>\t\t\n\t\t\t\t<img decoding=\"async\" src=\"http:\/\/lapparan.frwp-content\/uploads\/2021\/02\/cropped-favicon.png\" alt=\"http:\/\/lapparan.frwp-content\/uploads\/2021\/02\/cropped-favicon.png\" title=\"cropped-favicon.png\" itemprop=\"image\"\/>\n\t\tThe blue room: 1 double bed and 1 single bed<\/li><li>\t\t\n\t\t\t\t<img decoding=\"async\" src=\"http:\/\/lapparan.frwp-content\/uploads\/2021\/02\/cropped-favicon.png\" alt=\"http:\/\/lapparan.frwp-content\/uploads\/2021\/02\/cropped-favicon.png\" title=\"cropped-favicon.png\" itemprop=\"image\"\/>\n\t\tThe vaulted room: 1 double bed <\/li><li>\t\t\n\t\t\t\t<img decoding=\"async\" src=\"http:\/\/lapparan.frwp-content\/uploads\/2021\/02\/cropped-favicon.png\" alt=\"http:\/\/lapparan.frwp-content\/uploads\/2021\/02\/cropped-favicon.png\" title=\"cropped-favicon.png\" itemprop=\"image\"\/>\n\t\tThe stone room: 1 double bed<\/li><li>\t\t\n\t\t\t\t<img decoding=\"async\" src=\"http:\/\/lapparan.frwp-content\/uploads\/2021\/02\/cropped-favicon.png\" alt=\"http:\/\/lapparan.frwp-content\/uploads\/2021\/02\/cropped-favicon.png\" title=\"cropped-favicon.png\" itemprop=\"image\"\/>\n\t\tThe grey room: 1 double bed<\/li><li>\t\t\n\t\t\t\t<img decoding=\"async\" src=\"http:\/\/lapparan.frwp-content\/uploads\/2021\/02\/cropped-favicon.png\" alt=\"http:\/\/lapparan.frwp-content\/uploads\/2021\/02\/cropped-favicon.png\" title=\"cropped-favicon.png\" itemprop=\"image\"\/>\n\t\tThe bar room: 1 double bed<\/li><li>\t\t\n\t\t\t\t<img decoding=\"async\" src=\"http:\/\/lapparan.frwp-content\/uploads\/2021\/02\/cropped-favicon.png\" alt=\"http:\/\/lapparan.frwp-content\/uploads\/2021\/02\/cropped-favicon.png\" title=\"cropped-favicon.png\" itemprop=\"image\"\/>\n\t\tLa chambre Mamie: 1 single bed<\/li><li>\t\t\n\t\t\t\t<img decoding=\"async\" src=\"http:\/\/lapparan.frwp-content\/uploads\/2021\/02\/cropped-favicon.png\" alt=\"http:\/\/lapparan.frwp-content\/uploads\/2021\/02\/cropped-favicon.png\" title=\"cropped-favicon.png\" itemprop=\"image\"\/>\n\t\tThe alcove room: 1 double bed, 1 single bed, 2 single beds on alcove rather for children. The access to the alcove room is through the Mamie room.<\/li>\t<\/ul>\n<h5>\n\t\tVirtual visit of the first floor\n\t<\/h5>\n\t<iframe allowfullscreen allow=\"autoplay\" data-src=\"https:\/\/player.vimeo.com\/video\/734700589?color&amp;autopause=0&amp;loop=0&amp;muted=0&amp;title=0&amp;portrait=0&amp;byline=0&amp;h\"><\/iframe>\t\t\n\t\t\t\t\tPlay Video\n<h5>\n\t\tVirtual visit of the 1st floor\n\t<\/h5>\n\t<iframe allowfullscreen allow=\"autoplay\" data-src=\"https:\/\/player.vimeo.com\/video\/734690116?color&amp;autopause=0&amp;loop=0&amp;muted=0&amp;title=0&amp;portrait=0&amp;byline=0&amp;h\"><\/iframe>\t\t\n\t\t\t\t\tPlay Video\n\t\t\t\t<img decoding=\"async\" src=\"http:\/\/lapparan.frwp-content\/uploads\/2021\/02\/decorum-haut.png\" alt=\"decorum-top\" itemprop=\"image\" title=\"decorum-top\" onerror=\"this.style.display='none'\"  \/>\n\t\t\t<h2>The rates<\/h2>\t\t\t\n\t\t\t\t<table>\n\t\t\t\t\t<thead>\n\t\t\t\t\t\t\t\t\t\t\t\t\t\t<tr>\n\t\t\t\t\t\t\t\t\t\t\t\t\t\t\t<th rowspan=\"\" colspan=\"\">\n\t\t\t\t\t\t\t\t\t\t\t\t\t\t\t\t\t<label>\n\t\t\t\t\t\t\t\t\t\t<\/label><label> 2 nights <\/label>\n\t\t\t\t\t\t\t\t\t\n\t\t\t\t\t\t\t\t\t\t\t\t\t\t\t\t\t<\/th>\n\t\t\t\t\t\t\t\t\t\t\t\t\t\t<th rowspan=\"\" colspan=\"\">\n\t\t\t\t\t\t\t\t\t\t\t\t\t\t\t\t\t<label>\n\t\t\t\t\t\t\t\t\t\t<\/label><label> 3 nights <\/label>\n\t\t\t\t\t\t\t\t\t\n\t\t\t\t\t\t\t\t\t\t\t\t\t\t\t\t\t<\/th>\n\t\t\t\t\t\t\t\t\t\t\t\t\t\t<th rowspan=\"\" colspan=\"\">\n\t\t\t\t\t\t\t\t\t\t\t\t\t\t\t\t\t<label>\n\t\t\t\t\t\t\t\t\t\t<\/label><label> 4 nights <\/label>\n\t\t\t\t\t\t\t\t\t\n\t\t\t\t\t\t\t\t\t\t\t\t\t\t\t\t\t<\/th>\n\t\t\t\t\t\t\t\t\t\t\t\t\t\t<th rowspan=\"\" colspan=\"\">\n\t\t\t\t\t\t\t\t\t\t\t\t\t\t\t\t\t<label>\n\t\t\t\t\t\t\t\t\t\t<\/label><label> 5 nights <\/label>\n\t\t\t\t\t\t\t\t\t\n\t\t\t\t\t\t\t\t\t\t\t\t\t\t\t\t\t<\/th>\n\t\t\t\t\t\t\t\t\t\t\t\t\t\t<th rowspan=\"\" colspan=\"\">\n\t\t\t\t\t\t\t\t\t\t\t\t\t\t\t\t\t<label>\n\t\t\t\t\t\t\t\t\t\t<\/label><label> Week <\/label>\n\t\t\t\t\t\t\t\t\t\n\t\t\t\t\t\t\t\t\t\t\t\t\t\t\t\t\t<\/th>\n\t\t\t\t\t\t\t\t\t\t\t<\/tr><\/thead>\n\t\t\t\t\t<tbody>\n\t\t\t\t\t\t\t\t\t\t\t\t\t\t\t<tr>\n\t\t\t\t\t\t\t\t\t\t\t\t\t\t\t\t\t\t\t\t<td colspan=\"\" rowspan=\"\">\n\t\t\t\t\t\t\t\t\t\t\t\t\t\t\t\t\t\t\t\t\t\t\t 840 \u20ac \n\t\t\t\t\t\t\t\t\t\t\t\t\t\t\t\t\t\t\t\t\t\t\t<\/td>\n\t\t\t\t\t\t\t\t\t\t\t\t\t\t\t\t<td colspan=\"\" rowspan=\"\">\n\t\t\t\t\t\t\t\t\t\t\t\t\t\t\t\t\t\t\t\t\t\t\t 1 200 \u20ac \n\t\t\t\t\t\t\t\t\t\t\t\t\t\t\t\t\t\t\t\t\t\t\t<\/td>\n\t\t\t\t\t\t\t\t\t\t\t\t\t\t\t\t<td colspan=\"\" rowspan=\"\">\n\t\t\t\t\t\t\t\t\t\t\t\t\t\t\t\t\t\t\t\t\t\t\t 1 500 \u20ac \n\t\t\t\t\t\t\t\t\t\t\t\t\t\t\t\t\t\t\t\t\t\t\t<\/td>\n\t\t\t\t\t\t\t\t\t\t\t\t\t\t\t\t<td colspan=\"\" rowspan=\"\">\n\t\t\t\t\t\t\t\t\t\t\t\t\t\t\t\t\t\t\t\t\t\t\t 1 800 \u20ac \n\t\t\t\t\t\t\t\t\t\t\t\t\t\t\t\t\t\t\t\t\t\t\t<\/td>\n\t\t\t\t\t\t\t\t\t\t\t\t\t\t\t\t<td colspan=\"\" rowspan=\"\">\n\t\t\t\t\t\t\t\t\t\t\t\t\t\t\t\t\t\t\t\t\t\t\t 2 400 \u20ac \n\t\t\t\t\t\t\t\t\t\t\t\t\t\t\t\t\t\t\t\t\t\t\t<\/td>\n\t\t\t\t\t\t\t\t\t\t\t<\/tr><\/tbody>\n\t\t\t\t<\/table>\n\t<p>For your security, we draw up a contract for each rental.<\/p>\n\t<p>For the winter period from November 1st to March 31st, add a heating fee of 40 \u20ac per day.<\/p>\n<p>\u00c0 ces tarifs, il convient de rajouter la taxe de s\u00e9jour de 7.20% du prix de la location, per\u00e7ue par Montpellier M\u00e9diterran\u00e9e M\u00e9tropole.<\/p>\n\t\t\t<h2>The equipment<\/h2>\t\t\t\n<p>The beds are made, you just have to bring your towels, soap, shampoo, shower gel ...<\/p>\n<p>You will find a minimum of sugar, salt, pepper, coffee, while you do your first shopping.\u00a0<\/p>\n<p>When you leave, the cleaning must be done, but you can avoid this and take the cleaning package which amounts to 100 euros.<\/p>\n\t\t\t\tKitchen\n\t\t\t\tWifi, TV, Hifi\n\t\t\t\tThe pluses\n\t\t\t\t\t\t\tKitchen\n\t\t\t\t<p>Gas cooker, fridge-freezer, dishwasher, microwave oven, electric coffee machine, Senseo espresso machine, electric kettle, toaster, mixer, electric food processor, pressure cooker, oven dishes, raclette and fondue appliances, crockery, barbecue...<\/p>\n<p>Household products, garbage bags, paper towels, celofrais, aluminum foil, dishwasher tablets, toilet paper ... are also available<\/p>\n\t\t\t\t\t\t\tWifi, TV, Hifi\n\t\t\t\t<p>Free Wifi, TNT television, DVD player with a selection of films for young and old, mini Hifi system, board games, books and comics...<\/p>\n\t\t\t\t\t\t\tThe most\n\t\t\t\t<p>In each room there is an adjustable electric heater for the winter and a fan for the summer.<\/p>\n\t\t\t<h5>Contact us<\/h5><h2>Book your stay<\/h2>\t\t\t\n\t\t\t\t<p>Do not hesitate to contact us, we will answer you quickly.<\/p>\n\t<h4>\n\t\t\t\tPhone\n\t\t\t<\/h4>\n\t\t\t<p><a href=\"tel:+33686515650\">+33 6 86 51 56 50<\/a><br \/>Every day from 9am to 10pm<\/p>\t\n\t<h4>\n\t\t\t\tMail\n\t\t\t<\/h4>\n\t\t\t<p><a href=\"mailto:locazin@dbmail.com\" target=\"_blank\" rel=\"noopener\">locazin@dbmail.com<\/a><\/p>\t\n\t<h4>\n\t\t\t\tAddress\n\t\t\t<\/h4>\n\t\t\t<p><a href=\"https:\/\/www.google.fr\/maps\/place\/22+Rue+du+Ctre,+34160+Saint-Dr%C3%A9z%C3%A9ry\/@43.7333877,3.9800163,17z\/data=!3m1!4b1!4m5!3m4!1s0x12b41de486699207:0xd67674be96e84b28!8m2!3d43.7333877!4d3.982205\" target=\"_blank\" rel=\"noopener\">22 rue du Centre<\/a><br \/><a href=\"\/en\/_wp_link_placeholder\/\">34160 Saint-Dr\u00e9z\u00e9ry<\/a><\/p>\t\n\t\t\t<a href=\"https:\/\/lapparan.fr\/en\/contact\/\" target=\"_self\" role=\"button\" aria-label=\"Send us a message\" rel=\"noopener\">\n\t\t\t\t\t\t\tSend us a message\n\t\t<\/a>","protected":false},"excerpt":{"rendered":"<p>Votre g\u00eete Atypique, au centre d&rsquo;un charmant petit village , belle maison en pierre d&rsquo;une surface de 180 m2, pour 17 personnes (dont 2 enfants) maximum. Divis\u00e9 en 2 appartements ind\u00e9pendants accessibles par un escalier ext\u00e9rieur. Tr\u00e8s lumineux et a\u00e9r\u00e9, vous pourrez appr\u00e9cier une grande cuisine, une grande salle \u00e0 manger, 3 terrasses pour les [&hellip;]<\/p>","protected":false},"author":5,"featured_media":637,"parent":0,"menu_order":0,"comment_status":"closed","ping_status":"closed","template":"","meta":{"_seopress_robots_primary_cat":"","_seopress_titles_title":"","_seopress_titles_desc":"","_seopress_robots_index":"","inline_featured_image":false,"site-sidebar-layout":"no-sidebar","site-content-layout":"page-builder","ast-site-content-layout":"default","site-content-style":"default","site-sidebar-style":"default","ast-global-header-display":"","ast-banner-title-visibility":"","ast-main-header-display":"","ast-hfb-above-header-display":"","ast-hfb-below-header-display":"","ast-hfb-mobile-header-display":"","site-post-title":"disabled","ast-breadcrumbs-content":"","ast-featured-img":"disabled","footer-sml-layout":"","ast-disable-related-posts":"","theme-transparent-header-meta":"default","adv-header-id-meta":"","stick-header-meta":"default","header-above-stick-meta":"","header-main-stick-meta":"","header-below-stick-meta":"","astra-migrate-meta-layouts":"default","ast-page-background-enabled":"default","ast-page-background-meta":{"desktop":{"background-color":"","background-image":"","background-repeat":"repeat","background-position":"center center","background-size":"auto","background-attachment":"scroll","background-type":"","background-media":"","overlay-type":"","overlay-color":"","overlay-opacity":"","overlay-gradient":""},"tablet":{"background-color":"","background-image":"","background-repeat":"repeat","background-position":"center center","background-size":"auto","background-attachment":"scroll","background-type":"","background-media":"","overlay-type":"","overlay-color":"","overlay-opacity":"","overlay-gradient":""},"mobile":{"background-color":"","background-image":"","background-repeat":"repeat","background-position":"center center","background-size":"auto","background-attachment":"scroll","background-type":"","background-media":"","overlay-type":"","overlay-color":"","overlay-opacity":"","overlay-gradient":""}},"ast-content-background-meta":{"desktop":{"background-color":"var(--ast-global-color-5)","background-image":"","background-repeat":"repeat","background-position":"center center","background-size":"auto","background-attachment":"scroll","background-type":"","background-media":"","overlay-type":"","overlay-color":"","overlay-opacity":"","overlay-gradient":""},"tablet":{"background-color":"var(--ast-global-color-5)","background-image":"","background-repeat":"repeat","background-position":"center center","background-size":"auto","background-attachment":"scroll","background-type":"","background-media":"","overlay-type":"","overlay-color":"","overlay-opacity":"","overlay-gradient":""},"mobile":{"background-color":"var(--ast-global-color-5)","background-image":"","background-repeat":"repeat","background-position":"center center","background-size":"auto","background-attachment":"scroll","background-type":"","background-media":"","overlay-type":"","overlay-color":"","overlay-opacity":"","overlay-gradient":""}},"footnotes":""},"class_list":["post-982","page","type-page","status-publish","has-post-thumbnail","hentry"],"_links":{"self":[{"href":"https:\/\/lapparan.fr\/en\/wp-json\/wp\/v2\/pages\/982","targetHints":{"allow":["GET"]}}],"collection":[{"href":"https:\/\/lapparan.fr\/en\/wp-json\/wp\/v2\/pages"}],"about":[{"href":"https:\/\/lapparan.fr\/en\/wp-json\/wp\/v2\/types\/page"}],"author":[{"embeddable":true,"href":"https:\/\/lapparan.fr\/en\/wp-json\/wp\/v2\/users\/5"}],"replies":[{"embeddable":true,"href":"https:\/\/lapparan.fr\/en\/wp-json\/wp\/v2\/comments?post=982"}],"version-history":[{"count":0,"href":"https:\/\/lapparan.fr\/en\/wp-json\/wp\/v2\/pages\/982\/revisions"}],"wp:featuredmedia":[{"embeddable":true,"href":"https:\/\/lapparan.fr\/en\/wp-json\/wp\/v2\/media\/637"}],"wp:attachment":[{"href":"https:\/\/lapparan.fr\/en\/wp-json\/wp\/v2\/media?parent=982"}],"curies":[{"name":"wp","href":"https:\/\/api.w.org\/{rel}","templated":true}]}}