{"id":991,"date":"2021-03-27T14:23:53","date_gmt":"2021-03-27T13:23:53","guid":{"rendered":"http:\/\/lapparanfr.enseignes-montpellier.com\/?page_id=991"},"modified":"2021-04-18T15:12:13","modified_gmt":"2021-04-18T13:12:13","slug":"les-villes-incontournables","status":"publish","type":"page","link":"https:\/\/lapparan.fr\/en\/les-villes-incontournables\/","title":{"rendered":"Cities not to be missed"},"content":{"rendered":"<h2>Montpellier<\/h2>\r\n<p>The historic centre of Montpellier is 30 minutes away from the g\u00eete by car.<\/p>\r\n<p>But we advise you to use the Parking+Tram system: a little more time, but so much more pleasant.<\/p>\r\n<h2>N\u00eemes<\/h2>\r\n<p>N\u00eemes, a Roman city, is located 45 minutes from the g\u00eete.<\/p>\r\n<h2>S\u00e8te, its port, its beaches<\/h2>\r\n<p>Called the \"singular island\" (an expression due to Paul Val\u00e9ry), S\u00e8te has seen the birth of artists such as Paul Val\u00e9ry, Georges Brassens, Manitas de Plata, or Jean Vilar.<\/p>\r\n<p>It is considered by some as the Venice of Languedoc for its port, its canal and its particularly privileged location on a promontory, with a fine sandy coastline.<\/p>\r\n<h2>Aigues Mortes<\/h2>\r\n<p>Aigues-mortes is a very touristy town but so picturesque. With its ramparts, the city of Saint Louis is full of history.<\/p>\r\n<p>You can climb to the top of the medieval fortifications and discover beautiful views of the salt pans and ponds....<\/p>\r\n<h5>Contact us<\/h5>\r\n<h2>Book your stay<\/h2>\r\n<p>Do not hesitate to contact us, we will answer you quickly.<\/p>\r\n<h4>Phone<\/h4>\r\n<p><a href=\"tel:+33686515650\">+33 6 86 51 56 50<\/a><br \/>Every day from 9am to 10pm<\/p>\r\n<h4>Mail<\/h4>\r\n<h4>Address<\/h4>\r\n<p><a role=\"button\" href=\"https:\/\/lapparan.fr\/en\/contact\/\" target=\"_self\" rel=\"noopener\"> Send us a message <\/a><\/p>","protected":false},"excerpt":{"rendered":"<p>Montpellier Le centre historique de Montpellier est \u00e0 30 minutes du g\u00eete en voiture. Mais nous vous conseillons d&rsquo;utiliser le syst\u00e8me Parking+Tram: un tout petit plus de temps de trajet, mais tellement plus agr\u00e9able. N\u00eemes N\u00eemes, ville romaine, se situe \u00e0 45 minutes du g\u00eete. S\u00e8te, son port, ses plages Appel\u00e9e l&rsquo;\u00eele singuli\u00e8re (expression due [&hellip;]<\/p>","protected":false},"author":5,"featured_media":1587,"parent":0,"menu_order":0,"comment_status":"closed","ping_status":"closed","template":"","meta":{"_seopress_robots_primary_cat":"","_seopress_titles_title":"","_seopress_titles_desc":"","_seopress_robots_index":"","inline_featured_image":false,"site-sidebar-layout":"no-sidebar","site-content-layout":"page-builder","ast-site-content-layout":"default","site-content-style":"default","site-sidebar-style":"default","ast-global-header-display":"","ast-banner-title-visibility":"","ast-main-header-display":"","ast-hfb-above-header-display":"","ast-hfb-below-header-display":"","ast-hfb-mobile-header-display":"","site-post-title":"disabled","ast-breadcrumbs-content":"","ast-featured-img":"disabled","footer-sml-layout":"","ast-disable-related-posts":"","theme-transparent-header-meta":"default","adv-header-id-meta":"","stick-header-meta":"default","header-above-stick-meta":"","header-main-stick-meta":"","header-below-stick-meta":"","astra-migrate-meta-layouts":"default","ast-page-background-enabled":"default","ast-page-background-meta":{"desktop":{"background-color":"","background-image":"","background-repeat":"repeat","background-position":"center center","background-size":"auto","background-attachment":"scroll","background-type":"","background-media":"","overlay-type":"","overlay-color":"","overlay-opacity":"","overlay-gradient":""},"tablet":{"background-color":"","background-image":"","background-repeat":"repeat","background-position":"center center","background-size":"auto","background-attachment":"scroll","background-type":"","background-media":"","overlay-type":"","overlay-color":"","overlay-opacity":"","overlay-gradient":""},"mobile":{"background-color":"","background-image":"","background-repeat":"repeat","background-position":"center center","background-size":"auto","background-attachment":"scroll","background-type":"","background-media":"","overlay-type":"","overlay-color":"","overlay-opacity":"","overlay-gradient":""}},"ast-content-background-meta":{"desktop":{"background-color":"var(--ast-global-color-5)","background-image":"","background-repeat":"repeat","background-position":"center center","background-size":"auto","background-attachment":"scroll","background-type":"","background-media":"","overlay-type":"","overlay-color":"","overlay-opacity":"","overlay-gradient":""},"tablet":{"background-color":"var(--ast-global-color-5)","background-image":"","background-repeat":"repeat","background-position":"center center","background-size":"auto","background-attachment":"scroll","background-type":"","background-media":"","overlay-type":"","overlay-color":"","overlay-opacity":"","overlay-gradient":""},"mobile":{"background-color":"var(--ast-global-color-5)","background-image":"","background-repeat":"repeat","background-position":"center center","background-size":"auto","background-attachment":"scroll","background-type":"","background-media":"","overlay-type":"","overlay-color":"","overlay-opacity":"","overlay-gradient":""}},"footnotes":""},"class_list":["post-991","page","type-page","status-publish","has-post-thumbnail","hentry"],"_links":{"self":[{"href":"https:\/\/lapparan.fr\/en\/wp-json\/wp\/v2\/pages\/991","targetHints":{"allow":["GET"]}}],"collection":[{"href":"https:\/\/lapparan.fr\/en\/wp-json\/wp\/v2\/pages"}],"about":[{"href":"https:\/\/lapparan.fr\/en\/wp-json\/wp\/v2\/types\/page"}],"author":[{"embeddable":true,"href":"https:\/\/lapparan.fr\/en\/wp-json\/wp\/v2\/users\/5"}],"replies":[{"embeddable":true,"href":"https:\/\/lapparan.fr\/en\/wp-json\/wp\/v2\/comments?post=991"}],"version-history":[{"count":0,"href":"https:\/\/lapparan.fr\/en\/wp-json\/wp\/v2\/pages\/991\/revisions"}],"wp:featuredmedia":[{"embeddable":true,"href":"https:\/\/lapparan.fr\/en\/wp-json\/wp\/v2\/media\/1587"}],"wp:attachment":[{"href":"https:\/\/lapparan.fr\/en\/wp-json\/wp\/v2\/media?parent=991"}],"curies":[{"name":"wp","href":"https:\/\/api.w.org\/{rel}","templated":true}]}}