{"id":1108,"date":"2021-03-27T18:32:01","date_gmt":"2021-03-27T17:32:01","guid":{"rendered":"http:\/\/lapparanfr.enseignes-montpellier.com\/?page_id=1108"},"modified":"2021-04-11T11:06:37","modified_gmt":"2021-04-11T09:06:37","slug":"les-sites-dexception","status":"publish","type":"page","link":"https:\/\/lapparan.fr\/es\/les-sites-dexception\/","title":{"rendered":"Los sitios excepcionales"},"content":{"rendered":"<h2>\n\t\tEl Pic Saint Loup\n\t<\/h2>\n\t<p>El Pic Saint Loup se encuentra a 20 minutos de la casa rural.<\/p>\n<p>Es uno de los sitios naturales y de senderismo m\u00e1s bellos de la regi\u00f3n.<\/p>\n<p>Muy famoso por sus terru\u00f1os, es posible subir a su cima por un sendero desde el pueblo de Cazevieille. Cuente con unas dos horas de escalada.<\/p>\n\t<iframe loading=\"lazy\" src=\"https:\/\/player.vimeo.com\/video\/106045779\" width=\"320\" height=\"180\" frameborder=\"0\" allow=\"autoplay; fullscreen; picture-in-picture\" allowfullscreen><\/iframe>\n<p><a href=\"https:\/\/vimeo.com\/106045779\">Alrededor del Pic Saint-Loup con un dron<\/a> de <a href=\"https:\/\/vimeo.com\/regisdomergue\">Regis Domergue<\/a> en <a href=\"https:\/\/vimeo.com\">Vimeo<\/a>.<\/p>\n<h2>\n\t\tSaint-Guilhem Le Desert\n\t<\/h2>\n\t<p>Saint-Guilhem-le-D\u00e9sert se ha desarrollado en torno a la Abad\u00eda de Gellone, a pocos kil\u00f3metros del Puente del Diablo, ambos inscritos en el Patrimonio Mundial de la UNESCO en el Camino de Santiago, y es uno de los pueblos m\u00e1s bellos de Francia, \u00a1y una parada imprescindible en el circuito tur\u00edstico de la regi\u00f3n! Saint-Guilhem est\u00e1 lleno de historia, con una visita a la Abad\u00eda, y ofrece hermosos paseos por sus pintorescas calles... Puede ser una bonita parada con el Circo de Mour\u00e8ze y el Puente del Diablo.<\/p>\n<h2>\n\t\tEl Puente del Gard\n\t<\/h2>\n\t<p>El Pont du Gard es un monumento de visita obligada si se encuentra en nuestra regi\u00f3n.<\/p>\n<p>No te pierdas el museo que hay a la entrada del recinto.<\/p>\n\t<iframe loading=\"lazy\" width=\"560\" height=\"315\" src=\"https:\/\/www.youtube.com\/embed\/B0phZtAvjNM\" title=\"Reproductor de v\u00eddeo de YouTube\" frameborder=\"0\" allow=\"accelerometer; autoplay; clipboard-write; encrypted-media; gyroscope; picture-in-picture\" allowfullscreen><\/iframe>\n<h2>\n\t\tLa Camarga - Les Saintes Maries de la Mer\n\t<\/h2>\n\t<p>Magn\u00edficos paisajes, extensiones de agua hasta donde alcanza la vista, una naturaleza intacta por cualquier huella humana, \u00a1la Camarga est\u00e1 llena de sorpresas! Cada hora del d\u00eda le ofrecer\u00e1 luces y olores diferentes... Seguro que ver\u00e1 multitud de p\u00e1jaros y puede que incluso una bandada de flamencos rosas.<\/p>\n<p>Pasar por Aigues-Mortes, las Saintes Marie de la mer, el Grau du Roi o la playa de Beauduc para los m\u00e1s valientes, grandes etapas en el descubrimiento de la regi\u00f3n.<\/p>\n<p>La visita del <a href=\"https:\/\/www.parcornithologique.com\/\" target=\"_blank\" rel=\"noopener\"><strong>Parque Ornitol\u00f3gico de Pont de Gau<\/strong><\/a> le permitir\u00e1 acercarse a las aves de la Camarga durante un paseo por los senderos del parque. Hay instalaciones de picnic disponibles.<\/p>\n<h2>\n\t\tEl bosque de bamb\u00faes de Anduze\n\t<\/h2>\n\t<p>Un buen d\u00eda para visitar Anduze en la puerta de las Cevenas, tomar un caf\u00e9 en la famosa plaza de la torre del reloj, visitar las famosas alfarer\u00edas y pasear por las callejuelas de la ciudad.<\/p>\n<p>El Jard\u00edn de Bamb\u00fa de Anduze se encuentra a 5 minutos del pueblo. Aqu\u00ed podr\u00e1 disfrutar de la frescura de las callejuelas bordeadas de gigantescos bamb\u00faes y descubrir un aut\u00e9ntico jard\u00edn asi\u00e1tico.<\/p>\n<p>Luego, un poco m\u00e1s adelante, el museo del desierto, \u00a1un verdadero salto en el tiempo! Un peque\u00f1o museo con visita a una casa de Camisard y toda la historia de los protestantes que predicaban en el desierto, de ah\u00ed el nombre de este museo.<\/p>\n\t\t\t<h5>Cont\u00e1ctenos<\/h5><h2>Reserve su estancia<\/h2>\t\t\t\n\t\t\t\t<p>No dude en ponerse en contacto con nosotros, le responderemos r\u00e1pidamente.<\/p>\n\t<h4>\n\t\t\t\tTel\u00e9fono\n\t\t\t<\/h4>\n\t\t<p><a href=\"tel:+33686515650\">06 86 51 56 50<\/a><br \/>Todos los d\u00edas de 9 a 22 horas<\/p>\t\n\t<h4>\n\t\t\t\tCorreo\n\t\t\t<\/h4>\n\t\t\t\n\t<h4>\n\t\t\t\tDirecci\u00f3n\n\t\t\t<\/h4>\n\t\t\t\n\t\t\t<a href=\"http:\/\/lapparan.frcontact-2\" target=\"_self\" role=\"button\" rel=\"noopener\">\n\t\t\t\t\t\t\tEnv\u00edanos un mensaje\n\t\t<\/a>","protected":false},"excerpt":{"rendered":"<p>Le Pic Saint Loup Le pic Saint Loup se situe \u00e0 20 minutes\u00a0du g\u00eete. C&rsquo;est l&rsquo;un des plus beaux sites naturels et de randonn\u00e9es de la r\u00e9gion. Tr\u00e8s r\u00e9put\u00e9 pour ses terroirs, il est possible de monter jusqu&rsquo;\u00e0 son pic par un chemin p\u00e9destre \u00e0 partir du village de Cazevieille.\u00a0Compter environ deux heures de grimpette! [&hellip;]<\/p>","protected":false},"author":5,"featured_media":1008,"parent":0,"menu_order":0,"comment_status":"closed","ping_status":"closed","template":"","meta":{"_seopress_robots_primary_cat":"","_seopress_titles_title":"","_seopress_titles_desc":"","_seopress_robots_index":"","inline_featured_image":false,"site-sidebar-layout":"no-sidebar","site-content-layout":"page-builder","ast-site-content-layout":"default","site-content-style":"default","site-sidebar-style":"default","ast-global-header-display":"","ast-banner-title-visibility":"","ast-main-header-display":"","ast-hfb-above-header-display":"","ast-hfb-below-header-display":"","ast-hfb-mobile-header-display":"","site-post-title":"disabled","ast-breadcrumbs-content":"","ast-featured-img":"disabled","footer-sml-layout":"","ast-disable-related-posts":"","theme-transparent-header-meta":"default","adv-header-id-meta":"","stick-header-meta":"default","header-above-stick-meta":"","header-main-stick-meta":"","header-below-stick-meta":"","astra-migrate-meta-layouts":"default","ast-page-background-enabled":"default","ast-page-background-meta":{"desktop":{"background-color":"","background-image":"","background-repeat":"repeat","background-position":"center center","background-size":"auto","background-attachment":"scroll","background-type":"","background-media":"","overlay-type":"","overlay-color":"","overlay-opacity":"","overlay-gradient":""},"tablet":{"background-color":"","background-image":"","background-repeat":"repeat","background-position":"center center","background-size":"auto","background-attachment":"scroll","background-type":"","background-media":"","overlay-type":"","overlay-color":"","overlay-opacity":"","overlay-gradient":""},"mobile":{"background-color":"","background-image":"","background-repeat":"repeat","background-position":"center center","background-size":"auto","background-attachment":"scroll","background-type":"","background-media":"","overlay-type":"","overlay-color":"","overlay-opacity":"","overlay-gradient":""}},"ast-content-background-meta":{"desktop":{"background-color":"var(--ast-global-color-5)","background-image":"","background-repeat":"repeat","background-position":"center center","background-size":"auto","background-attachment":"scroll","background-type":"","background-media":"","overlay-type":"","overlay-color":"","overlay-opacity":"","overlay-gradient":""},"tablet":{"background-color":"var(--ast-global-color-5)","background-image":"","background-repeat":"repeat","background-position":"center center","background-size":"auto","background-attachment":"scroll","background-type":"","background-media":"","overlay-type":"","overlay-color":"","overlay-opacity":"","overlay-gradient":""},"mobile":{"background-color":"var(--ast-global-color-5)","background-image":"","background-repeat":"repeat","background-position":"center center","background-size":"auto","background-attachment":"scroll","background-type":"","background-media":"","overlay-type":"","overlay-color":"","overlay-opacity":"","overlay-gradient":""}},"footnotes":""},"class_list":["post-1108","page","type-page","status-publish","has-post-thumbnail","hentry"],"_links":{"self":[{"href":"https:\/\/lapparan.fr\/es\/wp-json\/wp\/v2\/pages\/1108","targetHints":{"allow":["GET"]}}],"collection":[{"href":"https:\/\/lapparan.fr\/es\/wp-json\/wp\/v2\/pages"}],"about":[{"href":"https:\/\/lapparan.fr\/es\/wp-json\/wp\/v2\/types\/page"}],"author":[{"embeddable":true,"href":"https:\/\/lapparan.fr\/es\/wp-json\/wp\/v2\/users\/5"}],"replies":[{"embeddable":true,"href":"https:\/\/lapparan.fr\/es\/wp-json\/wp\/v2\/comments?post=1108"}],"version-history":[{"count":0,"href":"https:\/\/lapparan.fr\/es\/wp-json\/wp\/v2\/pages\/1108\/revisions"}],"wp:featuredmedia":[{"embeddable":true,"href":"https:\/\/lapparan.fr\/es\/wp-json\/wp\/v2\/media\/1008"}],"wp:attachment":[{"href":"https:\/\/lapparan.fr\/es\/wp-json\/wp\/v2\/media?parent=1108"}],"curies":[{"name":"wp","href":"https:\/\/api.w.org\/{rel}","templated":true}]}}