{"id":1114,"date":"2021-03-27T21:10:19","date_gmt":"2021-03-27T20:10:19","guid":{"rendered":"http:\/\/lapparanfr.enseignes-montpellier.com\/?page_id=1114"},"modified":"2021-03-28T09:44:40","modified_gmt":"2021-03-28T07:44:40","slug":"les-gites-vus-par-nos-hotes","status":"publish","type":"page","link":"https:\/\/lapparan.fr\/es\/les-gites-vus-par-nos-hotes\/","title":{"rendered":"Las casas rurales \" vistas por nuestros hu\u00e9spedes"},"content":{"rendered":"<p>Nos gustar\u00eda agradecer a todos los que nos han enviado fotos tomadas durante una estancia en la Maison de Lapparan.<\/p>\n<p>Es su visi\u00f3n personal de la casa rural y eso cuenta mucho para nosotros.<\/p>\n\t\t\t<h5>Cont\u00e1ctenos<\/h5><h2>Reserve su estancia<\/h2>\t\t\t\n\t\t\t\t<p>No dude en ponerse en contacto con nosotros, le responderemos r\u00e1pidamente.<\/p>\n\t<h4>\n\t\t\t\tTel\u00e9fono\n\t\t\t<\/h4>\n\t\t<p><a href=\"tel:+33686515650\">06 86 51 56 50<\/a><br \/>Todos los d\u00edas de 9 a 22 horas<\/p>\t\n\t<h4>\n\t\t\t\tCorreo\n\t\t\t<\/h4>\n\t\t\t\n\t<h4>\n\t\t\t\tDirecci\u00f3n\n\t\t\t<\/h4>\n\t\t\t\n\t\t\t<a href=\"http:\/\/lapparan.frcontact-2\" target=\"_self\" role=\"button\" rel=\"noopener\">\n\t\t\t\t\t\t\tEnv\u00edanos un mensaje\n\t\t<\/a>","protected":false},"excerpt":{"rendered":"<p>Nous remercions tous ceux qui nous font le plaisir de nous envoyer leurs photos prises \u00e0 l&rsquo;occasion d&rsquo;un s\u00e9jour \u00e0 la Maison de Lapparan. C&rsquo;est votre vision personnelle du g\u00eete et cela compte beaucoup pour nous. Nous contacter R\u00e9servez votre s\u00e9jour N&rsquo;h\u00e9sitez pas \u00e0 nous contacter, nous vous r\u00e9pondons rapidement. T\u00e9l\u00e9phone 06 86 51 56 [&hellip;]<\/p>","protected":false},"author":5,"featured_media":1118,"parent":0,"menu_order":0,"comment_status":"closed","ping_status":"closed","template":"","meta":{"_seopress_robots_primary_cat":"","_seopress_titles_title":"","_seopress_titles_desc":"","_seopress_robots_index":"","inline_featured_image":false,"site-sidebar-layout":"no-sidebar","site-content-layout":"page-builder","ast-site-content-layout":"default","site-content-style":"default","site-sidebar-style":"default","ast-global-header-display":"","ast-banner-title-visibility":"","ast-main-header-display":"","ast-hfb-above-header-display":"","ast-hfb-below-header-display":"","ast-hfb-mobile-header-display":"","site-post-title":"disabled","ast-breadcrumbs-content":"","ast-featured-img":"disabled","footer-sml-layout":"","ast-disable-related-posts":"","theme-transparent-header-meta":"default","adv-header-id-meta":"","stick-header-meta":"default","header-above-stick-meta":"","header-main-stick-meta":"","header-below-stick-meta":"","astra-migrate-meta-layouts":"default","ast-page-background-enabled":"default","ast-page-background-meta":{"desktop":{"background-color":"","background-image":"","background-repeat":"repeat","background-position":"center center","background-size":"auto","background-attachment":"scroll","background-type":"","background-media":"","overlay-type":"","overlay-color":"","overlay-opacity":"","overlay-gradient":""},"tablet":{"background-color":"","background-image":"","background-repeat":"repeat","background-position":"center center","background-size":"auto","background-attachment":"scroll","background-type":"","background-media":"","overlay-type":"","overlay-color":"","overlay-opacity":"","overlay-gradient":""},"mobile":{"background-color":"","background-image":"","background-repeat":"repeat","background-position":"center center","background-size":"auto","background-attachment":"scroll","background-type":"","background-media":"","overlay-type":"","overlay-color":"","overlay-opacity":"","overlay-gradient":""}},"ast-content-background-meta":{"desktop":{"background-color":"var(--ast-global-color-5)","background-image":"","background-repeat":"repeat","background-position":"center center","background-size":"auto","background-attachment":"scroll","background-type":"","background-media":"","overlay-type":"","overlay-color":"","overlay-opacity":"","overlay-gradient":""},"tablet":{"background-color":"var(--ast-global-color-5)","background-image":"","background-repeat":"repeat","background-position":"center center","background-size":"auto","background-attachment":"scroll","background-type":"","background-media":"","overlay-type":"","overlay-color":"","overlay-opacity":"","overlay-gradient":""},"mobile":{"background-color":"var(--ast-global-color-5)","background-image":"","background-repeat":"repeat","background-position":"center center","background-size":"auto","background-attachment":"scroll","background-type":"","background-media":"","overlay-type":"","overlay-color":"","overlay-opacity":"","overlay-gradient":""}},"footnotes":""},"class_list":["post-1114","page","type-page","status-publish","has-post-thumbnail","hentry"],"_links":{"self":[{"href":"https:\/\/lapparan.fr\/es\/wp-json\/wp\/v2\/pages\/1114","targetHints":{"allow":["GET"]}}],"collection":[{"href":"https:\/\/lapparan.fr\/es\/wp-json\/wp\/v2\/pages"}],"about":[{"href":"https:\/\/lapparan.fr\/es\/wp-json\/wp\/v2\/types\/page"}],"author":[{"embeddable":true,"href":"https:\/\/lapparan.fr\/es\/wp-json\/wp\/v2\/users\/5"}],"replies":[{"embeddable":true,"href":"https:\/\/lapparan.fr\/es\/wp-json\/wp\/v2\/comments?post=1114"}],"version-history":[{"count":0,"href":"https:\/\/lapparan.fr\/es\/wp-json\/wp\/v2\/pages\/1114\/revisions"}],"wp:featuredmedia":[{"embeddable":true,"href":"https:\/\/lapparan.fr\/es\/wp-json\/wp\/v2\/media\/1118"}],"wp:attachment":[{"href":"https:\/\/lapparan.fr\/es\/wp-json\/wp\/v2\/media?parent=1114"}],"curies":[{"name":"wp","href":"https:\/\/api.w.org\/{rel}","templated":true}]}}