{"id":17,"date":"2020-03-05T14:12:53","date_gmt":"2020-03-05T13:12:53","guid":{"rendered":"http:\/\/cgt-cic-sofr.lesoukdemma.fr\/?page_id=17"},"modified":"2021-04-16T11:07:54","modified_gmt":"2021-04-16T09:07:54","slug":"mentions-legales","status":"publish","type":"page","link":"https:\/\/lapparan.fr\/es\/mentions-legales\/","title":{"rendered":"Informaci\u00f3n legal"},"content":{"rendered":"<h3>1. Presentaci\u00f3n del sitio.<\/h3>\n<p>De conformidad con el art\u00edculo 6 de la Ley n\u00ba 2004-575 de 21 de junio de 2004 sobre la confianza en la econom\u00eda digital, se informa a los usuarios del sitio que <a href=\"https:\/\/lapparan.fr\/es\/\">www.lapparan.fr<\/a> la identidad de las distintas partes implicadas en su aplicaci\u00f3n y control:<\/p>\n<strong>Propietario<\/strong> MADAME LAURENCE CAZIN - Empresario individual (Siret: 83844235800019) - 2 chemin de l'Apparent 34160 Saint-Dr\u00e9z\u00e9ry<br \/>\n<strong>Creador<\/strong>  : <a href=\"\/es\/www.receptive.biz\/\">Agencia entrante<\/a><br \/>\n<strong>Responsable de la publicaci\u00f3n<\/strong> : Laurence Cazin - locazin@dbmail.com<br \/>\nEl responsable de la publicaci\u00f3n es una persona f\u00edsica o jur\u00eddica.<br \/>\n<strong>Webmaster<\/strong> : Agencia receptiva - agence@receptive.biz<br \/>\n<strong>Anfitri\u00f3n<\/strong> O2switch - 222 Boulevard Gustave Flaubert, 63000 Clermont-Ferrand<br \/>\nCr\u00e9ditos: <br \/>\nEl modelo de aviso legal es ofrecido por Subdelirium.com <a target=\"_blank\" href=\"https:\/\/www.subdelirium.com\/generateur-de-mentions-legales\/\" alt=\"generateur de mentions l\u00e9gales\" rel=\"noopener\">Generador de avisos legales<\/a>\n<h3>2. Condiciones generales de uso del sitio y de los servicios ofrecidos.<\/h3>\n<p>El uso del sitio <a href=\"https:\/\/lapparan.fr\/es\/\">www.lapparan.fr<\/a> implica la aceptaci\u00f3n plena y completa de las condiciones generales de uso descritas a continuaci\u00f3n. Estas condiciones de uso pueden ser modificadas o complementadas en cualquier momento, los usuarios del sitio <a href=\"https:\/\/lapparan.fr\/es\/\">www.lapparan.fr<\/a> por lo que se les invita a consultarlos peri\u00f3dicamente.<\/p>\n<p>Este sitio es normalmente accesible a los usuarios en todo momento. No obstante, MADAME LAURENCE CAZIN puede decidir interrumpir el sitio por motivos de mantenimiento t\u00e9cnico. En tal caso, MADAME LAURENCE CAZIN se esforzar\u00e1 por informar previamente a los usuarios de las fechas y horas de la intervenci\u00f3n.<\/p>\n<p>El sitio <a href=\"https:\/\/lapparan.fr\/es\/\">www.lapparan.fr<\/a> es actualizada regularmente por Laurence Cazin. Del mismo modo, los avisos legales pueden ser modificados en cualquier momento: no obstante, son vinculantes para el usuario, a quien se invita a consultarlos con la mayor frecuencia posible para tomar nota de ellos.<\/p>\n<h3>3. Descripci\u00f3n de los servicios prestados.<\/h3>\n<p>El sitio <a href=\"https:\/\/lapparan.fr\/es\/\">www.lapparan.fr<\/a> es proporcionar informaci\u00f3n sobre todas las actividades de la empresa.<\/p>\n<p>MADAME LAURENCE CAZIN se esfuerza por ofrecer en el sitio <a href=\"https:\/\/lapparan.fr\/es\/\">www.lapparan.fr<\/a> informaci\u00f3n lo m\u00e1s exacta posible. Sin embargo, no se le puede responsabilizar de las omisiones, inexactitudes y deficiencias en la actualizaci\u00f3n, ya sea por su culpa o por la de los terceros asociados que le proporcionan esta informaci\u00f3n.<\/p>\n<p>Toda la informaci\u00f3n del sitio <a href=\"https:\/\/lapparan.fr\/es\/\">www.lapparan.fr<\/a> se dan a t\u00edtulo informativo y est\u00e1n sujetas a cambios. Adem\u00e1s, la informaci\u00f3n del sitio <a href=\"https:\/\/lapparan.fr\/es\/\">www.lapparan.fr<\/a> no son exhaustivos. Se dan a condici\u00f3n de que se hayan realizado modificaciones desde su puesta en l\u00ednea.<\/p>\n<h3>4. Limitaciones contractuales de los datos t\u00e9cnicos.<\/h3>\n<p>El sitio utiliza la tecnolog\u00eda JavaScript.<\/p>\n<p>El sitio web no se hace responsable de los da\u00f1os materiales relacionados con el uso del sitio. Adem\u00e1s, el usuario del sitio se compromete a acceder a \u00e9l con equipos recientes, libres de virus y con un navegador actualizado de \u00faltima generaci\u00f3n.<\/p>\n<h3>5. Propiedad intelectual y falsificaci\u00f3n.<\/h3>\n<p>MADAME LAURENCE CAZIN es propietaria de los derechos de propiedad intelectual o titular de los derechos de uso sobre todos los elementos accesibles en el sitio, en particular los textos, im\u00e1genes, gr\u00e1ficos, logotipos, iconos, sonidos y software.<\/p>\n<p>Cualquier reproducci\u00f3n, representaci\u00f3n, modificaci\u00f3n, publicaci\u00f3n, adaptaci\u00f3n de la totalidad o parte de los elementos del sitio, cualquiera que sea el medio o el procedimiento utilizado, est\u00e1 prohibida, salvo autorizaci\u00f3n previa por escrito de : LA SE\u00d1ORA LAURENCE CAZIN.<\/p>\n<p>Toda utilizaci\u00f3n no autorizada del sitio o de alguno de los elementos que contiene se considerar\u00e1 constitutiva de infracci\u00f3n y ser\u00e1 perseguida de conformidad con las disposiciones de los art\u00edculos L.335-2 y siguientes del C\u00f3digo de la Propiedad Intelectual.<\/p>\n<h3>6. Limitaciones de responsabilidad.<\/h3>\n<p>MADAME LAURENCE CAZIN no se hace responsable de los da\u00f1os directos e indirectos causados al equipo del usuario al acceder al sitio web www.lapparan.fr, y que sean consecuencia bien del uso de un equipo que no cumpla las especificaciones indicadas en el punto 4, bien de la aparici\u00f3n de un error o de una incompatibilidad.<\/p>\n<p>MADAME LAURENCE CAZIN no se hace responsable de los da\u00f1os indirectos (como la p\u00e9rdida de mercado o la p\u00e9rdida de oportunidades) resultantes del uso del sitio <a href=\"https:\/\/lapparan.fr\/es\/\">www.lapparan.fr<\/a>.<\/p>\n<p>Los usuarios disponen de zonas interactivas (posibilidad de hacer preguntas en la zona de contacto). MADAME LAURENCE CAZIN se reserva el derecho de eliminar, sin previo aviso, cualquier contenido publicado en este espacio que contravenga la legislaci\u00f3n aplicable en Francia, en particular las disposiciones relativas a la protecci\u00f3n de datos. En su caso, MADAME LAURENCE CAZIN tambi\u00e9n se reserva el derecho de exigir la responsabilidad civil y\/o penal del usuario, especialmente en caso de mensajes de car\u00e1cter racista, insultante, difamatorio o pornogr\u00e1fico, sea cual sea el medio utilizado (texto, fotograf\u00edas, etc.).<\/p>\n<h3>7. Gesti\u00f3n de datos personales.<\/h3>\n<p>En Francia, los datos personales est\u00e1n protegidos por la ley n\u00ba 78-87 de 6 de enero de 1978, la ley n\u00ba 2004-801 de 6 de agosto de 2004, el art\u00edculo L. 226-13 del C\u00f3digo Penal y la Directiva Europea de 24 de octubre de 1995.<\/p>\n<p>Al utilizar el sitio <a href=\"https:\/\/lapparan.fr\/es\/\">www.lapparan.fr<\/a>Se puede recoger: la URL de los enlaces a trav\u00e9s de los cuales el usuario ha accedido al sitio <a href=\"https:\/\/lapparan.fr\/es\/\">www.lapparan.fr<\/a>La direcci\u00f3n del Protocolo de Internet (IP) del usuario.<\/p>\n<p> En cualquier caso, MADAME LAURENCE CAZIN s\u00f3lo recoge informaci\u00f3n personal sobre el usuario a efectos de determinados servicios ofrecidos por el sitio <a href=\"https:\/\/lapparan.fr\/es\/\">www.lapparan.fr<\/a>. El usuario proporciona esta informaci\u00f3n con pleno conocimiento de causa, en particular cuando la introduce. A continuaci\u00f3n, se especifica al usuario del sitio <a href=\"https:\/\/lapparan.fr\/es\/\">www.lapparan.fr<\/a> la obligaci\u00f3n de proporcionar esta informaci\u00f3n.<\/p>\n<p>De conformidad con las disposiciones de los art\u00edculos 38 y siguientes de la ley 78-17 del 6 de enero de 1978 relativa a la inform\u00e1tica, a los archivos y a las libertades, todo usuario dispone de un derecho de acceso, de rectificaci\u00f3n y de oposici\u00f3n a los datos personales que le conciernen, mediante una solicitud escrita y firmada, acompa\u00f1ada de una copia del documento de identidad con la firma del titular del documento, precisando la direcci\u00f3n a la que debe enviarse la respuesta.<\/p>\n<p>Ninguna informaci\u00f3n personal del usuario del sitio <a href=\"https:\/\/lapparan.fr\/es\/\">www.lapparan.fr<\/a> se publique sin el conocimiento del usuario, se intercambie, se transfiera, se ceda o se venda por cualquier medio a terceros. S\u00f3lo la asunci\u00f3n de la recompra de MADAME LAURENCE CAZIN y de sus derechos permitir\u00eda la transmisi\u00f3n de dicha informaci\u00f3n al posible comprador que estar\u00eda a su vez sujeto a la misma obligaci\u00f3n de conservaci\u00f3n y modificaci\u00f3n de los datos con respecto al usuario del sitio <a href=\"https:\/\/lapparan.fr\/es\/\">www.lapparan.fr<\/a>.<\/p>\n<p>Las bases de datos est\u00e1n protegidas por las disposiciones de la ley de 1 de julio de 1998 que transpone la directiva 96\/9 de 11 de marzo de 1996 sobre la protecci\u00f3n jur\u00eddica de las bases de datos.<\/p>\n<h3>8. Enlaces de hipertexto y cookies.<\/h3>\n<p>El sitio <a href=\"https:\/\/lapparan.fr\/es\/\">www.lapparan.fr<\/a> contiene un cierto n\u00famero de enlaces de hipertexto hacia otros sitios, establecidos con la autorizaci\u00f3n de MADAME LAURENCE CAZIN. Sin embargo, MADAME LAURENCE CAZIN no tiene la posibilidad de comprobar el contenido de los sitios as\u00ed visitados, y en consecuencia no asumir\u00e1 ninguna responsabilidad por este hecho.<\/p>\n<p>Navegaci\u00f3n en el sitio web <a href=\"https:\/\/lapparan.fr\/es\/\">www.lapparan.fr<\/a> puede hacer que se instalen cookies en el ordenador del usuario. Una cookie es un peque\u00f1o archivo que no permite identificar al usuario, pero que registra informaci\u00f3n relativa a la navegaci\u00f3n de un ordenador en un sitio. Los datos as\u00ed obtenidos est\u00e1n destinados a facilitar la navegaci\u00f3n posterior en el sitio, y tambi\u00e9n a permitir diversas medidas de frecuentaci\u00f3n.<\/p>\n<p>Rechazar la instalaci\u00f3n de una cookie puede imposibilitar el acceso a determinados servicios. Sin embargo, el usuario puede configurar su ordenador de la siguiente manera para rechazar la instalaci\u00f3n de cookies:<\/p>\n<p>En Internet Explorer: pesta\u00f1a Herramientas (pictograma en forma de rueda dentada en la parte superior derecha) \/ Opciones de Internet. Haga clic en Privacidad y elija Bloquear todas las cookies. Validar en Ok.<\/p>\nEn Firefox: en la parte superior de la ventana del navegador, haga clic en el bot\u00f3n de Firefox y luego vaya a la pesta\u00f1a Opciones. Haga clic en la pesta\u00f1a Privacidad.\n  Establezca las Reglas de Retenci\u00f3n en: utilizar la configuraci\u00f3n personalizada para el historial. Por \u00faltimo, desmarque la casilla para desactivar las cookies.\n<p>En Safari: haga clic en el icono del men\u00fa (simbolizado por un engranaje) situado en la parte superior derecha del navegador. Seleccione la configuraci\u00f3n. Haga clic en Mostrar la configuraci\u00f3n avanzada. En la secci\u00f3n \"Privacidad\", haga clic en \"Configuraci\u00f3n del contenido\". En la secci\u00f3n \"Cookies\", puede bloquear las cookies.<\/p>\n<p>En Chrome: haga clic en el icono del men\u00fa (simbolizado por tres l\u00edneas horizontales) situado en la parte superior derecha del navegador. Seleccione la configuraci\u00f3n. Haga clic en Mostrar la configuraci\u00f3n avanzada. En la secci\u00f3n \"Privacidad\", haga clic en las preferencias.  En la pesta\u00f1a \"Privacidad\", puede bloquear las cookies.<\/p>\n<h3>9. Legislaci\u00f3n y jurisdicci\u00f3n aplicables.<\/h3>\n<p>Cualquier conflicto relacionado con el uso del sitio <a href=\"https:\/\/lapparan.fr\/es\/\">www.lapparan.fr<\/a> est\u00e1 sujeta a la legislaci\u00f3n francesa. La jurisdicci\u00f3n exclusiva se otorga a los tribunales competentes de Par\u00eds.<\/p>\n<h3>10. Las principales leyes implicadas.<\/h3>\n<p>Ley n\u00b0 78-17 de 6 de enero de 1978, modificada en particular por la ley n\u00b0 2004-801 de 6 de agosto de 2004 sobre la inform\u00e1tica, los archivos y las libertades.<\/p>\n<p> Ley n\u00ba 2004-575 de 21 de junio de 2004 para la confianza en la econom\u00eda digital.<\/p>\n<h3>11. L\u00e9xico.<\/h3>\n<p>Usuario: usuario de Internet que se conecta y utiliza el sitio mencionado.<\/p>\n<p>Informaci\u00f3n personal: \"informaci\u00f3n que permite, bajo cualquier forma, directa o indirectamente, la identificaci\u00f3n de las personas f\u00edsicas a las que se aplica\" (art\u00edculo 4 de la ley n\u00b0 78-17 de 6 de enero de 1978).<\/p>","protected":false},"excerpt":{"rendered":"<p>1. Pr\u00e9sentation du site. En vertu de l&rsquo;article 6 de la loi n\u00b0 2004-575 du 21 juin 2004 pour la confiance dans l&rsquo;\u00e9conomie num\u00e9rique, il est pr\u00e9cis\u00e9 aux utilisateurs du site www.lapparan.fr l&rsquo;identit\u00e9 des diff\u00e9rents intervenants dans le cadre de sa r\u00e9alisation et de son suivi : Propri\u00e9taire : MADAME LAURENCE CAZIN &#8211; Entrepreneur individuel [&hellip;]<\/p>","protected":false},"author":1,"featured_media":1466,"parent":0,"menu_order":0,"comment_status":"closed","ping_status":"closed","template":"","meta":{"_seopress_robots_primary_cat":"","_seopress_titles_title":"","_seopress_titles_desc":"","_seopress_robots_index":"yes","inline_featured_image":false,"site-sidebar-layout":"no-sidebar","site-content-layout":"page-builder","ast-site-content-layout":"default","site-content-style":"default","site-sidebar-style":"default","ast-global-header-display":"","ast-banner-title-visibility":"","ast-main-header-display":"","ast-hfb-above-header-display":"","ast-hfb-below-header-display":"","ast-hfb-mobile-header-display":"","site-post-title":"disabled","ast-breadcrumbs-content":"","ast-featured-img":"disabled","footer-sml-layout":"","ast-disable-related-posts":"","theme-transparent-header-meta":"default","adv-header-id-meta":"","stick-header-meta":"default","header-above-stick-meta":"","header-main-stick-meta":"","header-below-stick-meta":"","astra-migrate-meta-layouts":"default","ast-page-background-enabled":"default","ast-page-background-meta":{"desktop":{"background-color":"","background-image":"","background-repeat":"repeat","background-position":"center center","background-size":"auto","background-attachment":"scroll","background-type":"","background-media":"","overlay-type":"","overlay-color":"","overlay-opacity":"","overlay-gradient":""},"tablet":{"background-color":"","background-image":"","background-repeat":"repeat","background-position":"center center","background-size":"auto","background-attachment":"scroll","background-type":"","background-media":"","overlay-type":"","overlay-color":"","overlay-opacity":"","overlay-gradient":""},"mobile":{"background-color":"","background-image":"","background-repeat":"repeat","background-position":"center center","background-size":"auto","background-attachment":"scroll","background-type":"","background-media":"","overlay-type":"","overlay-color":"","overlay-opacity":"","overlay-gradient":""}},"ast-content-background-meta":{"desktop":{"background-color":"var(--ast-global-color-5)","background-image":"","background-repeat":"repeat","background-position":"center center","background-size":"auto","background-attachment":"scroll","background-type":"","background-media":"","overlay-type":"","overlay-color":"","overlay-opacity":"","overlay-gradient":""},"tablet":{"background-color":"var(--ast-global-color-5)","background-image":"","background-repeat":"repeat","background-position":"center center","background-size":"auto","background-attachment":"scroll","background-type":"","background-media":"","overlay-type":"","overlay-color":"","overlay-opacity":"","overlay-gradient":""},"mobile":{"background-color":"var(--ast-global-color-5)","background-image":"","background-repeat":"repeat","background-position":"center center","background-size":"auto","background-attachment":"scroll","background-type":"","background-media":"","overlay-type":"","overlay-color":"","overlay-opacity":"","overlay-gradient":""}},"footnotes":""},"class_list":["post-17","page","type-page","status-publish","has-post-thumbnail","hentry"],"_links":{"self":[{"href":"https:\/\/lapparan.fr\/es\/wp-json\/wp\/v2\/pages\/17","targetHints":{"allow":["GET"]}}],"collection":[{"href":"https:\/\/lapparan.fr\/es\/wp-json\/wp\/v2\/pages"}],"about":[{"href":"https:\/\/lapparan.fr\/es\/wp-json\/wp\/v2\/types\/page"}],"author":[{"embeddable":true,"href":"https:\/\/lapparan.fr\/es\/wp-json\/wp\/v2\/users\/1"}],"replies":[{"embeddable":true,"href":"https:\/\/lapparan.fr\/es\/wp-json\/wp\/v2\/comments?post=17"}],"version-history":[{"count":0,"href":"https:\/\/lapparan.fr\/es\/wp-json\/wp\/v2\/pages\/17\/revisions"}],"wp:featuredmedia":[{"embeddable":true,"href":"https:\/\/lapparan.fr\/es\/wp-json\/wp\/v2\/media\/1466"}],"wp:attachment":[{"href":"https:\/\/lapparan.fr\/es\/wp-json\/wp\/v2\/media?parent=17"}],"curies":[{"name":"wp","href":"https:\/\/api.w.org\/{rel}","templated":true}]}}