{"id":282,"date":"2019-02-28T21:00:17","date_gmt":"2019-02-28T20:00:17","guid":{"rendered":"http:\/\/lapparanfr.enseignes-montpellier.com\/home\/"},"modified":"2023-02-28T15:52:16","modified_gmt":"2023-02-28T14:52:16","slug":"accueil","status":"publish","type":"page","link":"https:\/\/lapparan.fr\/es\/","title":{"rendered":"Inicio"},"content":{"rendered":"<h5>Bienvenido a la Maison de Lapparan<\/h5><h1>Encantadoras casas rurales y habitaciones de hu\u00e9spedes<\/h1>\t\t\t\n\t\t\t\t<p>Cerca de Montpellier, entre playa y monte bajo, descubra nuestras casas rurales y habitaciones de hu\u00e9spedes que pueden alojar de 2 a 17 personas.<\/p>\n\t\t\t\t\t\t<a href=\"https:\/\/lapparan.fr\/es\/le-gite-pour-4-a-5-personnes\/\" target=\"_self\" rel=\"noopener\">\n\t\t\t\t\t\t\t\t\t\t\t\t<img decoding=\"async\" src=\"https:\/\/lapparan.fr\/wp-content\/uploads\/2021\/02\/gite-4-personnes-3.jpg\" alt=\"Casa rural para 4 a 5 personas\" \/>\n\t\t\t\t\t\t\t\t<h3>Casa rural para 4 a 5 personas<\/h3>\n\t\t\t\t\t\t\t\t\t<p>Planta baja de una casa de piedra, para 4 o 5 personas<\/p>\n\t\t\t\t\t\t\t\t\t\t<\/a>\n\t\t\t\t\t\t<a href=\"https:\/\/lapparan.fr\/es\/le-gite-jusqua-17-personnes\/\" target=\"_self\" rel=\"noopener\">\n\t\t\t\t\t\t\t\t\t\t\t\t<img decoding=\"async\" src=\"https:\/\/lapparan.fr\/wp-content\/uploads\/2021\/02\/gite-18-personnes.jpg\" alt=\"Casa rural de hasta 17 personas.\" \/>\n\t\t\t\t\t\t\t\t<h3>Casa rural con capacidad para 17 personas<\/h3>\n\t\t\t\t\t\t\t\t\t<p>Bonita casa de piedra con 2 apartamentos independientes para 17 personas como m\u00e1ximo (incluyendo al menos 2 ni\u00f1os).<\/p>\n\t\t\t\t\t\t\t\t\t\t<\/a>\n\t\t\t\t\t\t<a href=\"https:\/\/lapparan.fr\/es\/le-gite-pour-6-a-12-personnes\/\" target=\"_self\" rel=\"noopener\">\n\t\t\t\t\t\t\t\t\t\t\t\t<img decoding=\"async\" src=\"https:\/\/lapparan.fr\/wp-content\/uploads\/2021\/02\/gite-6-personnes.jpg\" alt=\"Casa rural para 6 a 12 personas\" \/>\n\t\t\t\t\t\t\t\t<h3>Casa rural para 6 a 12 personas<\/h3>\n\t\t\t\t\t\t\t\t\t<p>Primer y segundo piso de una casa de piedra para 6 a 12 personas (incluyendo al menos 2 ni\u00f1os)<\/p>\n\t\t\t\t\t\t\t\t\t\t<\/a>\n\t\t\t\t\t\t<a href=\"https:\/\/lapparan.fr\/es\/nos-chambres-d-hotes\/\" target=\"_self\" rel=\"noopener\">\n\t\t\t\t\t\t\t\t\t\t\t\t<img decoding=\"async\" src=\"https:\/\/lapparan.fr\/wp-content\/uploads\/2021\/02\/chambre-hote.jpg\" alt=\"Habitaciones de encanto.\" \/>\n\t\t\t\t\t\t\t\t<h3>Encantadora casa de hu\u00e9spedes<\/h3>\n\t\t\t\t\t\t\t\t\t<p>3 habitaciones para 2 a 6 personas.<\/p>\n\t\t\t\t\t\t\t\t\t\t<\/a>\n\t\t\t<h2>Bienvenido a tu casa<\/h2>\t\t\t\n\t\t\t\t<p>Le damos la bienvenida todo el a\u00f1o en nuestra t\u00edpica casa de pueblo de Languedoc. De 2 a 17 personas, le propondremos la mejor f\u00f3rmula para alojarse y todos los consejos para descubrir nuestra hermosa regi\u00f3n.<\/p>\n<p>En familia, con amigos o de vacaciones, todos encontraran su lugar.<\/p>\n<p>Mascotas bienvenidas.<\/p>\n<p>Desde 2008 y gracias a sus comentarios, muchas cosas han mejorado.<\/p>\n<p>Apasionada de la fotograf\u00eda y la decoraci\u00f3n, me gusta ir a mercadillos y restaurar muebles antiguos. Quer\u00eda conservar todas las huellas del pasado, el comedero de caballos en la sala azul, las piedras grabadas en la cocina, la antigua bodega en la sala abovedada...<\/p>\n<p>Estoy seguro de que se sentir\u00e1 como en casa en la Casa Lapparan y disfrutar\u00e1 del ambiente especial de cada habitaci\u00f3n.\u00a0<\/p>\n<p>Laurence.<\/p>\n\t\t\t\t<img decoding=\"async\" src=\"http:\/\/lapparan.frwp-content\/uploads\/2021\/02\/decorum-haut.png\" alt=\"decoro-alto\" itemprop=\"image\" title=\"decoro-alto\" onerror=\"this.style.display='none'\"  \/>\n\t\t\t\t<img decoding=\"async\" src=\"http:\/\/lapparan.frwp-content\/uploads\/2021\/03\/laurence-home.jpg\" alt=\"laurence-home\" itemprop=\"image\" title=\"laurence-home\" onerror=\"this.style.display='none'\"  \/>\n\t\t\t\t<img decoding=\"async\" src=\"http:\/\/lapparan.frwp-content\/uploads\/2021\/02\/decorum-bas.png\" alt=\"decorum-bas\" itemprop=\"image\" title=\"decorum-bas\" onerror=\"this.style.display='none'\"  \/>\n\t\t\t<h5>Testimonios de nuestros hu\u00e9spedes<\/h5><h1>Libro de visitas<\/h1>\t\t\t\n\t\t\t\t<img decoding=\"async\" src=\"http:\/\/lapparan.frwp-content\/uploads\/2021\/02\/plume.png\" alt=\"pluma\" itemprop=\"image\" title=\"pluma\" onerror=\"this.style.display='none'\"  \/>\n\t\t\t<a href=\"https:\/\/lapparan.fr\/es\/livre-d-or\/\" target=\"_self\" role=\"button\" rel=\"noopener\">\n\t\t\t\t\t\t\tLea los testimonios de nuestros hu\u00e9spedes\n\t\t<\/a>\n\t\t\t<h5>Cont\u00e1ctenos<\/h5><h2>Reserve su estancia<\/h2>\t\t\t\n\t\t\t\t<p>No dude en ponerse en contacto con nosotros, le responderemos r\u00e1pidamente.<\/p>\n\t<h4>\n\t\t\t\tTel\u00e9fono\n\t\t\t<\/h4>\n\t\t<p><a href=\"tel:+33686515650\">+33 6 86 51 56 50<\/a><br \/>Todos los d\u00edas de 9 a 22 horas<\/p>\t\n\t<h4>\n\t\t\t\tCorreo\n\t\t\t<\/h4>\n\t\t<p><a href=\"mailto:locazin@dbmail.com\" target=\"_blank\" rel=\"noopener\">locazin@dbmail.com<\/a><\/p>\t\n\t<h4>\n\t\t\t\tDirecci\u00f3n\n\t\t\t<\/h4>\n\t\t<p><a href=\"https:\/\/www.google.fr\/maps\/place\/22+Rue+du+Ctre,+34160+Saint-Dr%C3%A9z%C3%A9ry\/@43.7333877,3.9800163,17z\/data=!3m1!4b1!4m5!3m4!1s0x12b41de486699207:0xd67674be96e84b28!8m2!3d43.7333877!4d3.982205\" target=\"_blank\" rel=\"noopener\">Rue du Centre, 22<\/a><br \/><a href=\"\/es\/_wp_link_placeholder\/\">34160 Saint-Dr\u00e9z\u00e9ry<\/a><\/p>\t\n\t\t\t<a href=\"https:\/\/lapparan.fr\/es\/contact\/\" target=\"_self\" role=\"button\" rel=\"noopener\">\n\t\t\t\t\t\t\tEnv\u00edanos un mensaje\n\t\t<\/a>","protected":false},"excerpt":{"rendered":"<p>Bienvenue \u00e0 la Maison de Lapparan G\u00eetes et chambres d&rsquo;h\u00f4tes de charme Proches de Montpellier, entre plage et garrigue, d\u00e9couvrez nos g\u00eetes et chambres d&rsquo;h\u00f4tes pouvant accueillir de 2 \u00e0 17 personnes. G\u00eete pour 4 \u00e0 5 personnes Rez-de-chauss\u00e9e d&rsquo;une maison en pierre, pour 4 \u00e0 5 personnes G\u00eete jusqu&rsquo;\u00e0 17 personnes Jolie maison en [&hellip;]<\/p>","protected":false},"author":2,"featured_media":0,"parent":0,"menu_order":0,"comment_status":"closed","ping_status":"closed","template":"","meta":{"_seopress_robots_primary_cat":"","_seopress_titles_title":"","_seopress_titles_desc":"","_seopress_robots_index":"","inline_featured_image":false,"site-sidebar-layout":"no-sidebar","site-content-layout":"page-builder","ast-site-content-layout":"default","site-content-style":"default","site-sidebar-style":"default","ast-global-header-display":"","ast-banner-title-visibility":"","ast-main-header-display":"","ast-hfb-above-header-display":"","ast-hfb-below-header-display":"","ast-hfb-mobile-header-display":"","site-post-title":"disabled","ast-breadcrumbs-content":"","ast-featured-img":"disabled","footer-sml-layout":"","ast-disable-related-posts":"","theme-transparent-header-meta":"disabled","adv-header-id-meta":"","stick-header-meta":"default","header-above-stick-meta":"","header-main-stick-meta":"","header-below-stick-meta":"","astra-migrate-meta-layouts":"default","ast-page-background-enabled":"default","ast-page-background-meta":{"desktop":{"background-color":"","background-image":"","background-repeat":"repeat","background-position":"center center","background-size":"auto","background-attachment":"scroll","background-type":"","background-media":"","overlay-type":"","overlay-color":"","overlay-opacity":"","overlay-gradient":""},"tablet":{"background-color":"","background-image":"","background-repeat":"repeat","background-position":"center center","background-size":"auto","background-attachment":"scroll","background-type":"","background-media":"","overlay-type":"","overlay-color":"","overlay-opacity":"","overlay-gradient":""},"mobile":{"background-color":"","background-image":"","background-repeat":"repeat","background-position":"center center","background-size":"auto","background-attachment":"scroll","background-type":"","background-media":"","overlay-type":"","overlay-color":"","overlay-opacity":"","overlay-gradient":""}},"ast-content-background-meta":{"desktop":{"background-color":"var(--ast-global-color-5)","background-image":"","background-repeat":"repeat","background-position":"center center","background-size":"auto","background-attachment":"scroll","background-type":"","background-media":"","overlay-type":"","overlay-color":"","overlay-opacity":"","overlay-gradient":""},"tablet":{"background-color":"var(--ast-global-color-5)","background-image":"","background-repeat":"repeat","background-position":"center center","background-size":"auto","background-attachment":"scroll","background-type":"","background-media":"","overlay-type":"","overlay-color":"","overlay-opacity":"","overlay-gradient":""},"mobile":{"background-color":"var(--ast-global-color-5)","background-image":"","background-repeat":"repeat","background-position":"center center","background-size":"auto","background-attachment":"scroll","background-type":"","background-media":"","overlay-type":"","overlay-color":"","overlay-opacity":"","overlay-gradient":""}},"footnotes":""},"class_list":["post-282","page","type-page","status-publish","hentry"],"_links":{"self":[{"href":"https:\/\/lapparan.fr\/es\/wp-json\/wp\/v2\/pages\/282","targetHints":{"allow":["GET"]}}],"collection":[{"href":"https:\/\/lapparan.fr\/es\/wp-json\/wp\/v2\/pages"}],"about":[{"href":"https:\/\/lapparan.fr\/es\/wp-json\/wp\/v2\/types\/page"}],"author":[{"embeddable":true,"href":"https:\/\/lapparan.fr\/es\/wp-json\/wp\/v2\/users\/2"}],"replies":[{"embeddable":true,"href":"https:\/\/lapparan.fr\/es\/wp-json\/wp\/v2\/comments?post=282"}],"version-history":[{"count":0,"href":"https:\/\/lapparan.fr\/es\/wp-json\/wp\/v2\/pages\/282\/revisions"}],"wp:attachment":[{"href":"https:\/\/lapparan.fr\/es\/wp-json\/wp\/v2\/media?parent=282"}],"curies":[{"name":"wp","href":"https:\/\/api.w.org\/{rel}","templated":true}]}}