{"id":681,"date":"2021-03-15T11:42:38","date_gmt":"2021-03-15T10:42:38","guid":{"rendered":"http:\/\/lapparanfr.enseignes-montpellier.com\/?page_id=681"},"modified":"2021-04-18T15:37:30","modified_gmt":"2021-04-18T13:37:30","slug":"la-region","status":"publish","type":"page","link":"https:\/\/lapparan.fr\/es\/la-region\/","title":{"rendered":"La Regi\u00f3n"},"content":{"rendered":"<h2>Descubra nuestra regi\u00f3n<\/h2>\t\t\t\n\t\t\t\t<p>Nuestra regi\u00f3n es un gran lugar para explorar y ofrece muchas oportunidades para disfrutar.<\/p>\n\t\t\t\t\t\t\t\t\t\t\t<img decoding=\"async\" src=\"https:\/\/lapparan.fr\/wp-content\/uploads\/2021\/04\/riviere1.jpg\" alt=\"r\u00edo1\"\/>\n\t\t\t\t\t<p>Mar o r\u00edo<\/p>\t\t\t\t\t\n\t\t\t<a href=\"https:\/\/lapparan.fr\/es\/la-baignade\/\" target=\"_blank\" rel=\"noopener\" role=\"button\">\n\t\t\t\t\t\t\t\u00bfD\u00f3nde nadar?\n\t\t<\/a>\n\t\t\t\t\t\t<h5>\n\t\t\t\t\t\tNataci\u00f3n\t\t<\/h5>\n\t\t\t\t\t\t\t\t\t\t\t<img decoding=\"async\" src=\"https:\/\/lapparan.fr\/wp-content\/uploads\/2021\/04\/1200x800.jpg\" alt=\"1200x800\"\/>\n\t\t\t\t\t<p>Montpellier, N\u00eemes, S\u00e8te, Aigues-Mortes<\/p>\t\t\t\t\t\n\t\t\t<a href=\"https:\/\/lapparan.fr\/es\/les-villes-incontournables\/\" target=\"_blank\" rel=\"noopener\" role=\"button\">\n\t\t\t\t\t\t\t\u00a1La visita est\u00e1 aqu\u00ed!\n\t\t<\/a>\n\t\t\t\t\t\t<h5>\n\t\t\t\t\t\tCiudades que no hay que perderse\t\t<\/h5>\n\t\t\t\t\t\t\t\t\t\t\t<img decoding=\"async\" src=\"https:\/\/lapparan.fr\/wp-content\/uploads\/2021\/04\/DSC_4788a.jpg1200x800.jpg\" alt=\"DSC_4788a.jpg1200x800\"\/>\n\t\t\t\t\t<p>Una ruta del vino especial \"coup de coeur\": \u00a1planifique el d\u00eda!<\/p>\t\t\t\t\t\n\t\t\t<a href=\"https:\/\/lapparan.fr\/es\/parcours-des-vins\/\" target=\"_blank\" rel=\"noopener\" role=\"button\">\n\t\t\t\t\t\t\t3, 2, 1 ... ir\n\t\t<\/a>\n\t\t\t\t\t\t<h5>\n\t\t\t\t\t\tRuta del vino\t\t<\/h5>\n\t\t\t\t\t\t\t\t\t\t\t<img decoding=\"async\" src=\"https:\/\/lapparan.fr\/wp-content\/uploads\/2021\/03\/DSC_4101-2.jpg1200x800.jpg\" alt=\"DSC_4101-2.jpg1200x800\"\/>\n\t\t\t\t\t<p>No te los puedes perder<\/p>\t\t\t\t\t\n\t\t\t<a href=\"https:\/\/lapparan.fr\/es\/les-sites-dexception\/\" target=\"_blank\" rel=\"noopener\" role=\"button\">\n\t\t\t\t\t\t\tUna muestra aqu\u00ed\n\t\t<\/a>\n\t\t\t\t\t\t<h5>\n\t\t\t\t\t\tLos sitios excepcionales\t\t<\/h5>\n\t\t\t<h5>Cont\u00e1ctenos<\/h5><h2>Reserve su estancia<\/h2>\t\t\t\n\t\t\t\t<p>No dude en ponerse en contacto con nosotros, le responderemos r\u00e1pidamente.<\/p>\n\t<h4>\n\t\t\t\tTel\u00e9fono\n\t\t\t<\/h4>\n\t\t<p><a href=\"tel:+33686515650\">+33 6 86 51 56 50<\/a><br \/>Todos los d\u00edas de 9 a 22 horas<\/p>\t\n\t<h4>\n\t\t\t\tCorreo\n\t\t\t<\/h4>\n\t\t\t\n\t<h4>\n\t\t\t\tDirecci\u00f3n\n\t\t\t<\/h4>\n\t\t\t\n\t\t\t<a href=\"https:\/\/lapparan.fr\/es\/contact\/\" target=\"_self\" role=\"button\" rel=\"noopener\">\n\t\t\t\t\t\t\tEnv\u00edanos un mensaje\n\t\t<\/a>","protected":false},"excerpt":{"rendered":"<p>D\u00e9couvrir notre R\u00e9gion Notre r\u00e9gion est propice \u00e0 la d\u00e9couverte touristique et offre de nombreuses possibilit\u00e9s de se faire plaisir. Mer ou rivi\u00e8re O\u00f9 se baigner ? La baignade Montpellier, N\u00eemes, S\u00e8te, Aigues-Mortes La visite, c&rsquo;est par ici ! Les villes incontournables Petit parcours du vin \u00ab\u00a0sp\u00e9cial coup de c\u0153ur\u00a0\u00bb:\u00a0pr\u00e9voir la journ\u00e9e! 3, 2, 1 [&hellip;]<\/p>","protected":false},"author":2,"featured_media":1586,"parent":0,"menu_order":0,"comment_status":"closed","ping_status":"closed","template":"","meta":{"_seopress_robots_primary_cat":"","_seopress_titles_title":"","_seopress_titles_desc":"","_seopress_robots_index":"","inline_featured_image":false,"site-sidebar-layout":"no-sidebar","site-content-layout":"page-builder","ast-site-content-layout":"default","site-content-style":"default","site-sidebar-style":"default","ast-global-header-display":"","ast-banner-title-visibility":"","ast-main-header-display":"","ast-hfb-above-header-display":"","ast-hfb-below-header-display":"","ast-hfb-mobile-header-display":"","site-post-title":"disabled","ast-breadcrumbs-content":"","ast-featured-img":"disabled","footer-sml-layout":"","ast-disable-related-posts":"","theme-transparent-header-meta":"default","adv-header-id-meta":"","stick-header-meta":"default","header-above-stick-meta":"","header-main-stick-meta":"","header-below-stick-meta":"","astra-migrate-meta-layouts":"default","ast-page-background-enabled":"default","ast-page-background-meta":{"desktop":{"background-color":"","background-image":"","background-repeat":"repeat","background-position":"center center","background-size":"auto","background-attachment":"scroll","background-type":"","background-media":"","overlay-type":"","overlay-color":"","overlay-opacity":"","overlay-gradient":""},"tablet":{"background-color":"","background-image":"","background-repeat":"repeat","background-position":"center center","background-size":"auto","background-attachment":"scroll","background-type":"","background-media":"","overlay-type":"","overlay-color":"","overlay-opacity":"","overlay-gradient":""},"mobile":{"background-color":"","background-image":"","background-repeat":"repeat","background-position":"center center","background-size":"auto","background-attachment":"scroll","background-type":"","background-media":"","overlay-type":"","overlay-color":"","overlay-opacity":"","overlay-gradient":""}},"ast-content-background-meta":{"desktop":{"background-color":"var(--ast-global-color-5)","background-image":"","background-repeat":"repeat","background-position":"center center","background-size":"auto","background-attachment":"scroll","background-type":"","background-media":"","overlay-type":"","overlay-color":"","overlay-opacity":"","overlay-gradient":""},"tablet":{"background-color":"var(--ast-global-color-5)","background-image":"","background-repeat":"repeat","background-position":"center center","background-size":"auto","background-attachment":"scroll","background-type":"","background-media":"","overlay-type":"","overlay-color":"","overlay-opacity":"","overlay-gradient":""},"mobile":{"background-color":"var(--ast-global-color-5)","background-image":"","background-repeat":"repeat","background-position":"center center","background-size":"auto","background-attachment":"scroll","background-type":"","background-media":"","overlay-type":"","overlay-color":"","overlay-opacity":"","overlay-gradient":""}},"footnotes":""},"class_list":["post-681","page","type-page","status-publish","has-post-thumbnail","hentry"],"_links":{"self":[{"href":"https:\/\/lapparan.fr\/es\/wp-json\/wp\/v2\/pages\/681","targetHints":{"allow":["GET"]}}],"collection":[{"href":"https:\/\/lapparan.fr\/es\/wp-json\/wp\/v2\/pages"}],"about":[{"href":"https:\/\/lapparan.fr\/es\/wp-json\/wp\/v2\/types\/page"}],"author":[{"embeddable":true,"href":"https:\/\/lapparan.fr\/es\/wp-json\/wp\/v2\/users\/2"}],"replies":[{"embeddable":true,"href":"https:\/\/lapparan.fr\/es\/wp-json\/wp\/v2\/comments?post=681"}],"version-history":[{"count":0,"href":"https:\/\/lapparan.fr\/es\/wp-json\/wp\/v2\/pages\/681\/revisions"}],"wp:featuredmedia":[{"embeddable":true,"href":"https:\/\/lapparan.fr\/es\/wp-json\/wp\/v2\/media\/1586"}],"wp:attachment":[{"href":"https:\/\/lapparan.fr\/es\/wp-json\/wp\/v2\/media?parent=681"}],"curies":[{"name":"wp","href":"https:\/\/api.w.org\/{rel}","templated":true}]}}