{"id":693,"date":"2021-03-15T13:58:19","date_gmt":"2021-03-15T12:58:19","guid":{"rendered":"http:\/\/lapparanfr.enseignes-montpellier.com\/?page_id=693"},"modified":"2021-04-18T14:47:25","modified_gmt":"2021-04-18T12:47:25","slug":"la-baignade","status":"publish","type":"page","link":"https:\/\/lapparan.fr\/es\/la-baignade\/","title":{"rendered":"Nataci\u00f3n"},"content":{"rendered":"<h2>Las playas<\/h2>\r\n<p>Muy cerca de nuestra casa rural, a unos 30 minutos, le aconsejamos <strong>las playas de Petit o Grand travers, direcci\u00f3n Carnon<\/strong> pasando por Mauguio y luego en direcci\u00f3n a La grande Motte. Llegar\u00e1 a un gran aparcamiento y a unos pasos de la playa, sin edificios, \u00a1s\u00f3lo las dunas y la playa! En algunas salidas del aparcamiento, encontrar\u00e1 duchas gratuitas.<\/p>\r\n<p>Si busca una gran playa desierta, a unos 50 minutos, <strong>direcci\u00f3n le Grau du roi, la playa de l'Espiguette<\/strong>. Parking pago y un poco de paseo para llegar al mar, pero grandes playas garantizadas.<\/p>\r\n<p>Si prefiere las playas de guijarros, dir\u00edjase a Frontignan, <strong>la playa de Aresquiers<\/strong> a unos 45 minutos de distancia. O Palavas, un peque\u00f1o y t\u00edpico puerto deportivo con sus animados restaurantes y su casino, \u00a1una oportunidad para comer un buen helado!<\/p>\r\n<h2>El r\u00edo<\/h2>\r\n<p>Nuestro lugar favorito del r\u00edo est\u00e1 a unos 40 minutos de la casa rural: <strong>St Etienne d'Issenssac<\/strong>. Hay zonas de sombra donde se puede hacer un picnic junto al r\u00edo Herault. El \u00fanico inconveniente es que la zona es muy popular, as\u00ed que hay que ir por la ma\u00f1ana para conseguir el mejor sitio. Descubra el lugar en v\u00eddeo y en im\u00e1genes <a href=\"http:\/\/www.photos-picsaintloup.fr\/saint-etienne-d-issensac.html\">aqu\u00ed<\/a>.<\/p>\r\n<p>Otro bonito lugar, un poco m\u00e1s all\u00e1 de Ganges: las Cascadas de la Vis.<\/p>\r\n<p>Posibilidad de hacer pirag\u00fcismo en St Bauzille de Putois, aqu\u00ed hay dos sugerencias: <a href=\"http:\/\/www.canoelemoulin.fr\/\" target=\"_blank\" rel=\"noopener\">Canoa Le Moulin <\/a>y <a href=\"https:\/\/canoepontsuspendu.com\/fr\">Canoa 34<\/a>.<\/p>\r\n<h5>Cont\u00e1ctenos<\/h5>\r\n<h2>Reserve su estancia<\/h2>\r\n<p>No dude en ponerse en contacto con nosotros, le responderemos r\u00e1pidamente.<\/p>\r\n<h4>Direcci\u00f3n<\/h4>\r\n<p>Rue du Centre, 22<br \/>34160 Saint-Dr\u00e9z\u00e9ry<\/p>\r\n<h4>Correo<\/h4>\r\n<p>locazin@dbmail.com<\/p>\r\n<h4>Tel\u00e9fono<\/h4>\r\n<p>06 86 51 56 50<br \/>Todos los d\u00edas de 9 a 22 horas<\/p>\r\n<p><a role=\"button\" href=\"#\" target=\"_self\" rel=\"noopener\"> Env\u00edanos un mensaje <\/a><\/p>","protected":false},"excerpt":{"rendered":"<p>Les plages Au plus pr\u00e8s de notre g\u00eete, environ 30 minutes, nous vous conseillons les plages des Petit ou Grand travers, direction Carnon en passant par Mauguio puis direction La grande Motte. Vous acc\u00e9derez \u00e0 un grand parking et \u00e0 quelques pas de la plage, pas d&rsquo;immeuble, juste les dunes et la plage ! A [&hellip;]<\/p>","protected":false},"author":2,"featured_media":1581,"parent":0,"menu_order":0,"comment_status":"closed","ping_status":"closed","template":"","meta":{"_seopress_robots_primary_cat":"","_seopress_titles_title":"","_seopress_titles_desc":"","_seopress_robots_index":"","inline_featured_image":false,"site-sidebar-layout":"no-sidebar","site-content-layout":"page-builder","ast-site-content-layout":"default","site-content-style":"default","site-sidebar-style":"default","ast-global-header-display":"","ast-banner-title-visibility":"","ast-main-header-display":"","ast-hfb-above-header-display":"","ast-hfb-below-header-display":"","ast-hfb-mobile-header-display":"","site-post-title":"disabled","ast-breadcrumbs-content":"","ast-featured-img":"disabled","footer-sml-layout":"","ast-disable-related-posts":"","theme-transparent-header-meta":"default","adv-header-id-meta":"","stick-header-meta":"default","header-above-stick-meta":"","header-main-stick-meta":"","header-below-stick-meta":"","astra-migrate-meta-layouts":"default","ast-page-background-enabled":"default","ast-page-background-meta":{"desktop":{"background-color":"","background-image":"","background-repeat":"repeat","background-position":"center center","background-size":"auto","background-attachment":"scroll","background-type":"","background-media":"","overlay-type":"","overlay-color":"","overlay-opacity":"","overlay-gradient":""},"tablet":{"background-color":"","background-image":"","background-repeat":"repeat","background-position":"center center","background-size":"auto","background-attachment":"scroll","background-type":"","background-media":"","overlay-type":"","overlay-color":"","overlay-opacity":"","overlay-gradient":""},"mobile":{"background-color":"","background-image":"","background-repeat":"repeat","background-position":"center center","background-size":"auto","background-attachment":"scroll","background-type":"","background-media":"","overlay-type":"","overlay-color":"","overlay-opacity":"","overlay-gradient":""}},"ast-content-background-meta":{"desktop":{"background-color":"var(--ast-global-color-5)","background-image":"","background-repeat":"repeat","background-position":"center center","background-size":"auto","background-attachment":"scroll","background-type":"","background-media":"","overlay-type":"","overlay-color":"","overlay-opacity":"","overlay-gradient":""},"tablet":{"background-color":"var(--ast-global-color-5)","background-image":"","background-repeat":"repeat","background-position":"center center","background-size":"auto","background-attachment":"scroll","background-type":"","background-media":"","overlay-type":"","overlay-color":"","overlay-opacity":"","overlay-gradient":""},"mobile":{"background-color":"var(--ast-global-color-5)","background-image":"","background-repeat":"repeat","background-position":"center center","background-size":"auto","background-attachment":"scroll","background-type":"","background-media":"","overlay-type":"","overlay-color":"","overlay-opacity":"","overlay-gradient":""}},"footnotes":""},"class_list":["post-693","page","type-page","status-publish","has-post-thumbnail","hentry"],"_links":{"self":[{"href":"https:\/\/lapparan.fr\/es\/wp-json\/wp\/v2\/pages\/693","targetHints":{"allow":["GET"]}}],"collection":[{"href":"https:\/\/lapparan.fr\/es\/wp-json\/wp\/v2\/pages"}],"about":[{"href":"https:\/\/lapparan.fr\/es\/wp-json\/wp\/v2\/types\/page"}],"author":[{"embeddable":true,"href":"https:\/\/lapparan.fr\/es\/wp-json\/wp\/v2\/users\/2"}],"replies":[{"embeddable":true,"href":"https:\/\/lapparan.fr\/es\/wp-json\/wp\/v2\/comments?post=693"}],"version-history":[{"count":0,"href":"https:\/\/lapparan.fr\/es\/wp-json\/wp\/v2\/pages\/693\/revisions"}],"wp:featuredmedia":[{"embeddable":true,"href":"https:\/\/lapparan.fr\/es\/wp-json\/wp\/v2\/media\/1581"}],"wp:attachment":[{"href":"https:\/\/lapparan.fr\/es\/wp-json\/wp\/v2\/media?parent=693"}],"curies":[{"name":"wp","href":"https:\/\/api.w.org\/{rel}","templated":true}]}}