{"id":709,"date":"2021-03-15T14:22:14","date_gmt":"2021-03-15T13:22:14","guid":{"rendered":"http:\/\/lapparanfr.enseignes-montpellier.com\/?page_id=709"},"modified":"2021-04-16T18:00:55","modified_gmt":"2021-04-16T16:00:55","slug":"les-marches","status":"publish","type":"page","link":"https:\/\/lapparan.fr\/es\/les-marches\/","title":{"rendered":"Los mercados"},"content":{"rendered":"<h2>\n\t\tEn Saint Dr\u00e9z\u00e9ry\n\t<\/h2>\n\t<p><strong>Todos los jueves por la ma\u00f1ana<\/strong>Peque\u00f1o mercado tradicional en Saint Dr\u00e9z\u00e9ry (frente al estadio): fruta, verdura, asador, carnicer\u00eda, marisco, queser\u00eda, plantas y flores...<\/p>\n\t\t\t\t<img decoding=\"async\" src=\"http:\/\/lapparan.frwp-content\/uploads\/2021\/03\/marche-2-1200x800-2.jpg\" alt=\"mercado 2 1200x800\" itemprop=\"image\" title=\"mercado 2 1200x800\" onerror=\"this.style.display='none'\"  \/>\n\t\t\t\t<img decoding=\"async\" src=\"http:\/\/lapparan.frwp-content\/uploads\/2021\/03\/IMG_3797.JPG-1200x800-1.jpg\" alt=\"IMG_3797.JPG 1200x800\" itemprop=\"image\" title=\"IMG_3797.JPG 1200x800\" onerror=\"this.style.display='none'\"  \/>\n\t\t\t\t<img decoding=\"async\" src=\"http:\/\/lapparan.frwp-content\/uploads\/2021\/03\/marche-1200x800-2.jpg\" alt=\"mercado 1200x800\" itemprop=\"image\" title=\"mercado 1200x800\" onerror=\"this.style.display='none'\"  \/>\n\t\t\t<h5>A pocos pasos de la Maison de Lapparan<\/h5><h1>El huerto org\u00e1nico<\/h1>\t\t\t\n\t<p>A pocos pasos de la casa rural, abierta todo el a\u00f1o: los mi\u00e9rcoles, viernes y s\u00e1bados, \u00a1un huerto y una tienda de comestibles ecol\u00f3gicos!<\/p>\n<p>En St Bauzille de Montmel, a la entrada del pueblo (a 5 kms de la casa rural) le recibir\u00e1n con una gran sonrisa en\u00a0<a href=\"https:\/\/www.facebook.com\/Le-Potager-de-Flo-Anne-431136723635795\/\" target=\"_blank\" rel=\"noopener noreferrer\">Flo y Anne<\/a>.<\/p>\n<p>Ofrecen huevos frescos, verduras cultivadas in situ, seg\u00fan la temporada, y tambi\u00e9n otras verduras de productores locales y ecol\u00f3gicos, por supuesto.<\/p>\n<p>Tambi\u00e9n encontrar\u00e1 una tienda de comestibles con productos locales, carne envasada al vac\u00edo, conservas, vino, aceite de oliva, etc.<\/p>\n<h2>\n\t\tOtros mercados\n\t<\/h2>\n\t<ul>\n\t\t<li>\t\t\n\t\t\t\t<img decoding=\"async\" src=\"http:\/\/lapparan.frwp-content\/uploads\/2021\/02\/cropped-favicon.png\" alt=\"http:\/\/lapparan.frwp-content\/uploads\/2021\/02\/cropped-favicon.png\" title=\"cropped-favicon.png\" itemprop=\"image\"\/>\n\t\t<h5>Sommi\u00e8res (a 15 minutos)<\/h5><p>Todos los s\u00e1bados por la ma\u00f1ana y a la misma hora que un mercadillo en la explanada. Se puede llegar f\u00e1cilmente aparcando a lo largo del Vidourle, en direcci\u00f3n a Quissac y cruzando el r\u00edo por el vado, se llega directamente al mercado, muy animado, sobre todo en verano.  Incluso se pueden degustar ostras con un vino blanco seco en un gran ambiente en la plaza del mercado.<\/p><\/li><li>\t\t\n\t\t\t\t<img decoding=\"async\" src=\"http:\/\/lapparan.frwp-content\/uploads\/2021\/02\/cropped-favicon.png\" alt=\"http:\/\/lapparan.frwp-content\/uploads\/2021\/02\/cropped-favicon.png\" title=\"cropped-favicon.png\" itemprop=\"image\"\/>\n\t\t<h5>Valflaun\u00e8s (a 20 minutos)<\/h5><p>El domingo por la ma\u00f1ana: Flo, Anne y su huerto org\u00e1nico, as\u00ed como varios productores locales.<\/p><\/li><li>\t\t\n\t\t\t\t<img decoding=\"async\" src=\"http:\/\/lapparan.frwp-content\/uploads\/2021\/02\/cropped-favicon.png\" alt=\"http:\/\/lapparan.frwp-content\/uploads\/2021\/02\/cropped-favicon.png\" title=\"cropped-favicon.png\" itemprop=\"image\"\/>\n\t\t<h5>Mauguio (a 20 minutos)<\/h5><p>\u00a0Un poco mas alejado, Lunel, grandes mercados el domingo a la ma\u00f1ana.<\/p><\/li><li>\t\t\n\t\t\t\t<img decoding=\"async\" src=\"http:\/\/lapparan.frwp-content\/uploads\/2021\/02\/cropped-favicon.png\" alt=\"http:\/\/lapparan.frwp-content\/uploads\/2021\/02\/cropped-favicon.png\" title=\"cropped-favicon.png\" itemprop=\"image\"\/>\n\t\t<h5>Mercados org\u00e1nicos (a 5 minutos)<\/h5><p>Los s\u00e1bados y mi\u00e9rcoles a la ma\u00f1ana en Sussargues o los domingos a la ma\u00f1ana en St Jean de Cornies.<\/p><\/li>\t<\/ul>\n\t\t\t<h5>Cont\u00e1ctenos<\/h5><h2>Reserve su estancia<\/h2>\t\t\t\n\t\t\t\t<p>No dude en ponerse en contacto con nosotros, le responderemos r\u00e1pidamente.<\/p>\n\t<h4>\n\t\t\t\tTel\u00e9fono\n\t\t\t<\/h4>\n\t\t<p><a href=\"tel:+33686515650\">+33 6 86 51 56 50<\/a><br \/>Todos los d\u00edas de 9 a 22 horas<\/p>\t\n\t<h4>\n\t\t\t\tCorreo\n\t\t\t<\/h4>\n\t\t\t\n\t<h4>\n\t\t\t\tDirecci\u00f3n\n\t\t\t<\/h4>\n\t\t\t\n\t\t\t<a href=\"https:\/\/lapparan.fr\/es\/contact\/\" target=\"_self\" role=\"button\" rel=\"noopener\">\n\t\t\t\t\t\t\tEnv\u00edanos un mensaje\n\t\t<\/a>","protected":false},"excerpt":{"rendered":"<p>\u00c0 Saint Dr\u00e9z\u00e9ry Tous les jeudis matin, petit march\u00e9 traditionnel \u00e0 Saint Dr\u00e9z\u00e9ry (face au stade) : Fruits, l\u00e9gumes, r\u00f4tisserie, boucherie, crustac\u00e9s, fromagerie, plantes et fleurs &#8230; A deux pas du g\u00eete Le potager bio A deux pas du g\u00eete, ouvert toute l&rsquo;ann\u00e9e : les mercredis, vendredis et samedis, un\u00a0potager et \u00e9picerie bio\u00a0! A St [&hellip;]<\/p>","protected":false},"author":2,"featured_media":711,"parent":0,"menu_order":0,"comment_status":"closed","ping_status":"closed","template":"","meta":{"_seopress_robots_primary_cat":"","_seopress_titles_title":"","_seopress_titles_desc":"","_seopress_robots_index":"","inline_featured_image":false,"site-sidebar-layout":"no-sidebar","site-content-layout":"page-builder","ast-site-content-layout":"default","site-content-style":"default","site-sidebar-style":"default","ast-global-header-display":"","ast-banner-title-visibility":"","ast-main-header-display":"","ast-hfb-above-header-display":"","ast-hfb-below-header-display":"","ast-hfb-mobile-header-display":"","site-post-title":"disabled","ast-breadcrumbs-content":"","ast-featured-img":"disabled","footer-sml-layout":"","ast-disable-related-posts":"","theme-transparent-header-meta":"default","adv-header-id-meta":"","stick-header-meta":"default","header-above-stick-meta":"","header-main-stick-meta":"","header-below-stick-meta":"","astra-migrate-meta-layouts":"default","ast-page-background-enabled":"default","ast-page-background-meta":{"desktop":{"background-color":"","background-image":"","background-repeat":"repeat","background-position":"center center","background-size":"auto","background-attachment":"scroll","background-type":"","background-media":"","overlay-type":"","overlay-color":"","overlay-opacity":"","overlay-gradient":""},"tablet":{"background-color":"","background-image":"","background-repeat":"repeat","background-position":"center center","background-size":"auto","background-attachment":"scroll","background-type":"","background-media":"","overlay-type":"","overlay-color":"","overlay-opacity":"","overlay-gradient":""},"mobile":{"background-color":"","background-image":"","background-repeat":"repeat","background-position":"center center","background-size":"auto","background-attachment":"scroll","background-type":"","background-media":"","overlay-type":"","overlay-color":"","overlay-opacity":"","overlay-gradient":""}},"ast-content-background-meta":{"desktop":{"background-color":"var(--ast-global-color-5)","background-image":"","background-repeat":"repeat","background-position":"center center","background-size":"auto","background-attachment":"scroll","background-type":"","background-media":"","overlay-type":"","overlay-color":"","overlay-opacity":"","overlay-gradient":""},"tablet":{"background-color":"var(--ast-global-color-5)","background-image":"","background-repeat":"repeat","background-position":"center center","background-size":"auto","background-attachment":"scroll","background-type":"","background-media":"","overlay-type":"","overlay-color":"","overlay-opacity":"","overlay-gradient":""},"mobile":{"background-color":"var(--ast-global-color-5)","background-image":"","background-repeat":"repeat","background-position":"center center","background-size":"auto","background-attachment":"scroll","background-type":"","background-media":"","overlay-type":"","overlay-color":"","overlay-opacity":"","overlay-gradient":""}},"footnotes":""},"class_list":["post-709","page","type-page","status-publish","has-post-thumbnail","hentry"],"_links":{"self":[{"href":"https:\/\/lapparan.fr\/es\/wp-json\/wp\/v2\/pages\/709","targetHints":{"allow":["GET"]}}],"collection":[{"href":"https:\/\/lapparan.fr\/es\/wp-json\/wp\/v2\/pages"}],"about":[{"href":"https:\/\/lapparan.fr\/es\/wp-json\/wp\/v2\/types\/page"}],"author":[{"embeddable":true,"href":"https:\/\/lapparan.fr\/es\/wp-json\/wp\/v2\/users\/2"}],"replies":[{"embeddable":true,"href":"https:\/\/lapparan.fr\/es\/wp-json\/wp\/v2\/comments?post=709"}],"version-history":[{"count":0,"href":"https:\/\/lapparan.fr\/es\/wp-json\/wp\/v2\/pages\/709\/revisions"}],"wp:featuredmedia":[{"embeddable":true,"href":"https:\/\/lapparan.fr\/es\/wp-json\/wp\/v2\/media\/711"}],"wp:attachment":[{"href":"https:\/\/lapparan.fr\/es\/wp-json\/wp\/v2\/media?parent=709"}],"curies":[{"name":"wp","href":"https:\/\/api.w.org\/{rel}","templated":true}]}}