{"id":740,"date":"2021-03-15T15:50:54","date_gmt":"2021-03-15T14:50:54","guid":{"rendered":"http:\/\/lapparanfr.enseignes-montpellier.com\/?page_id=740"},"modified":"2021-04-17T12:26:40","modified_gmt":"2021-04-17T10:26:40","slug":"nos-chambres-d-hotes","status":"publish","type":"page","link":"https:\/\/lapparan.fr\/es\/nos-chambres-d-hotes\/","title":{"rendered":"Alojamiento y desayuno"},"content":{"rendered":"<h2>Las 3 habitaciones de Lapparan<\/h2>\r\n<p><strong>De 2 a 4 personas<\/strong> : <strong>D\u00faplex Lapparan:<\/strong>piso de dos plantas, habitaci\u00f3n doble y cama individual + sof\u00e1 cama en el sal\u00f3n<\/p>\r\n<p><strong>De 2 a 5 personas<\/strong> : <strong>B\u00f3veda Lapparan:<\/strong>piso con 2 habitaciones dobles + cama individual en una de las habitaciones<\/p>\r\n<p><strong>De 2 a 6 personas<\/strong> : <strong>Habitaciones de Nicasio:<\/strong>suite familiar, dos habitaciones dobles, 1 habitaci\u00f3n del \u00e1tico con 2 camas individuales y 1 cama doble en la alcoba<\/p>\r\n<p><img decoding=\"async\" title=\"decoro-alto\" src=\"http:\/\/lapparan.frwp-content\/uploads\/2021\/02\/decorum-haut.png\" alt=\"decoro-alto\" \/> <img decoding=\"async\" title=\"d\u00faplex2\" src=\"http:\/\/lapparan.frwp-content\/uploads\/2021\/03\/duplex2.jpg\" alt=\"d\u00faplex2\" \/><\/p>\r\n<h4>D\u00faplex Lapparan:<\/h4>\r\n<p><strong>Para 2 a 4 personas.<br \/><\/strong>M\u00e1s que una habitaci\u00f3n de invitados, se entra en una casa de campo totalmente equipada...<\/p>\r\n<p><a role=\"button\" href=\"https:\/\/lapparan.fr\/es\/le-duplex-de-lapparan-2-a-4-personnes\/\" target=\"_self\" rel=\"noopener\"> Leer m\u00e1s <\/a> <img decoding=\"async\" title=\"decoro-alto\" src=\"http:\/\/lapparan.frwp-content\/uploads\/2021\/02\/decorum-haut.png\" alt=\"decoro-alto\" \/> <img decoding=\"async\" title=\"gite4-12\" src=\"http:\/\/lapparan.frwp-content\/uploads\/2021\/03\/gite4-12.jpg\" alt=\"Habitaci\u00f3n abovedada (planta baja)\" \/><\/p>\r\n<h4>B\u00f3veda Lapparan:<\/h4>\r\n<p><strong>Para 2 a 5 personas.<br \/><\/strong>Peque\u00f1o apartamento en la planta baja con todas las comodidades, con 2 peque\u00f1as terrazas ...<\/p>\r\n<p><a role=\"button\" href=\"https:\/\/lapparan.fr\/es\/la-voute-de-lapparan\/\" target=\"_self\" rel=\"noopener\"> Leer m\u00e1s <\/a> <img decoding=\"async\" title=\"decoro-alto\" src=\"http:\/\/lapparan.frwp-content\/uploads\/2021\/02\/decorum-haut.png\" alt=\"decoro-alto\" \/> <img decoding=\"async\" title=\"IMG_3235 [HDTV (1080)]\" src=\"http:\/\/lapparan.frwp-content\/uploads\/2021\/03\/IMG_3235-HDTV-1080.jpg\" alt=\"IMG_3235 [HDTV (1080)]\" \/><\/p>\r\n<h4>Habitaciones de Nicasio:<\/h4>\r\n<p><strong>Para 2 a 6 personas.<br \/><\/strong>3 habitaciones at\u00edpicas en el 1er piso de una casa de pueblo ...<\/p>\r\n<p><a role=\"button\" href=\"https:\/\/lapparan.fr\/es\/les-chambres-de-nicaise\/\" target=\"_self\" rel=\"noopener\"> Leer m\u00e1s <\/a><\/p>\r\n<h5>Cont\u00e1ctenos<\/h5>\r\n<h2>Reserve su estancia<\/h2>\r\n<p>No dude en ponerse en contacto con nosotros, le responderemos r\u00e1pidamente.<\/p>\r\n<h4>Tel\u00e9fono<\/h4>\r\n<p><a href=\"tel:+33686515650\">+33 6 86 51 56 50<\/a><br \/>Todos los d\u00edas de 9 a 22 horas<\/p>\r\n<h4>Correo<\/h4>\r\n<h4>Direcci\u00f3n<\/h4>\r\n<p><a role=\"button\" href=\"https:\/\/lapparan.fr\/es\/contact\/\" target=\"_self\" rel=\"noopener\"> Env\u00edanos un mensaje <\/a><\/p>","protected":false},"excerpt":{"rendered":"<p>Les 3 chambres d&rsquo;h\u00f4tes de Lapparan Vous \u00eates de 2 \u00e0 4 personnes : Le Duplex de Lapparan, maisonnette, chambre double et lit simple + canap\u00e9 convertible dans le salon Vous \u00eates de 2 \u00e0 5 personnes : La Vo\u00fbte de Lapparan, maisonnette, 2 chambres doubles + 1 lit individuel dans 1 des 2 chambres [&hellip;]<\/p>","protected":false},"author":2,"featured_media":1259,"parent":0,"menu_order":0,"comment_status":"closed","ping_status":"closed","template":"","meta":{"_seopress_robots_primary_cat":"","_seopress_titles_title":"Chambres d&#039;H\u00f4tes - La Maison de Lapparan","_seopress_titles_desc":"D\u00e9couvrez les 3 chambres d&#039;h\u00f4tes de la Maison de Lapparan. De 2 \u00e0 6 personnes, des chambres pleines de charme, d\u00e9cor\u00e9es avec go\u00fbt et tout confort.","_seopress_robots_index":"","inline_featured_image":false,"site-sidebar-layout":"no-sidebar","site-content-layout":"page-builder","ast-site-content-layout":"default","site-content-style":"default","site-sidebar-style":"default","ast-global-header-display":"","ast-banner-title-visibility":"","ast-main-header-display":"","ast-hfb-above-header-display":"","ast-hfb-below-header-display":"","ast-hfb-mobile-header-display":"","site-post-title":"disabled","ast-breadcrumbs-content":"","ast-featured-img":"disabled","footer-sml-layout":"","ast-disable-related-posts":"","theme-transparent-header-meta":"default","adv-header-id-meta":"","stick-header-meta":"default","header-above-stick-meta":"","header-main-stick-meta":"","header-below-stick-meta":"","astra-migrate-meta-layouts":"default","ast-page-background-enabled":"default","ast-page-background-meta":{"desktop":{"background-color":"","background-image":"","background-repeat":"repeat","background-position":"center center","background-size":"auto","background-attachment":"scroll","background-type":"","background-media":"","overlay-type":"","overlay-color":"","overlay-opacity":"","overlay-gradient":""},"tablet":{"background-color":"","background-image":"","background-repeat":"repeat","background-position":"center center","background-size":"auto","background-attachment":"scroll","background-type":"","background-media":"","overlay-type":"","overlay-color":"","overlay-opacity":"","overlay-gradient":""},"mobile":{"background-color":"","background-image":"","background-repeat":"repeat","background-position":"center center","background-size":"auto","background-attachment":"scroll","background-type":"","background-media":"","overlay-type":"","overlay-color":"","overlay-opacity":"","overlay-gradient":""}},"ast-content-background-meta":{"desktop":{"background-color":"var(--ast-global-color-5)","background-image":"","background-repeat":"repeat","background-position":"center center","background-size":"auto","background-attachment":"scroll","background-type":"","background-media":"","overlay-type":"","overlay-color":"","overlay-opacity":"","overlay-gradient":""},"tablet":{"background-color":"var(--ast-global-color-5)","background-image":"","background-repeat":"repeat","background-position":"center center","background-size":"auto","background-attachment":"scroll","background-type":"","background-media":"","overlay-type":"","overlay-color":"","overlay-opacity":"","overlay-gradient":""},"mobile":{"background-color":"var(--ast-global-color-5)","background-image":"","background-repeat":"repeat","background-position":"center center","background-size":"auto","background-attachment":"scroll","background-type":"","background-media":"","overlay-type":"","overlay-color":"","overlay-opacity":"","overlay-gradient":""}},"footnotes":""},"class_list":["post-740","page","type-page","status-publish","has-post-thumbnail","hentry"],"_links":{"self":[{"href":"https:\/\/lapparan.fr\/es\/wp-json\/wp\/v2\/pages\/740","targetHints":{"allow":["GET"]}}],"collection":[{"href":"https:\/\/lapparan.fr\/es\/wp-json\/wp\/v2\/pages"}],"about":[{"href":"https:\/\/lapparan.fr\/es\/wp-json\/wp\/v2\/types\/page"}],"author":[{"embeddable":true,"href":"https:\/\/lapparan.fr\/es\/wp-json\/wp\/v2\/users\/2"}],"replies":[{"embeddable":true,"href":"https:\/\/lapparan.fr\/es\/wp-json\/wp\/v2\/comments?post=740"}],"version-history":[{"count":0,"href":"https:\/\/lapparan.fr\/es\/wp-json\/wp\/v2\/pages\/740\/revisions"}],"wp:featuredmedia":[{"embeddable":true,"href":"https:\/\/lapparan.fr\/es\/wp-json\/wp\/v2\/media\/1259"}],"wp:attachment":[{"href":"https:\/\/lapparan.fr\/es\/wp-json\/wp\/v2\/media?parent=740"}],"curies":[{"name":"wp","href":"https:\/\/api.w.org\/{rel}","templated":true}]}}