{"id":797,"date":"2021-03-22T13:59:42","date_gmt":"2021-03-22T12:59:42","guid":{"rendered":"http:\/\/lapparanfr.enseignes-montpellier.com\/?page_id=797"},"modified":"2024-02-14T18:17:47","modified_gmt":"2024-02-14T17:17:47","slug":"le-gite-pour-6-a-12-personnes","status":"publish","type":"page","link":"https:\/\/lapparan.fr\/es\/le-gite-pour-6-a-12-personnes\/","title":{"rendered":"La casa rural para 6 a 12 personas"},"content":{"rendered":"<h2>Su casa rural<\/h2>\t\t\t\n\t\t\t\t<p>At\u00edpico, en el centro de un encantador pueblecito, primer y segundo piso de una casa de piedra de 100 m2, para 6 a 12 personas (incluidos 2 ni\u00f1os).<\/p>\n<p>Muy luminoso y ventilado, se puede disfrutar de una gran cocina y un sal\u00f3n que se abre a una hermosa terraza para las comidas o el desayuno.<\/p>\n\t<ul>\n\t\t<li>\t\t\n\t\t\t\t<img decoding=\"async\" src=\"http:\/\/lapparan.frwp-content\/uploads\/2021\/02\/cropped-favicon.png\" alt=\"http:\/\/lapparan.frwp-content\/uploads\/2021\/02\/cropped-favicon.png\" title=\"cropped-favicon.png\" itemprop=\"image\"\/>\n\t\t1 cocina<\/li><li>\t\t\n\t\t\t\t<img decoding=\"async\" src=\"http:\/\/lapparan.frwp-content\/uploads\/2021\/02\/cropped-favicon.png\" alt=\"http:\/\/lapparan.frwp-content\/uploads\/2021\/02\/cropped-favicon.png\" title=\"cropped-favicon.png\" itemprop=\"image\"\/>\n\t\t1 sala de estar (TV, mini equipo de m\u00fasica...)<\/li><li>\t\t\n\t\t\t\t<img decoding=\"async\" src=\"http:\/\/lapparan.frwp-content\/uploads\/2021\/02\/cropped-favicon.png\" alt=\"http:\/\/lapparan.frwp-content\/uploads\/2021\/02\/cropped-favicon.png\" title=\"cropped-favicon.png\" itemprop=\"image\"\/>\n\t\t1 terraza (barbacoa, mesa de comedor)<\/li><li>\t\t\n\t\t\t\t<img decoding=\"async\" src=\"http:\/\/lapparan.frwp-content\/uploads\/2021\/02\/cropped-favicon.png\" alt=\"http:\/\/lapparan.frwp-content\/uploads\/2021\/02\/cropped-favicon.png\" title=\"cropped-favicon.png\" itemprop=\"image\"\/>\n\t\t2 ba\u00f1os, 1 con WC<\/li><li>\t\t\n\t\t\t\t<img decoding=\"async\" src=\"http:\/\/lapparan.frwp-content\/uploads\/2021\/02\/cropped-favicon.png\" alt=\"http:\/\/lapparan.frwp-content\/uploads\/2021\/02\/cropped-favicon.png\" title=\"cropped-favicon.png\" itemprop=\"image\"\/>\n\t\t1 aseo independiente<\/li><li>\t\t\n\t\t\t\t<img decoding=\"async\" src=\"http:\/\/lapparan.frwp-content\/uploads\/2021\/02\/cropped-favicon.png\" alt=\"http:\/\/lapparan.frwp-content\/uploads\/2021\/02\/cropped-favicon.png\" title=\"cropped-favicon.png\" itemprop=\"image\"\/>\n\t\t1 aparcamiento privado en el patio para 1 o 2 veh\u00edculos<\/li>\t<\/ul>\n\t<ul>\n\t\t<li>\t\t\n\t\t\t\t<img decoding=\"async\" src=\"http:\/\/lapparan.frwp-content\/uploads\/2021\/02\/cropped-favicon.png\" alt=\"http:\/\/lapparan.frwp-content\/uploads\/2021\/02\/cropped-favicon.png\" title=\"cropped-favicon.png\" itemprop=\"image\"\/>\n\t\tLa habitaci\u00f3n de piedra: 1 cama doble<\/li><li>\t\t\n\t\t\t\t<img decoding=\"async\" src=\"http:\/\/lapparan.frwp-content\/uploads\/2021\/02\/cropped-favicon.png\" alt=\"http:\/\/lapparan.frwp-content\/uploads\/2021\/02\/cropped-favicon.png\" title=\"cropped-favicon.png\" itemprop=\"image\"\/>\n\t\tLa habitaci\u00f3n gris: 1 cama doble<\/li><li>\t\t\n\t\t\t\t<img decoding=\"async\" src=\"http:\/\/lapparan.frwp-content\/uploads\/2021\/02\/cropped-favicon.png\" alt=\"http:\/\/lapparan.frwp-content\/uploads\/2021\/02\/cropped-favicon.png\" title=\"cropped-favicon.png\" itemprop=\"image\"\/>\n\t\tLa habitaci\u00f3n del bar: 1 cama doble<\/li><li>\t\t\n\t\t\t\t<img decoding=\"async\" src=\"http:\/\/lapparan.frwp-content\/uploads\/2021\/02\/cropped-favicon.png\" alt=\"http:\/\/lapparan.frwp-content\/uploads\/2021\/02\/cropped-favicon.png\" title=\"cropped-favicon.png\" itemprop=\"image\"\/>\n\t\tLa chambre Mamie: 1 cama individual<\/li><li>\t\t\n\t\t\t\t<img decoding=\"async\" src=\"http:\/\/lapparan.frwp-content\/uploads\/2021\/02\/cropped-favicon.png\" alt=\"http:\/\/lapparan.frwp-content\/uploads\/2021\/02\/cropped-favicon.png\" title=\"cropped-favicon.png\" itemprop=\"image\"\/>\n\t\tLa habitaci\u00f3n de la alcoba: 1 cama doble, 1 cama individual, 2 camas individuales en la alcoba m\u00e1s bien para ni\u00f1os. El acceso a la sala de la alcoba es a trav\u00e9s de la sala Mamie.<\/li>\t<\/ul>\n<h2>\n\t\tVisita virtual\n\t<\/h2>\n\t<iframe allowfullscreen allow=\"autoplay\" data-src=\"https:\/\/player.vimeo.com\/video\/734690116?color&amp;autopause=0&amp;loop=0&amp;muted=0&amp;title=0&amp;portrait=0&amp;byline=0&amp;h\"><\/iframe>\t\t\n\t\t\t\t\tPlay Video\n\t\t\t\t<img decoding=\"async\" src=\"http:\/\/lapparan.frwp-content\/uploads\/2021\/02\/decorum-haut.png\" alt=\"decoro-alto\" itemprop=\"image\" title=\"decoro-alto\" onerror=\"this.style.display='none'\"  \/>\n\t\t\t<h2>Las tarifas<\/h2>\t\t\t\n\t\t\t\t<table>\n\t\t\t\t\t<thead>\n\t\t\t\t\t\t\t\t\t\t\t\t\t\t<tr>\n\t\t\t\t\t\t\t\t\t\t\t\t\t\t\t<th rowspan=\"\" colspan=\"\">\n\t\t\t\t\t\t\t\t\t\t\t\t\t\t\t\t\t<label>\n\t\t\t\t\t\t\t\t\t\t<\/label><label> 2 noches <\/label>\n\t\t\t\t\t\t\t\t\t\n\t\t\t\t\t\t\t\t\t\t\t\t\t\t\t\t\t<\/th>\n\t\t\t\t\t\t\t\t\t\t\t\t\t\t<th rowspan=\"\" colspan=\"\">\n\t\t\t\t\t\t\t\t\t\t\t\t\t\t\t\t\t<label>\n\t\t\t\t\t\t\t\t\t\t<\/label><label> 3 noches <\/label>\n\t\t\t\t\t\t\t\t\t\n\t\t\t\t\t\t\t\t\t\t\t\t\t\t\t\t\t<\/th>\n\t\t\t\t\t\t\t\t\t\t\t\t\t\t<th rowspan=\"\" colspan=\"\">\n\t\t\t\t\t\t\t\t\t\t\t\t\t\t\t\t\t<label>\n\t\t\t\t\t\t\t\t\t\t<\/label><label> 4 noches <\/label>\n\t\t\t\t\t\t\t\t\t\n\t\t\t\t\t\t\t\t\t\t\t\t\t\t\t\t\t<\/th>\n\t\t\t\t\t\t\t\t\t\t\t\t\t\t<th rowspan=\"\" colspan=\"\">\n\t\t\t\t\t\t\t\t\t\t\t\t\t\t\t\t\t<label>\n\t\t\t\t\t\t\t\t\t\t<\/label><label> 5 noches <\/label>\n\t\t\t\t\t\t\t\t\t\n\t\t\t\t\t\t\t\t\t\t\t\t\t\t\t\t\t<\/th>\n\t\t\t\t\t\t\t\t\t\t\t\t\t\t<th rowspan=\"\" colspan=\"\">\n\t\t\t\t\t\t\t\t\t\t\t\t\t\t\t\t\t<label>\n\t\t\t\t\t\t\t\t\t\t<\/label><label> Semana <\/label>\n\t\t\t\t\t\t\t\t\t\n\t\t\t\t\t\t\t\t\t\t\t\t\t\t\t\t\t<\/th>\n\t\t\t\t\t\t\t\t\t\t\t<\/tr><\/thead>\n\t\t\t\t\t<tbody>\n\t\t\t\t\t\t\t\t\t\t\t\t\t\t\t<tr>\n\t\t\t\t\t\t\t\t\t\t\t\t\t\t\t\t\t\t\t\t<td colspan=\"\" rowspan=\"\">\n\t\t\t\t\t\t\t\t\t\t\t\t\t\t\t\t\t\t\t\t\t\t\t 560 \u20ac \n\t\t\t\t\t\t\t\t\t\t\t\t\t\t\t\t\t\t\t\t\t\t\t<\/td>\n\t\t\t\t\t\t\t\t\t\t\t\t\t\t\t\t<td colspan=\"\" rowspan=\"\">\n\t\t\t\t\t\t\t\t\t\t\t\t\t\t\t\t\t\t\t\t\t\t\t 800 \u20ac \n\t\t\t\t\t\t\t\t\t\t\t\t\t\t\t\t\t\t\t\t\t\t\t<\/td>\n\t\t\t\t\t\t\t\t\t\t\t\t\t\t\t\t<td colspan=\"\" rowspan=\"\">\n\t\t\t\t\t\t\t\t\t\t\t\t\t\t\t\t\t\t\t\t\t\t\t 1 000 \u20ac \n\t\t\t\t\t\t\t\t\t\t\t\t\t\t\t\t\t\t\t\t\t\t\t<\/td>\n\t\t\t\t\t\t\t\t\t\t\t\t\t\t\t\t<td colspan=\"\" rowspan=\"\">\n\t\t\t\t\t\t\t\t\t\t\t\t\t\t\t\t\t\t\t\t\t\t\t 1 200 \u20ac \n\t\t\t\t\t\t\t\t\t\t\t\t\t\t\t\t\t\t\t\t\t\t\t<\/td>\n\t\t\t\t\t\t\t\t\t\t\t\t\t\t\t\t<td colspan=\"\" rowspan=\"\">\n\t\t\t\t\t\t\t\t\t\t\t\t\t\t\t\t\t\t\t\t\t\t\t 1 600 \u20ac \n\t\t\t\t\t\t\t\t\t\t\t\t\t\t\t\t\t\t\t\t\t\t\t<\/td>\n\t\t\t\t\t\t\t\t\t\t\t<\/tr><\/tbody>\n\t\t\t\t<\/table>\n\t<p>Para su seguridad, redactamos un contrato para cada alquiler.<\/p>\n\t<p>Para el periodo de invierno, del 1 de noviembre al 31 de marzo, a\u00f1ada un cargo por calefacci\u00f3n de 20 euros al d\u00eda.<\/p>\n<p>\u00c0 ces tarifs, il convient de rajouter la taxe de s\u00e9jour de 7.20% du prix de la location, per\u00e7ue par Montpellier M\u00e9diterran\u00e9e M\u00e9tropole.<\/p>\n\t\t\t<h2>El equipo<\/h2>\t\t\t\n<p>Las camas est\u00e1n hechas, s\u00f3lo hay que llevar las toallas, el jab\u00f3n, el champ\u00fa, el gel de ducha...<\/p>\n<p>Mientras hace sus primeras compras, encontrar\u00e1 un m\u00ednimo de az\u00facar, sal, pimienta y caf\u00e9. Para facilitar su llegada, usted encontrara az\u00facar, sal, caf\u00e9 y pimienta.\u00a0<\/p>\n<p>Cuando te vas, hay que hacer la limpieza, pero puedes evitarla y coger el paquete de limpieza que asciende a 50 euros.<\/p>\n\t\t\t\tCocina\n\t\t\t\tWifi, TV, Hifi\n\t\t\t\tLas ventajas\n\t\t\t\t\t\t\tCocina\n\t\t\t\t<p>Cocina de gas, frigor\u00edfico-congelador, lavavajillas, microondas, cafetera el\u00e9ctrica, cafetera espresso Senseo, hervidor el\u00e9ctrico, tostadora, batidora, robot de cocina el\u00e9ctrico, olla a presi\u00f3n, vajilla de horno, aparatos de raclette y fondue, vajilla, barbacoa...<\/p>\n<p>Productos para el hogar, bolsas de basura, toallas de papel, celofrais, papel de aluminio, pastillas de lavavajillas, papel higi\u00e9nico... tambi\u00e9n est\u00e1n disponibles<\/p>\n\t\t\t\t\t\t\tWifi, TV, Hifi\n\t\t\t\t<p>Wifi gratuito, televisi\u00f3n TNT, reproductor de DVD con una selecci\u00f3n de pel\u00edculas para j\u00f3venes y mayores, mini sistema Hifi, juegos de mesa, libros y c\u00f3mics...<\/p>\n\t\t\t\t\t\t\tAdem\u00e1s\u2026\n\t\t\t\t<p>En cada habitaci\u00f3n hay un calefactor el\u00e9ctrico regulable para el invierno y un ventilador para el verano.<\/p>\n\t\t\t<h5>Cont\u00e1ctenos<\/h5><h2>Reserve su estancia<\/h2>\t\t\t\n\t\t\t\t<p>No dude en ponerse en contacto con nosotros, le responderemos r\u00e1pidamente.<\/p>\n\t<h4>\n\t\t\t\tTel\u00e9fono\n\t\t\t<\/h4>\n\t\t\t<p><a href=\"tel:+33686515650\">+33 6 86 51 56 50<\/a><br \/>Todos los d\u00edas de 9 a 22 horas<\/p>\t\n\t<h4>\n\t\t\t\tCorreo\n\t\t\t<\/h4>\n\t\t\t<p><a href=\"mailto:locazin@dbmail.com\" target=\"_blank\" rel=\"noopener\">locazin@dbmail.com<\/a><\/p>\t\n\t<h4>\n\t\t\t\tDirecci\u00f3n\n\t\t\t<\/h4>\n\t\t\t<p><a href=\"https:\/\/www.google.fr\/maps\/place\/22+Rue+du+Ctre,+34160+Saint-Dr%C3%A9z%C3%A9ry\/@43.7333877,3.9800163,17z\/data=!3m1!4b1!4m5!3m4!1s0x12b41de486699207:0xd67674be96e84b28!8m2!3d43.7333877!4d3.982205\" target=\"_blank\" rel=\"noopener\">Rue du Centre, 22<\/a><br \/><a href=\"\/es\/_wp_link_placeholder\/\">34160 Saint-Dr\u00e9z\u00e9ry<\/a><\/p>\t\n\t\t\t<a href=\"https:\/\/lapparan.fr\/es\/contact\/\" target=\"_self\" role=\"button\" aria-label=\"Env\u00edanos un mensaje\" rel=\"noopener\">\n\t\t\t\t\t\t\tEnv\u00edanos un mensaje\n\t\t<\/a>","protected":false},"excerpt":{"rendered":"<p>Votre g\u00eete Atypique, au centre d&rsquo;un charmant petit village , premier et deuxi\u00e8me \u00e9tage d&rsquo;une maison en pierre d&rsquo;une surface de 100 m2, pour 6 \u00e0 12 personnes (dont 2 enfants). Tr\u00e8s lunimeux et a\u00e9r\u00e9, vous pourrez appr\u00e9cier une grande cuisine et un salon qui donne sur une belle terrasse pour les repas ou les [&hellip;]<\/p>","protected":false},"author":5,"featured_media":806,"parent":0,"menu_order":0,"comment_status":"closed","ping_status":"closed","template":"","meta":{"_seopress_robots_primary_cat":"","_seopress_titles_title":"","_seopress_titles_desc":"","_seopress_robots_index":"","inline_featured_image":false,"site-sidebar-layout":"no-sidebar","site-content-layout":"page-builder","ast-site-content-layout":"default","site-content-style":"default","site-sidebar-style":"default","ast-global-header-display":"","ast-banner-title-visibility":"","ast-main-header-display":"","ast-hfb-above-header-display":"","ast-hfb-below-header-display":"","ast-hfb-mobile-header-display":"","site-post-title":"disabled","ast-breadcrumbs-content":"","ast-featured-img":"disabled","footer-sml-layout":"","ast-disable-related-posts":"","theme-transparent-header-meta":"default","adv-header-id-meta":"","stick-header-meta":"default","header-above-stick-meta":"","header-main-stick-meta":"","header-below-stick-meta":"","astra-migrate-meta-layouts":"default","ast-page-background-enabled":"default","ast-page-background-meta":{"desktop":{"background-color":"","background-image":"","background-repeat":"repeat","background-position":"center center","background-size":"auto","background-attachment":"scroll","background-type":"","background-media":"","overlay-type":"","overlay-color":"","overlay-opacity":"","overlay-gradient":""},"tablet":{"background-color":"","background-image":"","background-repeat":"repeat","background-position":"center center","background-size":"auto","background-attachment":"scroll","background-type":"","background-media":"","overlay-type":"","overlay-color":"","overlay-opacity":"","overlay-gradient":""},"mobile":{"background-color":"","background-image":"","background-repeat":"repeat","background-position":"center center","background-size":"auto","background-attachment":"scroll","background-type":"","background-media":"","overlay-type":"","overlay-color":"","overlay-opacity":"","overlay-gradient":""}},"ast-content-background-meta":{"desktop":{"background-color":"var(--ast-global-color-5)","background-image":"","background-repeat":"repeat","background-position":"center center","background-size":"auto","background-attachment":"scroll","background-type":"","background-media":"","overlay-type":"","overlay-color":"","overlay-opacity":"","overlay-gradient":""},"tablet":{"background-color":"var(--ast-global-color-5)","background-image":"","background-repeat":"repeat","background-position":"center center","background-size":"auto","background-attachment":"scroll","background-type":"","background-media":"","overlay-type":"","overlay-color":"","overlay-opacity":"","overlay-gradient":""},"mobile":{"background-color":"var(--ast-global-color-5)","background-image":"","background-repeat":"repeat","background-position":"center center","background-size":"auto","background-attachment":"scroll","background-type":"","background-media":"","overlay-type":"","overlay-color":"","overlay-opacity":"","overlay-gradient":""}},"footnotes":""},"class_list":["post-797","page","type-page","status-publish","has-post-thumbnail","hentry"],"_links":{"self":[{"href":"https:\/\/lapparan.fr\/es\/wp-json\/wp\/v2\/pages\/797","targetHints":{"allow":["GET"]}}],"collection":[{"href":"https:\/\/lapparan.fr\/es\/wp-json\/wp\/v2\/pages"}],"about":[{"href":"https:\/\/lapparan.fr\/es\/wp-json\/wp\/v2\/types\/page"}],"author":[{"embeddable":true,"href":"https:\/\/lapparan.fr\/es\/wp-json\/wp\/v2\/users\/5"}],"replies":[{"embeddable":true,"href":"https:\/\/lapparan.fr\/es\/wp-json\/wp\/v2\/comments?post=797"}],"version-history":[{"count":0,"href":"https:\/\/lapparan.fr\/es\/wp-json\/wp\/v2\/pages\/797\/revisions"}],"wp:featuredmedia":[{"embeddable":true,"href":"https:\/\/lapparan.fr\/es\/wp-json\/wp\/v2\/media\/806"}],"wp:attachment":[{"href":"https:\/\/lapparan.fr\/es\/wp-json\/wp\/v2\/media?parent=797"}],"curies":[{"name":"wp","href":"https:\/\/api.w.org\/{rel}","templated":true}]}}