{"id":827,"date":"2021-03-22T15:17:44","date_gmt":"2021-03-22T14:17:44","guid":{"rendered":"http:\/\/lapparanfr.enseignes-montpellier.com\/?page_id=827"},"modified":"2024-04-23T16:54:50","modified_gmt":"2024-04-23T14:54:50","slug":"la-voute-de-lapparan","status":"publish","type":"page","link":"https:\/\/lapparan.fr\/es\/la-voute-de-lapparan\/","title":{"rendered":"B\u00f3veda Lapparan:"},"content":{"rendered":"<p>Planta baja de una casa de pueblo de piedra que consta de un sal\u00f3n, una cocina, un cuarto de ba\u00f1o con aseo, dos grandes dormitorios y acceso a dos terrazas.<\/p>\n<p>Para relajarse y disfrutar de la calma del pueblo en medio de los vi\u00f1edos y la garriga.\u00a0<\/p>\n\t<ul>\n\t\t<li>\t\t\n\t\t\t\t<img decoding=\"async\" src=\"http:\/\/lapparan.frwp-content\/uploads\/2021\/02\/cropped-favicon.png\" alt=\"http:\/\/lapparan.frwp-content\/uploads\/2021\/02\/cropped-favicon.png\" title=\"cropped-favicon.png\" itemprop=\"image\"\/>\n\t\tHabitaci\u00f3n abovedada: 1 cama doble <\/li><li>\t\t\n\t\t\t\t<img decoding=\"async\" src=\"http:\/\/lapparan.frwp-content\/uploads\/2021\/02\/cropped-favicon.png\" alt=\"http:\/\/lapparan.frwp-content\/uploads\/2021\/02\/cropped-favicon.png\" title=\"cropped-favicon.png\" itemprop=\"image\"\/>\n\t\tHabitaci\u00f3n azul: 1 cama doble y 1 cama individual<\/li><li>\t\t\n\t\t\t\t<img decoding=\"async\" src=\"http:\/\/lapparan.frwp-content\/uploads\/2021\/02\/cropped-favicon.png\" alt=\"http:\/\/lapparan.frwp-content\/uploads\/2021\/02\/cropped-favicon.png\" title=\"cropped-favicon.png\" itemprop=\"image\"\/>\n\t\t2 terrazas (provista de barbacoa y mesa)<\/li><li>\t\t\n\t\t\t\t<img decoding=\"async\" src=\"http:\/\/lapparan.frwp-content\/uploads\/2021\/02\/cropped-favicon.png\" alt=\"http:\/\/lapparan.frwp-content\/uploads\/2021\/02\/cropped-favicon.png\" title=\"cropped-favicon.png\" itemprop=\"image\"\/>\n\t\t1 ba\u00f1o con WC<\/li>\t<\/ul>\n\t<ul>\n\t\t<li>\t\t\n\t\t\t\t<img decoding=\"async\" src=\"http:\/\/lapparan.frwp-content\/uploads\/2021\/02\/cropped-favicon.png\" alt=\"http:\/\/lapparan.frwp-content\/uploads\/2021\/02\/cropped-favicon.png\" title=\"cropped-favicon.png\" itemprop=\"image\"\/>\n\t\t1 cocina totalmente equipada<\/li><li>\t\t\n\t\t\t\t<img decoding=\"async\" src=\"http:\/\/lapparan.frwp-content\/uploads\/2021\/02\/cropped-favicon.png\" alt=\"http:\/\/lapparan.frwp-content\/uploads\/2021\/02\/cropped-favicon.png\" title=\"cropped-favicon.png\" itemprop=\"image\"\/>\n\t\t1 sala de estar <\/li><li>\t\t\n\t\t\t\t<img decoding=\"async\" src=\"http:\/\/lapparan.frwp-content\/uploads\/2021\/02\/cropped-favicon.png\" alt=\"http:\/\/lapparan.frwp-content\/uploads\/2021\/02\/cropped-favicon.png\" title=\"cropped-favicon.png\" itemprop=\"image\"\/>\n\t\t1 comedor<\/li><li>\t\t\n\t\t\t\t<img decoding=\"async\" src=\"http:\/\/lapparan.frwp-content\/uploads\/2021\/02\/cropped-favicon.png\" alt=\"http:\/\/lapparan.frwp-content\/uploads\/2021\/02\/cropped-favicon.png\" title=\"cropped-favicon.png\" itemprop=\"image\"\/>\n\t\t2 terrazas (provista de barbacoa y mesa)<\/li>\t<\/ul>\n\t<ul>\n\t\t<li>\t\t\t\t\n\t\t<p><strong>El acceso al piso es posible para personas con movilidad reducida.<\/strong><\/p><\/li>\t<\/ul>\n<h2>\n\t\tLas ventajas de Lapparan\n\t<\/h2>\n\t<ul>\n\t\t<li>\t\t\n\t\t\t\t<img decoding=\"async\" src=\"http:\/\/lapparan.frwp-content\/uploads\/2021\/02\/cropped-favicon.png\" alt=\"http:\/\/lapparan.frwp-content\/uploads\/2021\/02\/cropped-favicon.png\" title=\"cropped-favicon.png\" itemprop=\"image\"\/>\n\t\tDesayuno continental, a la hora que m\u00e1s le convenga<\/li><li>\t\t\n\t\t\t\t<img decoding=\"async\" src=\"http:\/\/lapparan.frwp-content\/uploads\/2021\/02\/cropped-favicon.png\" alt=\"http:\/\/lapparan.frwp-content\/uploads\/2021\/02\/cropped-favicon.png\" title=\"cropped-favicon.png\" itemprop=\"image\"\/>\n\t\tToallas, champ\u00fa, jab\u00f3n y gel de ducha a su disposici\u00f3n<\/li><li>\t\t\n\t\t\t\t<img decoding=\"async\" src=\"http:\/\/lapparan.frwp-content\/uploads\/2021\/02\/cropped-favicon.png\" alt=\"http:\/\/lapparan.frwp-content\/uploads\/2021\/02\/cropped-favicon.png\" title=\"cropped-favicon.png\" itemprop=\"image\"\/>\n\t\tAparcamiento gratuito en un patio privado para 2 veh\u00edculos<\/li><li>\t\t\n\t\t\t\t<img decoding=\"async\" src=\"http:\/\/lapparan.frwp-content\/uploads\/2021\/02\/cropped-favicon.png\" alt=\"http:\/\/lapparan.frwp-content\/uploads\/2021\/02\/cropped-favicon.png\" title=\"cropped-favicon.png\" itemprop=\"image\"\/>\n\t\tWifi gratuito<\/li>\t<\/ul>\n\t<ul>\n\t\t<li>\t\t\n\t\t\t\t<img decoding=\"async\" src=\"http:\/\/lapparan.frwp-content\/uploads\/2021\/02\/cropped-favicon.png\" alt=\"http:\/\/lapparan.frwp-content\/uploads\/2021\/02\/cropped-favicon.png\" title=\"cropped-favicon.png\" itemprop=\"image\"\/>\n\t\tTelevisi\u00f3n de pantalla plana con canales TNT y mini equipo de m\u00fasica a su disposici\u00f3n.<\/li><li>\t\t\n\t\t\t\t<img decoding=\"async\" src=\"http:\/\/lapparan.frwp-content\/uploads\/2021\/02\/cropped-favicon.png\" alt=\"http:\/\/lapparan.frwp-content\/uploads\/2021\/02\/cropped-favicon.png\" title=\"cropped-favicon.png\" itemprop=\"image\"\/>\n\t\tCocina totalmente equipada: puedes preparar tus propias comidas.<\/li><li>\t\t\n\t\t\t\t<img decoding=\"async\" src=\"http:\/\/lapparan.frwp-content\/uploads\/2021\/02\/cropped-favicon.png\" alt=\"http:\/\/lapparan.frwp-content\/uploads\/2021\/02\/cropped-favicon.png\" title=\"cropped-favicon.png\" itemprop=\"image\"\/>\n\t\tPosibilidad de entrega de comidas a domicilio<\/li><li>\t\t\n\t\t\t\t<img decoding=\"async\" src=\"http:\/\/lapparan.frwp-content\/uploads\/2021\/02\/cropped-favicon.png\" alt=\"http:\/\/lapparan.frwp-content\/uploads\/2021\/02\/cropped-favicon.png\" title=\"cropped-favicon.png\" itemprop=\"image\"\/>\n\t\tPosibilidad de desayunar o comer en la terraza<\/li>\t<\/ul>\n\t\t\t<h2>Las tarifas<\/h2>\t\t\t\n\t\t\t\t<table>\n\t\t\t\t\t<thead>\n\t\t\t\t\t\t\t\t\t\t\t\t\t\t<tr>\n\t\t\t\t\t\t\t\t\t\t\t\t\t\t\t<th rowspan=\"\" colspan=\"\">\n\t\t\t\t\t\t\t\t\t\t\t\t\t\t\t\t\t<label>\n\t\t\t\t\t\t\t\t\t\t<\/label><label> N\u00famero de personas <\/label>\n\t\t\t\t\t\t\t\t\t\n\t\t\t\t\t\t\t\t\t\t\t\t\t\t\t\t\t<\/th>\n\t\t\t\t\t\t\t\t\t\t\t\t\t\t<th rowspan=\"\" colspan=\"\">\n\t\t\t\t\t\t\t\t\t\t\t\t\t\t\t\t\t<label>\n\t\t\t\t\t\t\t\t\t\t<\/label><label> 1 noche <\/label>\n\t\t\t\t\t\t\t\t\t\n\t\t\t\t\t\t\t\t\t\t\t\t\t\t\t\t\t<\/th>\n\t\t\t\t\t\t\t\t\t\t\t\t\t\t<th rowspan=\"\" colspan=\"\">\n\t\t\t\t\t\t\t\t\t\t\t\t\t\t\t\t\t<label>\n\t\t\t\t\t\t\t\t\t\t<\/label><label> 2 noches <\/label>\n\t\t\t\t\t\t\t\t\t\n\t\t\t\t\t\t\t\t\t\t\t\t\t\t\t\t\t<\/th>\n\t\t\t\t\t\t\t\t\t\t\t\t\t\t<th rowspan=\"\" colspan=\"\">\n\t\t\t\t\t\t\t\t\t\t\t\t\t\t\t\t\t<label>\n\t\t\t\t\t\t\t\t\t\t<\/label><label> 3 noches <\/label>\n\t\t\t\t\t\t\t\t\t\n\t\t\t\t\t\t\t\t\t\t\t\t\t\t\t\t\t<\/th>\n\t\t\t\t\t\t\t\t\t\t\t\t\t\t<th rowspan=\"\" colspan=\"\">\n\t\t\t\t\t\t\t\t\t\t\t\t\t\t\t\t\t<label>\n\t\t\t\t\t\t\t\t\t\t<\/label><label> 4 noches <\/label>\n\t\t\t\t\t\t\t\t\t\n\t\t\t\t\t\t\t\t\t\t\t\t\t\t\t\t\t<\/th>\n\t\t\t\t\t\t\t\t\t\t\t\t\t\t<th rowspan=\"\" colspan=\"\">\n\t\t\t\t\t\t\t\t\t\t\t\t\t\t\t\t\t<label>\n\t\t\t\t\t\t\t\t\t\t<\/label><label> 5 noches <\/label>\n\t\t\t\t\t\t\t\t\t\n\t\t\t\t\t\t\t\t\t\t\t\t\t\t\t\t\t<\/th>\n\t\t\t\t\t\t\t\t\t\t\t<\/tr><\/thead>\n\t\t\t\t\t<tbody>\n\t\t\t\t\t\t\t\t\t\t\t\t\t\t\t<tr>\n\t\t\t\t\t\t\t\t\t\t\t\t\t\t\t\t\t\t\t\t<td colspan=\"\" rowspan=\"\">\n\t\t\t\t\t\t\t\t\t\t\t\t\t\t\t 2 personas \n\t\t\t\t\t\t\t\t\t\t\t\t\t\t\t\t\t\t\t\t\t\t\t\t<\/td>\n\t\t\t\t\t\t\t\t\t\t\t\t\t\t\t\t<td colspan=\"\" rowspan=\"\">\n\t\t\t\t\t\t\t\t\t\t\t\t\t\t\t\t\t\t\t\t\t\t\t 100 \u20ac \n\t\t\t\t\t\t\t\t\t\t\t\t\t\t\t\t\t\t\t\t\t\t\t<\/td>\n\t\t\t\t\t\t\t\t\t\t\t\t\t\t\t\t<td colspan=\"\" rowspan=\"\">\n\t\t\t\t\t\t\t\t\t\t\t\t\t\t\t\t\t\t\t\t\t\t\t 190 \u20ac \n\t\t\t\t\t\t\t\t\t\t\t\t\t\t\t\t\t\t\t\t\t\t\t<\/td>\n\t\t\t\t\t\t\t\t\t\t\t\t\t\t\t\t<td colspan=\"\" rowspan=\"\">\n\t\t\t\t\t\t\t\t\t\t\t\t\t\t\t\t\t\t\t\t\t\t\t 270 \u20ac \n\t\t\t\t\t\t\t\t\t\t\t\t\t\t\t\t\t\t\t\t\t\t\t<\/td>\n\t\t\t\t\t\t\t\t\t\t\t\t\t\t\t\t<td colspan=\"\" rowspan=\"\">\n\t\t\t\t\t\t\t\t\t\t\t\t\t\t\t\t\t\t\t\t\t\t\t 340 \u20ac \n\t\t\t\t\t\t\t\t\t\t\t\t\t\t\t\t\t\t\t\t\t\t\t<\/td>\n\t\t\t\t\t\t\t\t\t\t\t\t\t\t\t\t<td colspan=\"\" rowspan=\"\">\n\t\t\t\t\t\t\t\t\t\t\t\t\t\t\t\t\t\t\t\t\t\t\t 400 \u20ac \n\t\t\t\t\t\t\t\t\t\t\t\t\t\t\t\t\t\t\t\t\t\t\t<\/td>\n\t\t\t\t\t\t\t\t\t\t\t\t\t\t\t<\/tr><tr>\n\t\t\t\t\t\t\t\t\t\t\t\t\t\t\t\t\t\t\t\t<td colspan=\"\" rowspan=\"\">\n\t\t\t\t\t\t\t\t\t\t\t\t\t\t\t 3 personas \n\t\t\t\t\t\t\t\t\t\t\t\t\t\t\t\t\t\t\t\t\t\t\t\t<\/td>\n\t\t\t\t\t\t\t\t\t\t\t\t\t\t\t\t<td colspan=\"\" rowspan=\"\">\n\t\t\t\t\t\t\t\t\t\t\t\t\t\t\t\t\t\t\t\t\t\t\t 145 \u20ac \n\t\t\t\t\t\t\t\t\t\t\t\t\t\t\t\t\t\t\t\t\t\t\t<\/td>\n\t\t\t\t\t\t\t\t\t\t\t\t\t\t\t\t<td colspan=\"\" rowspan=\"\">\n\t\t\t\t\t\t\t\t\t\t\t\t\t\t\t\t\t\t\t\t\t\t\t 270 \u20ac \n\t\t\t\t\t\t\t\t\t\t\t\t\t\t\t\t\t\t\t\t\t\t\t<\/td>\n\t\t\t\t\t\t\t\t\t\t\t\t\t\t\t\t<td colspan=\"\" rowspan=\"\">\n\t\t\t\t\t\t\t\t\t\t\t\t\t\t\t\t\t\t\t\t\t\t\t 385 \u20ac \n\t\t\t\t\t\t\t\t\t\t\t\t\t\t\t\t\t\t\t\t\t\t\t<\/td>\n\t\t\t\t\t\t\t\t\t\t\t\t\t\t\t\t<td colspan=\"\" rowspan=\"\">\n\t\t\t\t\t\t\t\t\t\t\t\t\t\t\t\t\t\t\t\t\t\t\t 485 \u20ac \n\t\t\t\t\t\t\t\t\t\t\t\t\t\t\t\t\t\t\t\t\t\t\t<\/td>\n\t\t\t\t\t\t\t\t\t\t\t\t\t\t\t\t<td colspan=\"\" rowspan=\"\">\n\t\t\t\t\t\t\t\t\t\t\t\t\t\t\t\t\t\t\t\t\t\t\t 570 \u20ac \n\t\t\t\t\t\t\t\t\t\t\t\t\t\t\t\t\t\t\t\t\t\t\t<\/td>\n\t\t\t\t\t\t\t\t\t\t\t\t\t\t\t<\/tr><tr>\n\t\t\t\t\t\t\t\t\t\t\t\t\t\t\t\t\t\t\t\t<td colspan=\"\" rowspan=\"\">\n\t\t\t\t\t\t\t\t\t\t\t\t\t\t\t 4 personas \n\t\t\t\t\t\t\t\t\t\t\t\t\t\t\t\t\t\t\t\t\t\t\t\t<\/td>\n\t\t\t\t\t\t\t\t\t\t\t\t\t\t\t\t<td colspan=\"\" rowspan=\"\">\n\t\t\t\t\t\t\t\t\t\t\t\t\t\t\t\t\t\t\t\t\t\t\t 180 \u20ac \n\t\t\t\t\t\t\t\t\t\t\t\t\t\t\t\t\t\t\t\t\t\t\t<\/td>\n\t\t\t\t\t\t\t\t\t\t\t\t\t\t\t\t<td colspan=\"\" rowspan=\"\">\n\t\t\t\t\t\t\t\t\t\t\t\t\t\t\t\t\t\t\t\t\t\t\t 340 \u20ac \n\t\t\t\t\t\t\t\t\t\t\t\t\t\t\t\t\t\t\t\t\t\t\t<\/td>\n\t\t\t\t\t\t\t\t\t\t\t\t\t\t\t\t<td colspan=\"\" rowspan=\"\">\n\t\t\t\t\t\t\t\t\t\t\t\t\t\t\t\t\t\t\t\t\t\t\t 485 \u20ac \n\t\t\t\t\t\t\t\t\t\t\t\t\t\t\t\t\t\t\t\t\t\t\t<\/td>\n\t\t\t\t\t\t\t\t\t\t\t\t\t\t\t\t<td colspan=\"\" rowspan=\"\">\n\t\t\t\t\t\t\t\t\t\t\t\t\t\t\t\t\t\t\t\t\t\t\t 610 \u20ac \n\t\t\t\t\t\t\t\t\t\t\t\t\t\t\t\t\t\t\t\t\t\t\t<\/td>\n\t\t\t\t\t\t\t\t\t\t\t\t\t\t\t\t<td colspan=\"\" rowspan=\"\">\n\t\t\t\t\t\t\t\t\t\t\t\t\t\t\t\t\t\t\t\t\t\t\t 720 \u20ac \n\t\t\t\t\t\t\t\t\t\t\t\t\t\t\t\t\t\t\t\t\t\t\t<\/td>\n\t\t\t\t\t\t\t\t\t\t\t\t\t\t\t<\/tr><tr>\n\t\t\t\t\t\t\t\t\t\t\t\t\t\t\t\t\t\t\t\t<td colspan=\"\" rowspan=\"\">\n\t\t\t\t\t\t\t\t\t\t\t\t\t\t\t 5 personas \n\t\t\t\t\t\t\t\t\t\t\t\t\t\t\t\t\t\t\t\t\t\t\t\t<\/td>\n\t\t\t\t\t\t\t\t\t\t\t\t\t\t\t\t<td colspan=\"\" rowspan=\"\">\n\t\t\t\t\t\t\t\t\t\t\t\t\t\t\t\t\t\t\t\t\t\t\t 225 \u20ac \n\t\t\t\t\t\t\t\t\t\t\t\t\t\t\t\t\t\t\t\t\t\t\t<\/td>\n\t\t\t\t\t\t\t\t\t\t\t\t\t\t\t\t<td colspan=\"\" rowspan=\"\">\n\t\t\t\t\t\t\t\t\t\t\t\t\t\t\t\t\t\t\t\t\t\t\t 430 \u20ac \n\t\t\t\t\t\t\t\t\t\t\t\t\t\t\t\t\t\t\t\t\t\t\t<\/td>\n\t\t\t\t\t\t\t\t\t\t\t\t\t\t\t\t<td colspan=\"\" rowspan=\"\">\n\t\t\t\t\t\t\t\t\t\t\t\t\t\t\t\t\t\t\t\t\t\t\t 610 \u20ac \n\t\t\t\t\t\t\t\t\t\t\t\t\t\t\t\t\t\t\t\t\t\t\t<\/td>\n\t\t\t\t\t\t\t\t\t\t\t\t\t\t\t\t<td colspan=\"\" rowspan=\"\">\n\t\t\t\t\t\t\t\t\t\t\t\t\t\t\t\t\t\t\t\t\t\t\t 765 \u20ac \n\t\t\t\t\t\t\t\t\t\t\t\t\t\t\t\t\t\t\t\t\t\t\t<\/td>\n\t\t\t\t\t\t\t\t\t\t\t\t\t\t\t\t<td colspan=\"\" rowspan=\"\">\n\t\t\t\t\t\t\t\t\t\t\t\t\t\t\t\t\t\t\t\t\t\t\t 900 \u20ac \n\t\t\t\t\t\t\t\t\t\t\t\t\t\t\t\t\t\t\t\t\t\t\t<\/td>\n\t\t\t\t\t\t\t\t\t\t\t<\/tr><\/tbody>\n\t\t\t\t<\/table>\n\t<p>Pour la p\u00e9riode hivernale du 1er novembre au 31 mars, rajouter un forfait chauffage de 10 \u20ac par chambre et par nuit.<\/p>\n<p>\u00c0 ces tarifs, il convient de rajouter la taxe de s\u00e9jour de 7.20% du prix de la location, per\u00e7ue par Montpellier M\u00e9diterran\u00e9e M\u00e9tropole.<\/p>\n\t\t\t<h5>Cont\u00e1ctenos<\/h5><h2>Reserve su estancia<\/h2>\t\t\t\n\t\t\t\t<p>No dude en ponerse en contacto con nosotros, le responderemos r\u00e1pidamente.<\/p>\n\t<h4>\n\t\t\t\tTel\u00e9fono\n\t\t\t<\/h4>\n\t\t\t<p><a href=\"tel:+33686515650\">+33 6 86 51 56 50<\/a><br \/>Todos los d\u00edas de 9 a 22 horas<\/p>\t\n\t<h4>\n\t\t\t\tCorreo\n\t\t\t<\/h4>\n\t\t\t<p><a href=\"mailto:locazin@dbmail.com\" target=\"_blank\" rel=\"noopener\">locazin@dbmail.com<\/a><\/p>\t\n\t<h4>\n\t\t\t\tDirecci\u00f3n\n\t\t\t<\/h4>\n\t\t\t<p><a href=\"https:\/\/www.google.fr\/maps\/place\/22+Rue+du+Ctre,+34160+Saint-Dr%C3%A9z%C3%A9ry\/@43.7333877,3.9800163,17z\/data=!3m1!4b1!4m5!3m4!1s0x12b41de486699207:0xd67674be96e84b28!8m2!3d43.7333877!4d3.982205\" target=\"_blank\" rel=\"noopener\">Rue du Centre, 22<\/a><br \/><a href=\"\/es\/_wp_link_placeholder\/\">34160 Saint-Dr\u00e9z\u00e9ry<\/a><\/p>\t\n\t\t\t<a href=\"https:\/\/lapparan.fr\/es\/contact\/\" target=\"_self\" role=\"button\" aria-label=\"Env\u00edanos un mensaje\" rel=\"noopener\">\n\t\t\t\t\t\t\tEnv\u00edanos un mensaje\n\t\t<\/a>","protected":false},"excerpt":{"rendered":"<p>Rez de chauss\u00e9e d&rsquo;une maison de village en pierre comprenant un salon, une cuisine, une salle de bain avec WC, deux grandes chambres et l&rsquo;acc\u00e9s \u00e0 deux terrasses. Pour se relaxer et profiter du calme du village au milieu des vignes et de la garrigue.\u00a0 La chambre vo\u00fbt\u00e9e: 1 lit double La chambre bleue: 1 [&hellip;]<\/p>","protected":false},"author":5,"featured_media":1568,"parent":0,"menu_order":0,"comment_status":"closed","ping_status":"closed","template":"","meta":{"_seopress_robots_primary_cat":"","_seopress_titles_title":"","_seopress_titles_desc":"","_seopress_robots_index":"","inline_featured_image":false,"site-sidebar-layout":"no-sidebar","site-content-layout":"page-builder","ast-site-content-layout":"full-width-container","site-content-style":"unboxed","site-sidebar-style":"unboxed","ast-global-header-display":"","ast-banner-title-visibility":"","ast-main-header-display":"","ast-hfb-above-header-display":"","ast-hfb-below-header-display":"","ast-hfb-mobile-header-display":"","site-post-title":"disabled","ast-breadcrumbs-content":"","ast-featured-img":"disabled","footer-sml-layout":"","ast-disable-related-posts":"","theme-transparent-header-meta":"default","adv-header-id-meta":"","stick-header-meta":"default","header-above-stick-meta":"","header-main-stick-meta":"","header-below-stick-meta":"","astra-migrate-meta-layouts":"set","ast-page-background-enabled":"default","ast-page-background-meta":{"desktop":{"background-color":"","background-image":"","background-repeat":"repeat","background-position":"center center","background-size":"auto","background-attachment":"scroll","background-type":"","background-media":"","overlay-type":"","overlay-color":"","overlay-opacity":"","overlay-gradient":""},"tablet":{"background-color":"","background-image":"","background-repeat":"repeat","background-position":"center center","background-size":"auto","background-attachment":"scroll","background-type":"","background-media":"","overlay-type":"","overlay-color":"","overlay-opacity":"","overlay-gradient":""},"mobile":{"background-color":"","background-image":"","background-repeat":"repeat","background-position":"center center","background-size":"auto","background-attachment":"scroll","background-type":"","background-media":"","overlay-type":"","overlay-color":"","overlay-opacity":"","overlay-gradient":""}},"ast-content-background-meta":{"desktop":{"background-color":"var(--ast-global-color-5)","background-image":"","background-repeat":"repeat","background-position":"center center","background-size":"auto","background-attachment":"scroll","background-type":"","background-media":"","overlay-type":"","overlay-color":"","overlay-opacity":"","overlay-gradient":""},"tablet":{"background-color":"var(--ast-global-color-5)","background-image":"","background-repeat":"repeat","background-position":"center center","background-size":"auto","background-attachment":"scroll","background-type":"","background-media":"","overlay-type":"","overlay-color":"","overlay-opacity":"","overlay-gradient":""},"mobile":{"background-color":"var(--ast-global-color-5)","background-image":"","background-repeat":"repeat","background-position":"center center","background-size":"auto","background-attachment":"scroll","background-type":"","background-media":"","overlay-type":"","overlay-color":"","overlay-opacity":"","overlay-gradient":""}},"footnotes":""},"class_list":["post-827","page","type-page","status-publish","has-post-thumbnail","hentry"],"_links":{"self":[{"href":"https:\/\/lapparan.fr\/es\/wp-json\/wp\/v2\/pages\/827","targetHints":{"allow":["GET"]}}],"collection":[{"href":"https:\/\/lapparan.fr\/es\/wp-json\/wp\/v2\/pages"}],"about":[{"href":"https:\/\/lapparan.fr\/es\/wp-json\/wp\/v2\/types\/page"}],"author":[{"embeddable":true,"href":"https:\/\/lapparan.fr\/es\/wp-json\/wp\/v2\/users\/5"}],"replies":[{"embeddable":true,"href":"https:\/\/lapparan.fr\/es\/wp-json\/wp\/v2\/comments?post=827"}],"version-history":[{"count":3,"href":"https:\/\/lapparan.fr\/es\/wp-json\/wp\/v2\/pages\/827\/revisions"}],"predecessor-version":[{"id":1845,"href":"https:\/\/lapparan.fr\/es\/wp-json\/wp\/v2\/pages\/827\/revisions\/1845"}],"wp:featuredmedia":[{"embeddable":true,"href":"https:\/\/lapparan.fr\/es\/wp-json\/wp\/v2\/media\/1568"}],"wp:attachment":[{"href":"https:\/\/lapparan.fr\/es\/wp-json\/wp\/v2\/media?parent=827"}],"curies":[{"name":"wp","href":"https:\/\/api.w.org\/{rel}","templated":true}]}}