{"id":856,"date":"2021-03-23T18:09:46","date_gmt":"2021-03-23T17:09:46","guid":{"rendered":"http:\/\/lapparanfr.enseignes-montpellier.com\/?page_id=856"},"modified":"2021-04-18T15:01:26","modified_gmt":"2021-04-18T13:01:26","slug":"le-village-vie-pratique","status":"publish","type":"page","link":"https:\/\/lapparan.fr\/es\/le-village-vie-pratique\/","title":{"rendered":"El pueblo - La vida cotidiana"},"content":{"rendered":"<h2>Las tiendas de Saint Dr\u00e9z\u00e9ry<\/h2>\r\n<p>Supermercado, carnicer\u00eda, panader\u00eda, charcuter\u00eda... todos los comercios locales est\u00e1n a pocos pasos.<\/p>\r\n<p><a href=\"https:\/\/magasins.spar.fr\/fr\/spar-saint-drezery\" target=\"_blank\" rel=\"noopener\"> <img decoding=\"async\" title=\"spar 1200x800\" src=\"http:\/\/lapparan.frwp-content\/uploads\/2021\/03\/spar-1200x800-1.jpg\" alt=\"spar 1200x800\" \/> <\/a> <a href=\"https:\/\/lapparan.fr\/wp-content\/uploads\/2021\/03\/boulangerie-1200x800-1.jpg\" target=\"_self\" rel=\"noopener\"> <img decoding=\"async\" title=\"panader\u00eda 1200x800\" src=\"http:\/\/lapparan.frwp-content\/uploads\/2021\/03\/boulangerie-1200x800-1.jpg\" alt=\"panader\u00eda 1200x800\" \/> <\/a> <a href=\"https:\/\/www.facebook.com\/Boucherie-du-Puech-2050534998592982\/\" target=\"_blank\" rel=\"noopener\"> <img decoding=\"async\" title=\"carnicer\u00eda 1200x800\" src=\"http:\/\/lapparan.frwp-content\/uploads\/2021\/03\/boucherie-1200x800-1.jpg\" alt=\"carnicer\u00eda 1200x800\" \/> <\/a><\/p>\r\n<h2>Restauraci\u00f3n local<\/h2>\r\n<p>Recogida en tienda o a domicilio<\/p>\r\n<ul>\r\n<li><img decoding=\"async\" title=\"cat-white-lapparan\" src=\"http:\/\/lapparan.frwp-content\/uploads\/2021\/04\/chat-blanc-lapparan.png\" alt=\"cat-white-lapparan\" \/>\r\n<h5>Los Amigos de Baco<\/h5>\r\n<p>Tapas, platos tradicionales, bodega<\/p>\r\n<\/li>\r\n<li><img decoding=\"async\" title=\"cat-white-lapparan\" src=\"http:\/\/lapparan.frwp-content\/uploads\/2021\/04\/chat-blanc-lapparan.png\" alt=\"cat-white-lapparan\" \/>\r\n<h5>Bar de aperitivos Vickees<\/h5>\r\n<p>Hamburguesas, kebabs...<\/p>\r\n<\/li>\r\n<li><img decoding=\"async\" title=\"cat-white-lapparan\" src=\"http:\/\/lapparan.frwp-content\/uploads\/2021\/04\/chat-blanc-lapparan.png\" alt=\"cat-white-lapparan\" \/>\r\n<h5>MPizza<\/h5>\r\n<\/li>\r\n<li><img decoding=\"async\" title=\"cat-white-lapparan\" src=\"http:\/\/lapparan.frwp-content\/uploads\/2021\/04\/chat-blanc-lapparan.png\" alt=\"cat-white-lapparan\" \/>\r\n<h5>Au bonheur des Saveurs<\/h5>\r\n<p>Hamburguesas y comida casera<\/p>\r\n<\/li>\r\n<\/ul>\r\n<ul>\r\n<li><img decoding=\"async\" title=\"cat-white-lapparan\" src=\"http:\/\/lapparan.frwp-content\/uploads\/2021\/04\/chat-blanc-lapparan.png\" alt=\"cat-white-lapparan\" \/>\r\n<h5>Hola Taz\u00f3n de Buda<\/h5>\r\n<p>Cocina asi\u00e1tica<\/p>\r\n<\/li>\r\n<li><img decoding=\"async\" title=\"cat-white-lapparan\" src=\"http:\/\/lapparan.frwp-content\/uploads\/2021\/04\/chat-blanc-lapparan.png\" alt=\"cat-white-lapparan\" \/>\r\n<h5>Fran\u00e7oise Ponc\u00e9<\/h5>\r\n<p>A partir de 10 personas, cusc\u00fas, paella, gardianne ...<\/p>\r\n<\/li>\r\n<li><img decoding=\"async\" title=\"cat-white-lapparan\" src=\"http:\/\/lapparan.frwp-content\/uploads\/2021\/04\/chat-blanc-lapparan.png\" alt=\"cat-white-lapparan\" \/>\r\n<h5>Mosaico Catering<\/h5>\r\n<p>A partir de 8 personas<\/p>\r\n<\/li>\r\n<\/ul>\r\n<h2>Para los ni\u00f1os<\/h2>\r\n<ul>\r\n<li><img decoding=\"async\" title=\"favicon\" src=\"http:\/\/lapparan.frwp-content\/uploads\/2021\/02\/favicon.png\" alt=\"favicon\" \/>\r\n<h5>El parque<\/h5>\r\n<p>Juegos para ni\u00f1os, explanada (bicicleta, patines...), c\u00e9sped, mesa de ping pong, zona de picnic...<\/p>\r\n<\/li>\r\n<li><img decoding=\"async\" title=\"favicon\" src=\"http:\/\/lapparan.frwp-content\/uploads\/2021\/02\/favicon.png\" alt=\"favicon\" \/>\r\n<h5>Instalaciones deportivas<\/h5>\r\n<p>Pista de baloncesto, pistas de tenis (acceso reservado), campo de f\u00fatbol<\/p>\r\n<\/li>\r\n<li><img decoding=\"async\" title=\"favicon\" src=\"http:\/\/lapparan.frwp-content\/uploads\/2021\/02\/favicon.png\" alt=\"favicon\" \/>\r\n<h5>Pumptrack<\/h5>\r\n<p>2 circuitos para 2 ruedas no motorizadas<\/p>\r\n<\/li>\r\n<\/ul>\r\n<h2>Rutas de senderismo<\/h2>\r\n<ul>\r\n<li><img decoding=\"async\" title=\"favicon\" src=\"http:\/\/lapparan.frwp-content\/uploads\/2021\/02\/favicon.png\" alt=\"favicon\" \/>\r\n<h5>La Valini\u00e8re<\/h5>\r\n<p>Longitud total: 4,75 kil\u00f3metros<br \/>Duraci\u00f3n: unas 2 horas<\/p>\r\n<\/li>\r\n<li><img decoding=\"async\" title=\"favicon\" src=\"http:\/\/lapparan.frwp-content\/uploads\/2021\/02\/favicon.png\" alt=\"favicon\" \/>\r\n<h5>Les Tourelles<\/h5>\r\n<p>Longitud total: 5 kil\u00f3metros<br \/>Duraci\u00f3n: unas 2 horas\u00a0<\/p>\r\n<\/li>\r\n<li><img decoding=\"async\" title=\"favicon\" src=\"http:\/\/lapparan.frwp-content\/uploads\/2021\/02\/favicon.png\" alt=\"favicon\" \/>\r\n<h5>Le Serre-Rond<\/h5>\r\n<p>Longitud total: 9 kil\u00f3metros<br \/>Duraci\u00f3n: 4 horas<\/p>\r\n<\/li>\r\n<\/ul>\r\n<p><img decoding=\"async\" title=\"IMG_8938.JPG1200x800\" src=\"http:\/\/lapparan.frwp-content\/uploads\/2021\/03\/IMG_8938.JPG1200x800.jpg\" alt=\"IMG_8938.JPG1200x800\" \/> <img decoding=\"async\" title=\"IMG_8950.JPG1200x800\" src=\"http:\/\/lapparan.frwp-content\/uploads\/2021\/03\/IMG_8950.JPG1200x800.jpg\" alt=\"IMG_8950.JPG1200x800\" \/><\/p>\r\n<h2>Servicios m\u00e9dicos<\/h2>\r\n<p>Consulta m\u00e9dica, consulta de enfermer\u00eda, consulta dental, farmacia, fisioterapeutas<\/p>\r\n<h5>Cont\u00e1ctenos<\/h5>\r\n<h2>Reserve su estancia<\/h2>\r\n<p>No dude en ponerse en contacto con nosotros, le responderemos r\u00e1pidamente.<\/p>\r\n<h4>Tel\u00e9fono<\/h4>\r\n<p><a href=\"tel:+33686515650\">+33 6 86 51 56 50<\/a><br \/>Todos los d\u00edas de 9 a 22 horas<\/p>\r\n<h4>Correo<\/h4>\r\n<h4>Direcci\u00f3n<\/h4>\r\n<p><a role=\"button\" href=\"https:\/\/lapparan.fr\/es\/contact\/\" target=\"_self\" rel=\"noopener\"> Env\u00edanos un mensaje <\/a><\/p>","protected":false},"excerpt":{"rendered":"<p>Les commerces de Saint Dr\u00e9z\u00e9ry Sup\u00e9rette, boucherie, boulangerie, traiteur &#8230; tous les commerces de proximit\u00e9 sont \u00e0 quelques pas. Restauration sur place \u00c0 emporter ou \u00e0 livrer Les Amis de Bacchus Tapas, plats traditionnels, cave \u00e0 vin Snack le Vickees Burgers, kebabs &#8230; MPizza Au bonheur des Saveurs Burgers et cuisine maison Allo Buddha Bowl [&hellip;]<\/p>","protected":false},"author":5,"featured_media":1585,"parent":0,"menu_order":0,"comment_status":"closed","ping_status":"closed","template":"","meta":{"_seopress_robots_primary_cat":"","_seopress_titles_title":"","_seopress_titles_desc":"","_seopress_robots_index":"","inline_featured_image":false,"site-sidebar-layout":"no-sidebar","site-content-layout":"page-builder","ast-site-content-layout":"default","site-content-style":"default","site-sidebar-style":"default","ast-global-header-display":"","ast-banner-title-visibility":"","ast-main-header-display":"","ast-hfb-above-header-display":"","ast-hfb-below-header-display":"","ast-hfb-mobile-header-display":"","site-post-title":"disabled","ast-breadcrumbs-content":"","ast-featured-img":"disabled","footer-sml-layout":"","ast-disable-related-posts":"","theme-transparent-header-meta":"default","adv-header-id-meta":"","stick-header-meta":"default","header-above-stick-meta":"","header-main-stick-meta":"","header-below-stick-meta":"","astra-migrate-meta-layouts":"default","ast-page-background-enabled":"default","ast-page-background-meta":{"desktop":{"background-color":"","background-image":"","background-repeat":"repeat","background-position":"center center","background-size":"auto","background-attachment":"scroll","background-type":"","background-media":"","overlay-type":"","overlay-color":"","overlay-opacity":"","overlay-gradient":""},"tablet":{"background-color":"","background-image":"","background-repeat":"repeat","background-position":"center center","background-size":"auto","background-attachment":"scroll","background-type":"","background-media":"","overlay-type":"","overlay-color":"","overlay-opacity":"","overlay-gradient":""},"mobile":{"background-color":"","background-image":"","background-repeat":"repeat","background-position":"center center","background-size":"auto","background-attachment":"scroll","background-type":"","background-media":"","overlay-type":"","overlay-color":"","overlay-opacity":"","overlay-gradient":""}},"ast-content-background-meta":{"desktop":{"background-color":"var(--ast-global-color-5)","background-image":"","background-repeat":"repeat","background-position":"center center","background-size":"auto","background-attachment":"scroll","background-type":"","background-media":"","overlay-type":"","overlay-color":"","overlay-opacity":"","overlay-gradient":""},"tablet":{"background-color":"var(--ast-global-color-5)","background-image":"","background-repeat":"repeat","background-position":"center center","background-size":"auto","background-attachment":"scroll","background-type":"","background-media":"","overlay-type":"","overlay-color":"","overlay-opacity":"","overlay-gradient":""},"mobile":{"background-color":"var(--ast-global-color-5)","background-image":"","background-repeat":"repeat","background-position":"center center","background-size":"auto","background-attachment":"scroll","background-type":"","background-media":"","overlay-type":"","overlay-color":"","overlay-opacity":"","overlay-gradient":""}},"footnotes":""},"class_list":["post-856","page","type-page","status-publish","has-post-thumbnail","hentry"],"_links":{"self":[{"href":"https:\/\/lapparan.fr\/es\/wp-json\/wp\/v2\/pages\/856","targetHints":{"allow":["GET"]}}],"collection":[{"href":"https:\/\/lapparan.fr\/es\/wp-json\/wp\/v2\/pages"}],"about":[{"href":"https:\/\/lapparan.fr\/es\/wp-json\/wp\/v2\/types\/page"}],"author":[{"embeddable":true,"href":"https:\/\/lapparan.fr\/es\/wp-json\/wp\/v2\/users\/5"}],"replies":[{"embeddable":true,"href":"https:\/\/lapparan.fr\/es\/wp-json\/wp\/v2\/comments?post=856"}],"version-history":[{"count":0,"href":"https:\/\/lapparan.fr\/es\/wp-json\/wp\/v2\/pages\/856\/revisions"}],"wp:featuredmedia":[{"embeddable":true,"href":"https:\/\/lapparan.fr\/es\/wp-json\/wp\/v2\/media\/1585"}],"wp:attachment":[{"href":"https:\/\/lapparan.fr\/es\/wp-json\/wp\/v2\/media?parent=856"}],"curies":[{"name":"wp","href":"https:\/\/api.w.org\/{rel}","templated":true}]}}